{"id":2072,"date":"2024-03-14T22:02:41","date_gmt":"2024-03-15T03:02:41","guid":{"rendered":"https:\/\/vidasupport.tempurl.host\/?page_id=2072"},"modified":"2025-06-02T14:27:08","modified_gmt":"2025-06-02T19:27:08","slug":"little-bear-care","status":"publish","type":"page","link":"https:\/\/vidasupportservices.org\/es\/little-bear-care\/","title":{"rendered":"Cuidado del osito"},"content":{"rendered":"<div data-elementor-type=\"wp-page\" data-elementor-id=\"2072\" class=\"elementor elementor-2072\" data-elementor-post-type=\"page\">\n\t\t\t\t\t\t<section class=\"elementor-section elementor-top-section elementor-element elementor-element-09541c2 elementor-section-height-min-height elementor-section-boxed elementor-section-height-default elementor-section-items-middle\" data-id=\"09541c2\" data-element_type=\"section\" data-e-type=\"section\" data-settings=\"{&quot;background_background&quot;:&quot;classic&quot;,&quot;shape_divider_bottom&quot;:&quot;mountains&quot;}\">\n\t\t\t\t\t<div class=\"elementor-shape elementor-shape-bottom\" aria-hidden=\"true\" data-negative=\"false\">\n\t\t\t<svg xmlns=\"http:\/\/www.w3.org\/2000\/svg\" viewbox=\"0 0 1000 100\" preserveaspectratio=\"none\">\n\t<path class=\"elementor-shape-fill\" opacity=\"0.33\" d=\"M473,67.3c-203.9,88.3-263.1-34-320.3,0C66,119.1,0,59.7,0,59.7V0h1000v59.7 c0,0-62.1,26.1-94.9,29.3c-32.8,3.3-62.8-12.3-75.8-22.1C806,49.6,745.3,8.7,694.9,4.7S492.4,59,473,67.3z\"\/>\n\t<path class=\"elementor-shape-fill\" opacity=\"0.66\" d=\"M734,67.3c-45.5,0-77.2-23.2-129.1-39.1c-28.6-8.7-150.3-10.1-254,39.1 s-91.7-34.4-149.2,0C115.7,118.3,0,39.8,0,39.8V0h1000v36.5c0,0-28.2-18.5-92.1-18.5C810.2,18.1,775.7,67.3,734,67.3z\"\/>\n\t<path class=\"elementor-shape-fill\" d=\"M766.1,28.9c-200-57.5-266,65.5-395.1,19.5C242,1.8,242,5.4,184.8,20.6C128,35.8,132.3,44.9,89.9,52.5C28.6,63.7,0,0,0,0 h1000c0,0-9.9,40.9-83.6,48.1S829.6,47,766.1,28.9z\"\/>\n<\/svg>\t\t<\/div>\n\t\t\t\t\t<div class=\"elementor-container elementor-column-gap-default\">\n\t\t\t\t\t<div class=\"elementor-column elementor-col-100 elementor-top-column elementor-element elementor-element-d1d9f3d\" data-id=\"d1d9f3d\" data-element_type=\"column\" data-e-type=\"column\">\n\t\t\t<div class=\"elementor-widget-wrap elementor-element-populated\">\n\t\t\t\t\t\t\t<\/div>\n\t\t<\/div>\n\t\t\t\t\t<\/div>\n\t\t<\/section>\n\t\t\t\t<section class=\"elementor-section elementor-top-section elementor-element elementor-element-3d10f30 elementor-section-boxed elementor-section-height-default elementor-section-height-default\" data-id=\"3d10f30\" data-element_type=\"section\" data-e-type=\"section\">\n\t\t\t\t\t\t<div class=\"elementor-container elementor-column-gap-default\">\n\t\t\t\t\t<div class=\"elementor-column elementor-col-100 elementor-top-column elementor-element elementor-element-5dc2d5e\" data-id=\"5dc2d5e\" data-element_type=\"column\" data-e-type=\"column\">\n\t\t\t<div class=\"elementor-widget-wrap elementor-element-populated\">\n\t\t\t\t\t\t<div class=\"elementor-element elementor-element-a1194d6 elementor-widget elementor-widget-heading\" data-id=\"a1194d6\" data-element_type=\"widget\" data-e-type=\"widget\" data-widget_type=\"heading.default\">\n\t\t\t\t<div class=\"elementor-widget-container\">\n\t\t\t\t\t<h2 class=\"elementor-heading-title elementor-size-default\">\u00bfPueden mis hijos asistir a las sesiones y citas de tutor\u00eda en Vida?<\/h2>\t\t\t\t<\/div>\n\t\t\t\t<\/div>\n\t\t\t\t<div class=\"elementor-element elementor-element-2ac7990 elementor-widget elementor-widget-text-editor\" data-id=\"2ac7990\" data-element_type=\"widget\" data-e-type=\"widget\" data-widget_type=\"text-editor.default\">\n\t\t\t\t<div class=\"elementor-widget-container\">\n\t\t\t\t\t\t\t\t\t<p>Los beb\u00e9s y los ni\u00f1os siempre son bienvenidos a venir con sus padres a las sesiones de tutor\u00eda y citas en Vida.<\/p><p>Little Bear Care ofrece un \u00e1rea de juegos supervisada en el lugar de Vida para que los padres la utilicen como <strong>cuidado infantil para sus hijos durante las sesiones y citas de tutor\u00eda de Vida.<\/strong>\u00a0<\/p><p>Little Bear Care ofrece un lugar supervisado, seguro, enriquecedor y divertido. <strong>Para ni\u00f1os mayores de un a\u00f1o.<\/strong> Esto tambi\u00e9n brinda a los padres un respiro y la oportunidad de dedicar m\u00e1s atenci\u00f3n y tiempo a las sesiones de tutor\u00eda, citas o clases mientras est\u00e1n en Vida.<\/p><p>Por favor, informe a su mentor o p\u00f3ngase en contacto con Vida Support Services en <a href=\"tel:19209553772\" data-wpel-link=\"internal\">920-955-3772<\/a> Si est\u00e1 planeando tener a sus hijos en Little Bear Care durante su sesi\u00f3n de tutor\u00eda o el tiempo de su cita.\u00a0<\/p><p>Los padres tambi\u00e9n pueden traer a sus hijos a la sala de citas si as\u00ed lo prefieren.<\/p>\t\t\t\t\t\t\t\t<\/div>\n\t\t\t\t<\/div>\n\t\t\t\t\t<\/div>\n\t\t<\/div>\n\t\t\t\t\t<\/div>\n\t\t<\/section>\n\t\t\t\t<section class=\"elementor-section elementor-top-section elementor-element elementor-element-510f49e elementor-section-boxed elementor-section-height-default elementor-section-height-default\" data-id=\"510f49e\" data-element_type=\"section\" data-e-type=\"section\" data-settings=\"{&quot;background_background&quot;:&quot;classic&quot;}\">\n\t\t\t\t\t\t<div class=\"elementor-container elementor-column-gap-wide\">\n\t\t\t\t\t<div class=\"elementor-column elementor-col-100 elementor-top-column elementor-element elementor-element-b2071a1\" data-id=\"b2071a1\" data-element_type=\"column\" data-e-type=\"column\">\n\t\t\t<div class=\"elementor-widget-wrap elementor-element-populated\">\n\t\t\t\t\t\t<div class=\"elementor-element elementor-element-622e3b0 elementor-widget elementor-widget-heading\" data-id=\"622e3b0\" data-element_type=\"widget\" data-e-type=\"widget\" data-widget_type=\"heading.default\">\n\t\t\t\t<div class=\"elementor-widget-container\">\n\t\t\t\t\t<h2 class=\"elementor-heading-title elementor-size-default\">Solicite una cita hoy<\/h2>\t\t\t\t<\/div>\n\t\t\t\t<\/div>\n\t\t\t\t\t<\/div>\n\t\t<\/div>\n\t\t\t\t\t<\/div>\n\t\t<\/section>\n\t\t\t\t<section class=\"elementor-section elementor-top-section elementor-element elementor-element-8f7cdbd elementor-section-boxed elementor-section-height-default elementor-section-height-default\" data-id=\"8f7cdbd\" data-element_type=\"section\" data-e-type=\"section\" data-settings=\"{&quot;background_background&quot;:&quot;classic&quot;}\">\n\t\t\t\t\t\t<div class=\"elementor-container elementor-column-gap-default\">\n\t\t\t\t\t<div class=\"elementor-column elementor-col-50 elementor-top-column elementor-element elementor-element-86691a1\" data-id=\"86691a1\" data-element_type=\"column\" data-e-type=\"column\">\n\t\t\t<div class=\"elementor-widget-wrap elementor-element-populated\">\n\t\t\t\t\t\t<div class=\"elementor-element elementor-element-a942a94 elementor-align-center elementor-widget elementor-widget-button\" data-id=\"a942a94\" data-element_type=\"widget\" data-e-type=\"widget\" data-widget_type=\"button.default\">\n\t\t\t\t<div class=\"elementor-widget-container\">\n\t\t\t\t\t\t\t\t\t<div class=\"elementor-button-wrapper\">\n\t\t\t\t\t<a class=\"elementor-button elementor-button-link elementor-size-xl\" href=\"tel:19209553772\" data-wpel-link=\"internal\">\n\t\t\t\t\t\t<span class=\"elementor-button-content-wrapper\">\n\t\t\t\t\t\t<span class=\"elementor-button-icon\">\n\t\t\t\t<i aria-hidden=\"true\" class=\"fas fa-phone-alt\"><\/i>\t\t\t<\/span>\n\t\t\t\t\t\t\t\t\t<span class=\"elementor-button-text\">Llamar<\/span>\n\t\t\t\t\t<\/span>\n\t\t\t\t\t<\/a>\n\t\t\t\t<\/div>\n\t\t\t\t\t\t\t\t<\/div>\n\t\t\t\t<\/div>\n\t\t\t\t\t<\/div>\n\t\t<\/div>\n\t\t\t\t<div class=\"elementor-column elementor-col-50 elementor-top-column elementor-element elementor-element-86497b5\" data-id=\"86497b5\" data-element_type=\"column\" data-e-type=\"column\">\n\t\t\t<div class=\"elementor-widget-wrap elementor-element-populated\">\n\t\t\t\t\t\t<div class=\"elementor-element elementor-element-4f2774c elementor-align-left elementor-widget elementor-widget-button\" data-id=\"4f2774c\" data-element_type=\"widget\" data-e-type=\"widget\" data-widget_type=\"button.default\">\n\t\t\t\t<div class=\"elementor-widget-container\">\n\t\t\t\t\t\t\t\t\t<div class=\"elementor-button-wrapper\">\n\t\t\t\t\t<a class=\"elementor-button elementor-button-link elementor-size-xl\" href=\"http:\/\/vidasupportservices.org\/es\/request-an-appointment\/\" data-wpel-link=\"external\" target=\"_blank\" rel=\"external noopener noreferrer\">\n\t\t\t\t\t\t<span class=\"elementor-button-content-wrapper\">\n\t\t\t\t\t\t<span class=\"elementor-button-icon\">\n\t\t\t\t<i aria-hidden=\"true\" class=\"far fa-calendar-check\"><\/i>\t\t\t<\/span>\n\t\t\t\t\t\t\t\t\t<span class=\"elementor-button-text\">Pedir una cita<\/span>\n\t\t\t\t\t<\/span>\n\t\t\t\t\t<\/a>\n\t\t\t\t<\/div>\n\t\t\t\t\t\t\t\t<\/div>\n\t\t\t\t<\/div>\n\t\t\t\t\t<\/div>\n\t\t<\/div>\n\t\t\t\t\t<\/div>\n\t\t<\/section>\n\t\t\t\t<\/div>","protected":false},"excerpt":{"rendered":"<p>Can my child(ren) come to mentoring sessions and appointments at Vida? Babies and children are always welcome to come with their parents to mentoring sessions and appointments at Vida. Little Bear Care provides a supervised play area onsite at Vida for parents to use as childcare for their child(ren)\u00a0during Vida mentoring sessions and appointments.\u00a0 Little [&hellip;]<\/p>\n","protected":false},"author":7,"featured_media":0,"parent":0,"menu_order":0,"comment_status":"closed","ping_status":"closed","template":"elementor_header_footer","meta":{"footnotes":""},"class_list":["post-2072","page","type-page","status-publish","hentry"],"_links":{"self":[{"href":"https:\/\/vidasupportservices.org\/es\/wp-json\/wp\/v2\/pages\/2072","targetHints":{"allow":["GET"]}}],"collection":[{"href":"https:\/\/vidasupportservices.org\/es\/wp-json\/wp\/v2\/pages"}],"about":[{"href":"https:\/\/vidasupportservices.org\/es\/wp-json\/wp\/v2\/types\/page"}],"author":[{"embeddable":true,"href":"https:\/\/vidasupportservices.org\/es\/wp-json\/wp\/v2\/users\/7"}],"replies":[{"embeddable":true,"href":"https:\/\/vidasupportservices.org\/es\/wp-json\/wp\/v2\/comments?post=2072"}],"version-history":[{"count":25,"href":"https:\/\/vidasupportservices.org\/es\/wp-json\/wp\/v2\/pages\/2072\/revisions"}],"predecessor-version":[{"id":4028,"href":"https:\/\/vidasupportservices.org\/es\/wp-json\/wp\/v2\/pages\/2072\/revisions\/4028"}],"wp:attachment":[{"href":"https:\/\/vidasupportservices.org\/es\/wp-json\/wp\/v2\/media?parent=2072"}],"curies":[{"name":"gracias","href":"https:\/\/api.w.org\/{rel}","templated":true}]}}