{"id":2073,"date":"2024-03-14T22:05:36","date_gmt":"2024-03-15T03:05:36","guid":{"rendered":"https:\/\/vidasupport.tempurl.host\/?page_id=2073"},"modified":"2025-06-02T14:37:30","modified_gmt":"2025-06-02T19:37:30","slug":"bilingual-support","status":"publish","type":"page","link":"https:\/\/vidasupportservices.org\/es\/bilingual-support\/","title":{"rendered":"Soporte biling\u00fce"},"content":{"rendered":"<div data-elementor-type=\"wp-page\" data-elementor-id=\"2073\" class=\"elementor elementor-2073\" data-elementor-post-type=\"page\">\n\t\t\t\t\t\t<section class=\"elementor-section elementor-top-section elementor-element elementor-element-2872f09 elementor-section-height-min-height elementor-section-boxed elementor-section-height-default elementor-section-items-middle\" data-id=\"2872f09\" data-element_type=\"section\" data-e-type=\"section\" data-settings=\"{&quot;background_background&quot;:&quot;classic&quot;,&quot;shape_divider_bottom&quot;:&quot;mountains&quot;}\">\n\t\t\t\t\t<div class=\"elementor-shape elementor-shape-bottom\" aria-hidden=\"true\" data-negative=\"false\">\n\t\t\t<svg xmlns=\"http:\/\/www.w3.org\/2000\/svg\" viewbox=\"0 0 1000 100\" preserveaspectratio=\"none\">\n\t<path class=\"elementor-shape-fill\" opacity=\"0.33\" d=\"M473,67.3c-203.9,88.3-263.1-34-320.3,0C66,119.1,0,59.7,0,59.7V0h1000v59.7 c0,0-62.1,26.1-94.9,29.3c-32.8,3.3-62.8-12.3-75.8-22.1C806,49.6,745.3,8.7,694.9,4.7S492.4,59,473,67.3z\"\/>\n\t<path class=\"elementor-shape-fill\" opacity=\"0.66\" d=\"M734,67.3c-45.5,0-77.2-23.2-129.1-39.1c-28.6-8.7-150.3-10.1-254,39.1 s-91.7-34.4-149.2,0C115.7,118.3,0,39.8,0,39.8V0h1000v36.5c0,0-28.2-18.5-92.1-18.5C810.2,18.1,775.7,67.3,734,67.3z\"\/>\n\t<path class=\"elementor-shape-fill\" d=\"M766.1,28.9c-200-57.5-266,65.5-395.1,19.5C242,1.8,242,5.4,184.8,20.6C128,35.8,132.3,44.9,89.9,52.5C28.6,63.7,0,0,0,0 h1000c0,0-9.9,40.9-83.6,48.1S829.6,47,766.1,28.9z\"\/>\n<\/svg>\t\t<\/div>\n\t\t\t\t\t<div class=\"elementor-container elementor-column-gap-default\">\n\t\t\t\t\t<div class=\"elementor-column elementor-col-100 elementor-top-column elementor-element elementor-element-b7d1653\" data-id=\"b7d1653\" data-element_type=\"column\" data-e-type=\"column\">\n\t\t\t<div class=\"elementor-widget-wrap elementor-element-populated\">\n\t\t\t\t\t\t\t<\/div>\n\t\t<\/div>\n\t\t\t\t\t<\/div>\n\t\t<\/section>\n\t\t\t\t<section class=\"elementor-section elementor-top-section elementor-element elementor-element-3acf73e elementor-section-boxed elementor-section-height-default elementor-section-height-default\" data-id=\"3acf73e\" data-element_type=\"section\" data-e-type=\"section\">\n\t\t\t\t\t\t<div class=\"elementor-container elementor-column-gap-default\">\n\t\t\t\t\t<div class=\"elementor-column elementor-col-100 elementor-top-column elementor-element elementor-element-b7e7f01\" data-id=\"b7e7f01\" data-element_type=\"column\" data-e-type=\"column\">\n\t\t\t<div class=\"elementor-widget-wrap elementor-element-populated\">\n\t\t\t\t\t\t<div class=\"elementor-element elementor-element-830e8a7 elementor-widget elementor-widget-heading\" data-id=\"830e8a7\" data-element_type=\"widget\" data-e-type=\"widget\" data-widget_type=\"heading.default\">\n\t\t\t\t<div class=\"elementor-widget-container\">\n\t\t\t\t\t<h2 class=\"elementor-heading-title elementor-size-default\">No hablo ingl\u00e9s; \u00bfpuedo recibir los servicios de Vida?<\/h2>\t\t\t\t<\/div>\n\t\t\t\t<\/div>\n\t\t\t\t<div class=\"elementor-element elementor-element-cdbb2e9 elementor-widget elementor-widget-text-editor\" data-id=\"cdbb2e9\" data-element_type=\"widget\" data-e-type=\"widget\" data-widget_type=\"text-editor.default\">\n\t\t\t\t<div class=\"elementor-widget-container\">\n\t\t\t\t\t\t\t\t\t<p>Vida satisface las necesidades de nuestra diversa comunidad al ofrecer servicios biling\u00fces a mujeres, hombres y parejas que enfrentan un embarazo inesperado o dificultades para criar ni\u00f1os peque\u00f1os.<\/p><p>Hay mentores hispanohablantes disponibles para brindar una variedad de servicios biling\u00fces que incluyen, entre otros:<\/p><ul><li><a href=\"http:\/\/vidasupportservices.org\/es\/pregnancy-education\/\" data-wpel-link=\"external\" target=\"_blank\" rel=\"external noopener noreferrer\">Educaci\u00f3n sobre el embarazo<\/a><\/li><li><a href=\"http:\/\/vidasupportservices.org\/es\/childbirth-education\/\" data-wpel-link=\"external\" target=\"_blank\" rel=\"external noopener noreferrer\">Educaci\u00f3n sobre el parto<\/a><\/li><li><a href=\"http:\/\/vidasupportservices.org\/es\/breastfeeding-education\/\" data-wpel-link=\"external\" target=\"_blank\" rel=\"external noopener noreferrer\">Educaci\u00f3n sobre lactancia materna<\/a><\/li><li><a href=\"http:\/\/vidasupportservices.org\/es\/parenting-education\/\" data-wpel-link=\"external\" target=\"_blank\" rel=\"external noopener noreferrer\">Educaci\u00f3n para padres<\/a><\/li><li>Mentor\u00eda individual (tanto para hombres como para mujeres)<\/li><li>Apoyo material a trav\u00e9s de la\u00a0<a href=\"http:\/\/vidasupportservices.org\/es\/little-dear-boutique\/\" data-wpel-link=\"external\" target=\"_blank\" rel=\"external noopener noreferrer\">Peque\u00f1a y querida boutique<\/a><\/li><li><a href=\"http:\/\/vidasupportservices.org\/es\/post-abortion-and-miscarriage-support\/\" data-wpel-link=\"external\" target=\"_blank\" rel=\"external noopener noreferrer\">Apoyo postaborto y aborto espont\u00e1neo<\/a><\/li><li>Gu\u00eda espiritual<\/li><li>Alcance comunitario y recursos para una variedad de necesidades que incluyen vivienda, alimentaci\u00f3n, desarrollo profesional, educaci\u00f3n y m\u00e1s.<\/li><\/ul><div>\u00a0<\/div><p>\u00bfTiene preguntas? Comun\u00edquese con el supervisor de servicios de apoyo biling\u00fce de Vida llamando a Vida al <a href=\"tel:19209553772\" data-wpel-link=\"internal\">920-955-3772<\/a>\u00a0<strong>extensi\u00f3n 1013.<\/strong><\/p>\t\t\t\t\t\t\t\t<\/div>\n\t\t\t\t<\/div>\n\t\t\t\t\t<\/div>\n\t\t<\/div>\n\t\t\t\t\t<\/div>\n\t\t<\/section>\n\t\t\t\t<section class=\"elementor-section elementor-top-section elementor-element elementor-element-cb311d2 elementor-section-boxed elementor-section-height-default elementor-section-height-default\" data-id=\"cb311d2\" data-element_type=\"section\" data-e-type=\"section\" data-settings=\"{&quot;background_background&quot;:&quot;classic&quot;}\">\n\t\t\t\t\t\t<div class=\"elementor-container elementor-column-gap-wide\">\n\t\t\t\t\t<div class=\"elementor-column elementor-col-100 elementor-top-column elementor-element elementor-element-caaf6c8\" data-id=\"caaf6c8\" data-element_type=\"column\" data-e-type=\"column\">\n\t\t\t<div class=\"elementor-widget-wrap elementor-element-populated\">\n\t\t\t\t\t\t<div class=\"elementor-element elementor-element-6eacf2d elementor-widget elementor-widget-heading\" data-id=\"6eacf2d\" data-element_type=\"widget\" data-e-type=\"widget\" data-widget_type=\"heading.default\">\n\t\t\t\t<div class=\"elementor-widget-container\">\n\t\t\t\t\t<h2 class=\"elementor-heading-title elementor-size-default\">Solicite una cita hoy<\/h2>\t\t\t\t<\/div>\n\t\t\t\t<\/div>\n\t\t\t\t\t<\/div>\n\t\t<\/div>\n\t\t\t\t\t<\/div>\n\t\t<\/section>\n\t\t\t\t<section class=\"elementor-section elementor-top-section elementor-element elementor-element-84768bc elementor-section-boxed elementor-section-height-default elementor-section-height-default\" data-id=\"84768bc\" data-element_type=\"section\" data-e-type=\"section\" data-settings=\"{&quot;background_background&quot;:&quot;classic&quot;}\">\n\t\t\t\t\t\t<div class=\"elementor-container elementor-column-gap-default\">\n\t\t\t\t\t<div class=\"elementor-column elementor-col-50 elementor-top-column elementor-element elementor-element-59864ba\" data-id=\"59864ba\" data-element_type=\"column\" data-e-type=\"column\">\n\t\t\t<div class=\"elementor-widget-wrap elementor-element-populated\">\n\t\t\t\t\t\t<div class=\"elementor-element elementor-element-36748bd elementor-align-center elementor-widget elementor-widget-button\" data-id=\"36748bd\" data-element_type=\"widget\" data-e-type=\"widget\" data-widget_type=\"button.default\">\n\t\t\t\t<div class=\"elementor-widget-container\">\n\t\t\t\t\t\t\t\t\t<div class=\"elementor-button-wrapper\">\n\t\t\t\t\t<a class=\"elementor-button elementor-button-link elementor-size-xl\" href=\"tel:19209553772\" data-wpel-link=\"internal\">\n\t\t\t\t\t\t<span class=\"elementor-button-content-wrapper\">\n\t\t\t\t\t\t<span class=\"elementor-button-icon\">\n\t\t\t\t<i aria-hidden=\"true\" class=\"fas fa-phone-alt\"><\/i>\t\t\t<\/span>\n\t\t\t\t\t\t\t\t\t<span class=\"elementor-button-text\">Llamar<\/span>\n\t\t\t\t\t<\/span>\n\t\t\t\t\t<\/a>\n\t\t\t\t<\/div>\n\t\t\t\t\t\t\t\t<\/div>\n\t\t\t\t<\/div>\n\t\t\t\t\t<\/div>\n\t\t<\/div>\n\t\t\t\t<div class=\"elementor-column elementor-col-50 elementor-top-column elementor-element elementor-element-2ad0828\" data-id=\"2ad0828\" data-element_type=\"column\" data-e-type=\"column\">\n\t\t\t<div class=\"elementor-widget-wrap elementor-element-populated\">\n\t\t\t\t\t\t<div class=\"elementor-element elementor-element-23a0867 elementor-align-left elementor-widget elementor-widget-button\" data-id=\"23a0867\" data-element_type=\"widget\" data-e-type=\"widget\" data-widget_type=\"button.default\">\n\t\t\t\t<div class=\"elementor-widget-container\">\n\t\t\t\t\t\t\t\t\t<div class=\"elementor-button-wrapper\">\n\t\t\t\t\t<a class=\"elementor-button elementor-button-link elementor-size-xl\" href=\"http:\/\/vidasupportservices.org\/es\/request-an-appointment\/\" data-wpel-link=\"external\" target=\"_blank\" rel=\"external noopener noreferrer\">\n\t\t\t\t\t\t<span class=\"elementor-button-content-wrapper\">\n\t\t\t\t\t\t<span class=\"elementor-button-icon\">\n\t\t\t\t<i aria-hidden=\"true\" class=\"far fa-calendar-check\"><\/i>\t\t\t<\/span>\n\t\t\t\t\t\t\t\t\t<span class=\"elementor-button-text\">Pedir una cita<\/span>\n\t\t\t\t\t<\/span>\n\t\t\t\t\t<\/a>\n\t\t\t\t<\/div>\n\t\t\t\t\t\t\t\t<\/div>\n\t\t\t\t<\/div>\n\t\t\t\t\t<\/div>\n\t\t<\/div>\n\t\t\t\t\t<\/div>\n\t\t<\/section>\n\t\t\t\t<\/div>","protected":false},"excerpt":{"rendered":"<p>I don&#8217;t speak English; can I still receive Vida services? Vida meets the needs of our diverse community by offering bilingual services to women, men, and couples who are facing an unexpected pregnancy or difficulties parenting young children. Spanish-speaking mentors are available to provide a\u00a0variety\u00a0of bilingual services including, but not limited to: Pregnancy Education Childbirth [&hellip;]<\/p>\n","protected":false},"author":7,"featured_media":0,"parent":0,"menu_order":0,"comment_status":"closed","ping_status":"closed","template":"elementor_header_footer","meta":{"footnotes":""},"class_list":["post-2073","page","type-page","status-publish","hentry"],"_links":{"self":[{"href":"https:\/\/vidasupportservices.org\/es\/wp-json\/wp\/v2\/pages\/2073","targetHints":{"allow":["GET"]}}],"collection":[{"href":"https:\/\/vidasupportservices.org\/es\/wp-json\/wp\/v2\/pages"}],"about":[{"href":"https:\/\/vidasupportservices.org\/es\/wp-json\/wp\/v2\/types\/page"}],"author":[{"embeddable":true,"href":"https:\/\/vidasupportservices.org\/es\/wp-json\/wp\/v2\/users\/7"}],"replies":[{"embeddable":true,"href":"https:\/\/vidasupportservices.org\/es\/wp-json\/wp\/v2\/comments?post=2073"}],"version-history":[{"count":76,"href":"https:\/\/vidasupportservices.org\/es\/wp-json\/wp\/v2\/pages\/2073\/revisions"}],"predecessor-version":[{"id":4064,"href":"https:\/\/vidasupportservices.org\/es\/wp-json\/wp\/v2\/pages\/2073\/revisions\/4064"}],"wp:attachment":[{"href":"https:\/\/vidasupportservices.org\/es\/wp-json\/wp\/v2\/media?parent=2073"}],"curies":[{"name":"gracias","href":"https:\/\/api.w.org\/{rel}","templated":true}]}}