{"id":2846,"date":"2024-07-03T10:17:32","date_gmt":"2024-07-03T15:17:32","guid":{"rendered":"https:\/\/vidasupport.tempurl.host\/?page_id=2846"},"modified":"2026-01-06T05:17:59","modified_gmt":"2026-01-06T11:17:59","slug":"post-abortion-support","status":"publish","type":"page","link":"https:\/\/vidasupportservices.org\/es\/post-abortion-support\/","title":{"rendered":"Apoyo post-aborto"},"content":{"rendered":"<div data-elementor-type=\"wp-page\" data-elementor-id=\"2846\" class=\"elementor elementor-2846\" data-elementor-post-type=\"page\">\n\t\t\t\t\t\t<section class=\"elementor-section elementor-top-section elementor-element elementor-element-0521b6d elementor-section-height-min-height elementor-section-boxed elementor-section-height-default elementor-section-items-middle\" data-id=\"0521b6d\" data-element_type=\"section\" data-e-type=\"section\" data-settings=\"{&quot;background_background&quot;:&quot;classic&quot;,&quot;shape_divider_bottom&quot;:&quot;mountains&quot;}\">\n\t\t\t\t\t<div class=\"elementor-shape elementor-shape-bottom\" aria-hidden=\"true\" data-negative=\"false\">\n\t\t\t<svg xmlns=\"http:\/\/www.w3.org\/2000\/svg\" viewbox=\"0 0 1000 100\" preserveaspectratio=\"none\">\n\t<path class=\"elementor-shape-fill\" opacity=\"0.33\" d=\"M473,67.3c-203.9,88.3-263.1-34-320.3,0C66,119.1,0,59.7,0,59.7V0h1000v59.7 c0,0-62.1,26.1-94.9,29.3c-32.8,3.3-62.8-12.3-75.8-22.1C806,49.6,745.3,8.7,694.9,4.7S492.4,59,473,67.3z\"\/>\n\t<path class=\"elementor-shape-fill\" opacity=\"0.66\" d=\"M734,67.3c-45.5,0-77.2-23.2-129.1-39.1c-28.6-8.7-150.3-10.1-254,39.1 s-91.7-34.4-149.2,0C115.7,118.3,0,39.8,0,39.8V0h1000v36.5c0,0-28.2-18.5-92.1-18.5C810.2,18.1,775.7,67.3,734,67.3z\"\/>\n\t<path class=\"elementor-shape-fill\" d=\"M766.1,28.9c-200-57.5-266,65.5-395.1,19.5C242,1.8,242,5.4,184.8,20.6C128,35.8,132.3,44.9,89.9,52.5C28.6,63.7,0,0,0,0 h1000c0,0-9.9,40.9-83.6,48.1S829.6,47,766.1,28.9z\"\/>\n<\/svg>\t\t<\/div>\n\t\t\t\t\t<div class=\"elementor-container elementor-column-gap-default\">\n\t\t\t\t\t<div class=\"elementor-column elementor-col-100 elementor-top-column elementor-element elementor-element-d258788\" data-id=\"d258788\" data-element_type=\"column\" data-e-type=\"column\">\n\t\t\t<div class=\"elementor-widget-wrap elementor-element-populated\">\n\t\t\t\t\t\t\t<\/div>\n\t\t<\/div>\n\t\t\t\t\t<\/div>\n\t\t<\/section>\n\t\t\t\t<section class=\"elementor-section elementor-top-section elementor-element elementor-element-411b7b6 elementor-section-boxed elementor-section-height-default elementor-section-height-default\" data-id=\"411b7b6\" data-element_type=\"section\" data-e-type=\"section\">\n\t\t\t\t\t\t<div class=\"elementor-container elementor-column-gap-default\">\n\t\t\t\t\t<div class=\"elementor-column elementor-col-100 elementor-top-column elementor-element elementor-element-85d7415\" data-id=\"85d7415\" data-element_type=\"column\" data-e-type=\"column\">\n\t\t\t<div class=\"elementor-widget-wrap elementor-element-populated\">\n\t\t\t\t\t\t<div class=\"elementor-element elementor-element-ca20432 elementor-widget elementor-widget-heading\" data-id=\"ca20432\" data-element_type=\"widget\" data-e-type=\"widget\" data-widget_type=\"heading.default\">\n\t\t\t\t<div class=\"elementor-widget-container\">\n\t\t\t\t\t<h2 class=\"elementor-heading-title elementor-size-default\">\u00bfEs normal el duelo despu\u00e9s de un aborto?<\/h2>\t\t\t\t<\/div>\n\t\t\t\t<\/div>\n\t\t\t\t<div class=\"elementor-element elementor-element-d600e9d elementor-widget elementor-widget-text-editor\" data-id=\"d600e9d\" data-element_type=\"widget\" data-e-type=\"widget\" data-widget_type=\"text-editor.default\">\n\t\t\t\t<div class=\"elementor-widget-container\">\n\t\t\t\t\t\t\t\t\t<blockquote><p><span style=\"font-weight: bold;\"><i>\u201cEs normal lamentar la p\u00e9rdida de un embarazo, incluida la de un hijo por aborto. Puede dejar un vac\u00edo en el coraz\u00f3n, tan profundo que a veces nada puede llenarlo\u201d.<\/i><\/span><\/p><p><span style=\"font-weight: bold;\"><i>\u2013 Esperanza despu\u00e9s del aborto<\/i><\/span><\/p><\/blockquote><p>Vida ofrece apoyo personalizado, apoyo grupal y contactos para estudios en l\u00ednea, retiros de sanaci\u00f3n y referencias a recursos comunitarios para personas despu\u00e9s de un aborto.<\/p><p>Vida cuenta con personal y mentores que han estado en tu misma situaci\u00f3n. No est\u00e1s solo. Hay ayuda disponible. Solicita una cita a continuaci\u00f3n o llama a Vida al <a href=\"tel:19209553772\" data-wpel-link=\"internal\">920-955-3772<\/a> Para obtener m\u00e1s informaci\u00f3n y recursos.<\/p><p><em>Importante: Si experimenta problemas f\u00edsicos inmediatos despu\u00e9s de un aborto, como dolor, sangrado, fiebre o n\u00e1useas, llame a su m\u00e9dico ahora o vaya a una sala de emergencias.<\/em><\/p>\t\t\t\t\t\t\t\t<\/div>\n\t\t\t\t<\/div>\n\t\t\t\t\t<\/div>\n\t\t<\/div>\n\t\t\t\t\t<\/div>\n\t\t<\/section>\n\t\t\t\t<section class=\"elementor-section elementor-top-section elementor-element elementor-element-c3f74fe elementor-section-boxed elementor-section-height-default elementor-section-height-default\" data-id=\"c3f74fe\" data-element_type=\"section\" data-e-type=\"section\">\n\t\t\t\t\t\t<div class=\"elementor-container elementor-column-gap-default\">\n\t\t\t\t\t<div class=\"elementor-column elementor-col-100 elementor-top-column elementor-element elementor-element-4c357e3\" data-id=\"4c357e3\" data-element_type=\"column\" data-e-type=\"column\">\n\t\t\t<div class=\"elementor-widget-wrap elementor-element-populated\">\n\t\t\t\t\t\t<div class=\"elementor-element elementor-element-228cf12 elementor-widget elementor-widget-heading\" data-id=\"228cf12\" data-element_type=\"widget\" data-e-type=\"widget\" data-widget_type=\"heading.default\">\n\t\t\t\t<div class=\"elementor-widget-container\">\n\t\t\t\t\t<h2 class=\"elementor-heading-title elementor-size-default\">\u00bfC\u00f3mo me siento despu\u00e9s de un aborto?<\/h2>\t\t\t\t<\/div>\n\t\t\t\t<\/div>\n\t\t\t\t<div class=\"elementor-element elementor-element-a7fbca2 elementor-widget elementor-widget-text-editor\" data-id=\"a7fbca2\" data-element_type=\"widget\" data-e-type=\"widget\" data-widget_type=\"text-editor.default\">\n\t\t\t\t<div class=\"elementor-widget-container\">\n\t\t\t\t\t\t\t\t\t<p>Si ha tenido recientemente un aborto, hay cuestiones y emociones comunes que puede enfrentar inmediatamente despu\u00e9s de la decisi\u00f3n.\u00a0<\/p><p><span style=\"font-weight: bolder;\">Hormonas:<\/span>\u00a0Tus hormonas est\u00e1n en proceso de volver a un estado normal. Tener hormonas desequilibradas hace que muchas personas experimenten altibajos emocionales. Cuando te sientas abrumada, recuerda que tu cuerpo est\u00e1 cambiando y ten paciencia.<\/p><p><span style=\"font-weight: bolder;\">Hacer un seguimiento:<\/span>\u00a0 Programe un examen de seguimiento con un m\u00e9dico para asegurarse de que su procedimiento fue apropiado y para cualquier atenci\u00f3n de seguimiento necesaria.<\/p><p><span style=\"font-weight: bolder;\">Alivio:<\/span>\u00a0 Sentirse \u201caliviada\u201d es una emoci\u00f3n muy com\u00fan despu\u00e9s de un aborto. La \u201ccrisis\u201d ha terminado y la situaci\u00f3n se ha resuelto para muchas mujeres despu\u00e9s de un aborto. Este alivio puede ser temporal. Otras emociones (ira, dolor, depresi\u00f3n) pueden aparecer en tu vida en los d\u00edas, meses y a\u00f1os venideros.<\/p><p><span style=\"font-weight: bolder;\">Enojo:<\/span>\u00a0Es normal sentirse enojada despu\u00e9s de una experiencia de aborto. La ira es la emoci\u00f3n m\u00e1s com\u00fan que se siente despu\u00e9s de este procedimiento. Esto es particularmente cierto si otras personas la presionaron para que abortara. Los desequilibrios hormonales afectan todas las reacciones emocionales, particularmente las relacionadas con la ira. La ira puede dirigirse a situaciones de su vida no relacionadas con el aborto, a veces a\u00f1os despu\u00e9s. Esta es una se\u00f1al de que est\u00e1 luchando contra el trastorno de estr\u00e9s postraum\u00e1tico (TEPT).<\/p><p><span style=\"font-weight: bolder;\">Dolor:<\/span>\u00a0 Has sufrido una p\u00e9rdida de embarazo, independientemente de que haya sido tu elecci\u00f3n. Date permiso para lamentar esta p\u00e9rdida.\u00a0\u00a0<\/p><p><span style=\"font-weight: bolder;\">Urgencia del embarazo:<\/span>\u00a0 Algunas mujeres que han abortado sienten la urgencia de volver a quedar embarazadas lo antes posible. Algunas madres buscan \u201creemplazar\u201d al ni\u00f1o perdido con otro beb\u00e9. Muchas de las que logran quedarse embarazadas nuevamente pueden encontrarse enfrentando la misma presi\u00f3n y falta de apoyo de quienes las rodean. Pueden abortar una y otra vez con mucha facilidad.<\/p><p><span style=\"font-weight: bolder;\">La palabra \u201cA\u201d:<\/span>\u00a0 Cuando escuche la palabra \u201caborto\u201d en una conversaci\u00f3n o en los medios de comunicaci\u00f3n, comprenda que puede provocar dolor psicol\u00f3gico. Si la menci\u00f3n de este t\u00e9rmino le provoca ansiedad, ira o dolor, es posible que necesite ayuda para abordar esta decisi\u00f3n del pasado.<\/p>\t\t\t\t\t\t\t\t<\/div>\n\t\t\t\t<\/div>\n\t\t\t\t\t<\/div>\n\t\t<\/div>\n\t\t\t\t\t<\/div>\n\t\t<\/section>\n\t\t\t\t<section class=\"elementor-section elementor-top-section elementor-element elementor-element-e491754 elementor-section-boxed elementor-section-height-default elementor-section-height-default\" data-id=\"e491754\" data-element_type=\"section\" data-e-type=\"section\">\n\t\t\t\t\t\t<div class=\"elementor-container elementor-column-gap-default\">\n\t\t\t\t\t<div class=\"elementor-column elementor-col-100 elementor-top-column elementor-element elementor-element-076b3b8\" data-id=\"076b3b8\" data-element_type=\"column\" data-e-type=\"column\">\n\t\t\t<div class=\"elementor-widget-wrap elementor-element-populated\">\n\t\t\t\t\t\t<div class=\"elementor-element elementor-element-cb553a2 elementor-widget elementor-widget-heading\" data-id=\"cb553a2\" data-element_type=\"widget\" data-e-type=\"widget\" data-widget_type=\"heading.default\">\n\t\t\t\t<div class=\"elementor-widget-container\">\n\t\t\t\t\t<h2 class=\"elementor-heading-title elementor-size-default\"><span style=\"color: var( --e-global-color-primary );font-size: 2rem\">\u00bfTengo trastorno de estr\u00e9s postraum\u00e1tico (TEPT)?<\/span><\/h2>\t\t\t\t<\/div>\n\t\t\t\t<\/div>\n\t\t\t\t<div class=\"elementor-element elementor-element-10013c3 elementor-widget elementor-widget-text-editor\" data-id=\"10013c3\" data-element_type=\"widget\" data-e-type=\"widget\" data-widget_type=\"text-editor.default\">\n\t\t\t\t<div class=\"elementor-widget-container\">\n\t\t\t\t\t\t\t\t\t<p><span style=\"font-weight: bolder;\">Entonces qu\u00e9, tuve un aborto, eso ya es cosa del pasado.\u00a0<\/span><em><span style=\"font-weight: bolder;\">\u00bfRealmente necesito sanar?<\/span><\/em><\/p><p>Millones de mujeres sufren problemas emocionales, espirituales, psicol\u00f3gicos y f\u00edsicos no tratados.\u00a0<span style=\"font-weight: bolder;\">Trauma de un aborto pasado<\/span>La mayor\u00eda de las mujeres no se dan cuenta de que sus luchas diarias est\u00e1n relacionadas con la p\u00e9rdida reproductiva. Pueden pasar meses y a\u00f1os sin recordar el aborto, pero cosas aparentemente no relacionadas pueden desencadenar reacciones emocionales frustrantes.\u00a0<span style=\"font-family: var( --e-global-typography-text-font-family ), Sans-serif; font-size: var( --e-global-typography-text-font-size ); font-weight: var( --e-global-typography-text-font-weight );\">Hay ayuda y sanaci\u00f3n para este trauma.\u00a0<\/span><\/p><p><span style=\"font-weight: bolder;\">Preg\u00fantese:<\/span><\/p><ul style=\"font-size: 18px; background-color: #ffffff;\"><li style=\"font-size: 18px;\">\u00bfSientes reticencias a hablar del tema del aborto?<\/li><li style=\"font-size: 18px;\">\u00bfSueles pensar en tu vida en t\u00e9rminos de \u201cantes\u201d y \u201cdespu\u00e9s\u201d del aborto?\u00a0<\/li><li style=\"font-size: 18px;\">\u00bfSientes enojo hacia las personas involucradas en tu aborto?\u00a0<em>(por ejemplo: el padre del beb\u00e9, amigos o tus padres)<\/em><\/li><li style=\"font-size: 18px;\">\u00bfHa notado que desde el aborto ha evitado las relaciones o se ha vuelto demasiado dependiente de ellas?\u00a0<\/li><li style=\"font-size: 18px;\">\u00bfAument\u00f3 el consumo de drogas o alcohol despu\u00e9s del aborto?<\/li><li style=\"font-size: 18px;\">\u00bfTiene o ha desarrollado un trastorno alimentario despu\u00e9s del aborto?\u00a0<em>(por ejemplo: restringir calor\u00edas o darse atracones)<\/em><\/li><li style=\"font-size: 18px;\">\u00bfSientes una sobreprotecci\u00f3n hacia tus hijos actuales? \u00bfTe resulta dif\u00edcil establecer un v\u00ednculo con tus hijos vivos? \u00bfTe sientes descalificado como padre?<\/li><li style=\"font-size: 18px;\">\u00bfSientes ansiedad cuando se habla del aborto?\u00a0<em>(por ejemplo: por otros, en los medios de comunicaci\u00f3n, durante los debates).<\/em><\/li><li style=\"font-size: 18px;\">\u00bfLe causa irritaci\u00f3n escuchar a personas que promueven el aborto como una opci\u00f3n \u201csegura y legal\u201d?\u00a0<\/li><li style=\"font-size: 18px;\">\u00bfParticipas en conductas de autocastigo? \u00bfHas permanecido en una relaci\u00f3n abusiva porque sent\u00edas que \u201cmerec\u00edas\u201d el abuso?<\/li><li style=\"font-size: 18px;\">\u00bfHa tenido problemas de intimidad? \u00bfSe ha vuelto promiscua sexualmente desde su aborto? \u00bfEl sexo le recuerda a un embarazo? \u00bfEl miedo a los embarazos no planificados o al dolor f\u00edsico le impide tener relaciones sexuales?\u00a0<\/li><li style=\"font-size: 18px;\">\u00bfEs dif\u00edcil ser honesta en el formulario de admisi\u00f3n del m\u00e9dico sobre el aborto que se hizo o la cantidad de embarazos que tuvo? \u00bfLe parece traum\u00e1tico hacerse la prueba de Papanicolaou?<\/li><li style=\"font-size: 18px;\">\u00bfTe molestan ciertos ruidos? (<em>Por ejemplo: la m\u00fasica que disfrutabas durante ese per\u00edodo de tu vida, las aspiradoras, el taladro del dentista o la descarga del inodoro si sufriste un aborto con medicamentos).<\/em>\u00a0<\/li><\/ul>\t\t\t\t\t\t\t\t<\/div>\n\t\t\t\t<\/div>\n\t\t\t\t\t<\/div>\n\t\t<\/div>\n\t\t\t\t\t<\/div>\n\t\t<\/section>\n\t\t\t\t<section class=\"elementor-section elementor-top-section elementor-element elementor-element-8d78967 elementor-section-boxed elementor-section-height-default elementor-section-height-default\" data-id=\"8d78967\" data-element_type=\"section\" data-e-type=\"section\">\n\t\t\t\t\t\t<div class=\"elementor-container elementor-column-gap-default\">\n\t\t\t\t\t<div class=\"elementor-column elementor-col-100 elementor-top-column elementor-element elementor-element-91882fa\" data-id=\"91882fa\" data-element_type=\"column\" data-e-type=\"column\">\n\t\t\t<div class=\"elementor-widget-wrap elementor-element-populated\">\n\t\t\t\t\t\t<div class=\"elementor-element elementor-element-01dc667 elementor-widget elementor-widget-heading\" data-id=\"01dc667\" data-element_type=\"widget\" data-e-type=\"widget\" data-widget_type=\"heading.default\">\n\t\t\t\t<div class=\"elementor-widget-container\">\n\t\t\t\t\t<h2 class=\"elementor-heading-title elementor-size-default\">\u00bfQu\u00e9 es la Hoja de Ruta para la Recuperaci\u00f3n del Aborto?<\/h2>\t\t\t\t<\/div>\n\t\t\t\t<\/div>\n\t\t\t\t<div class=\"elementor-element elementor-element-04b444c elementor-widget elementor-widget-text-editor\" data-id=\"04b444c\" data-element_type=\"widget\" data-e-type=\"widget\" data-widget_type=\"text-editor.default\">\n\t\t\t\t<div class=\"elementor-widget-container\">\n\t\t\t\t\t\t\t\t\t<p>El proceso de curaci\u00f3n es diferente para cada persona. A continuaci\u00f3n, se indican cuatro caminos que puede seguir seg\u00fan lo que funcione mejor para usted:<\/p>\n<p><span style=\"font-weight: bolder;\">1. Tutor\u00eda personal individual<br><\/span>Vida ofrece tutor\u00eda personalizada y atenta para quienes buscan sanar el dolor de la p\u00e9rdida reproductiva a causa de un aborto. Ll\u00e1menos para obtener m\u00e1s informaci\u00f3n al <a href=\"tel:19209553772\" data-wpel-link=\"internal\">920-955-3772<\/a><a href=\"http:\/\/vidasupportservices.org\/es\/request-an-appointment\/\" data-wpel-link=\"external\" target=\"_blank\" rel=\"external noopener noreferrer\">.<\/a><\/p>\n<p><span style=\"font-weight: bolder;\">2. Grupos de apoyo presenciales<br><\/span>Vidacan ayuda a encontrar grupos de apoyo y estudios b\u00edblicos grupales para quienes buscan superar el dolor de la p\u00e9rdida reproductiva a causa de un aborto. Ll\u00e1menos para m\u00e1s informaci\u00f3n. <a href=\"tel:19209553772\" data-wpel-link=\"internal\">920-955-3772<\/a>.<\/p>\n<p><span style=\"font-weight: bolder;\">3. Estudios en l\u00ednea a tu propio ritmo<br><\/span>Vida sabe que, en ocasiones, lo que buscas puede ser una curaci\u00f3n privada a tu propio ritmo. Te recomendamos el programa gratuito en l\u00ednea&nbsp;<a href=\"http:\/\/vidasupportservices.org\/es\/her-choice-to-heal\/\" data-wpel-link=\"external\" target=\"_blank\" rel=\"external noopener noreferrer\">Su elecci\u00f3n de sanar<\/a>Se puede encontrar un esquema \u00fatil del curso con enlaces.&nbsp;<a href=\"http:\/\/vidasupportservices.org\/es\/her-choice-to-heal\/\" data-wpel-link=\"external\" target=\"_blank\" rel=\"external noopener noreferrer\">aqu\u00ed<\/a>.<\/p>\n<p><span style=\"font-weight: bolder;\">4. Retiros de sanaci\u00f3n<br><\/span>Vida reconoce la liberaci\u00f3n r\u00e1pida y poderosa que tiene lugar durante un retiro de sanaci\u00f3n de fin de semana.<\/p>\n<p>Te recomendamos <a href=\"https:\/\/www.rachelsvineyard.org\/\" target=\"_blank\" rel=\"noopener external noreferrer\" data-wpel-link=\"external\">Vi\u00f1edo de Rachels.org<\/a>&nbsp;para retiros cat\u00f3licos y&nbsp;<a href=\"https:\/\/deeperstill.org\/\" target=\"_blank\" rel=\"noopener external noreferrer\" data-wpel-link=\"external\">GoDeeperStill.org<\/a>&nbsp;para retiros evang\u00e9licos.<\/p>\t\t\t\t\t\t\t\t<\/div>\n\t\t\t\t<\/div>\n\t\t\t\t\t<\/div>\n\t\t<\/div>\n\t\t\t\t\t<\/div>\n\t\t<\/section>\n\t\t\t\t<section class=\"elementor-section elementor-top-section elementor-element elementor-element-43be50d elementor-section-boxed elementor-section-height-default elementor-section-height-default\" data-id=\"43be50d\" data-element_type=\"section\" data-e-type=\"section\">\n\t\t\t\t\t\t<div class=\"elementor-container elementor-column-gap-default\">\n\t\t\t\t\t<div class=\"elementor-column elementor-col-100 elementor-top-column elementor-element elementor-element-5a95983\" data-id=\"5a95983\" data-element_type=\"column\" data-e-type=\"column\">\n\t\t\t<div class=\"elementor-widget-wrap elementor-element-populated\">\n\t\t\t\t\t\t<div class=\"elementor-element elementor-element-1fd4374 elementor-widget elementor-widget-heading\" data-id=\"1fd4374\" data-element_type=\"widget\" data-e-type=\"widget\" data-widget_type=\"heading.default\">\n\t\t\t\t<div class=\"elementor-widget-container\">\n\t\t\t\t\t<h2 class=\"elementor-heading-title elementor-size-default\">\u00bfQu\u00e9 es el Paseo para Recordar de Vida?<\/h2>\t\t\t\t<\/div>\n\t\t\t\t<\/div>\n\t\t\t\t<div class=\"elementor-element elementor-element-c45d974 elementor-widget elementor-widget-text-editor\" data-id=\"c45d974\" data-element_type=\"widget\" data-e-type=\"widget\" data-widget_type=\"text-editor.default\">\n\t\t\t\t<div class=\"elementor-widget-container\">\n\t\t\t\t\t\t\t\t\t<p>Aunque las circunstancias de las p\u00e9rdidas var\u00edan enormemente, existe una necesidad com\u00fan de recordar a todos los ni\u00f1os cuyas preciosas vidas terminaron demasiado pronto, lamentar y sanar esa p\u00e9rdida y saber que no est\u00e1n solos.<\/p><p>Vida organiza anualmente una Caminata para Recordar.\u00a0<a href=\"http:\/\/vidasupportservices.org\/es\/walk-to-remember\/\" data-wpel-link=\"external\" target=\"_blank\" rel=\"external noopener noreferrer\">Caminar para recordar<\/a>\u00a0Es una caminata conmemorativa para recordar a los ni\u00f1os perdidos a trav\u00e9s de\u00a0<em><span style=\"font-weight: bolder;\">aborto, aborto espont\u00e1neo, muerte fetal, muerte prematura de lactantes o ni\u00f1os,<\/span><\/em>\u00a0y otros<em><span style=\"font-weight: bolder;\">\u00a0p\u00e9rdidas reproductivas<\/span><\/em>.\u00a0<\/p><p>Esta caminata y memorial es para todas las familias que han perdido hijos en cualquier momento, ya sea recientemente o en el pasado; cuidadores que est\u00e1n involucrados en las vidas y el apoyo de estas familias; y cualquier persona interesada en asistir para brindar apoyo.\u00a0<\/p><p>Reun\u00e1monos para caminar, para recordar y para ofrecernos apoyo unos a otros.<\/p>\t\t\t\t\t\t\t\t<\/div>\n\t\t\t\t<\/div>\n\t\t\t\t\t<\/div>\n\t\t<\/div>\n\t\t\t\t\t<\/div>\n\t\t<\/section>\n\t\t\t\t<section class=\"elementor-section elementor-top-section elementor-element elementor-element-abe9403 elementor-section-boxed elementor-section-height-default elementor-section-height-default\" data-id=\"abe9403\" data-element_type=\"section\" data-e-type=\"section\" data-settings=\"{&quot;background_background&quot;:&quot;classic&quot;}\">\n\t\t\t\t\t\t<div class=\"elementor-container elementor-column-gap-wide\">\n\t\t\t\t\t<div class=\"elementor-column elementor-col-100 elementor-top-column elementor-element elementor-element-9f3e09f\" data-id=\"9f3e09f\" data-element_type=\"column\" data-e-type=\"column\">\n\t\t\t<div class=\"elementor-widget-wrap elementor-element-populated\">\n\t\t\t\t\t\t<div class=\"elementor-element elementor-element-fdb09d9 elementor-widget elementor-widget-heading\" data-id=\"fdb09d9\" data-element_type=\"widget\" data-e-type=\"widget\" data-widget_type=\"heading.default\">\n\t\t\t\t<div class=\"elementor-widget-container\">\n\t\t\t\t\t<h2 class=\"elementor-heading-title elementor-size-default\">Solicite hoy mismo apoyo postaborto<\/h2>\t\t\t\t<\/div>\n\t\t\t\t<\/div>\n\t\t\t\t\t<\/div>\n\t\t<\/div>\n\t\t\t\t\t<\/div>\n\t\t<\/section>\n\t\t\t\t<section class=\"elementor-section elementor-top-section elementor-element elementor-element-5e4ed69 elementor-section-boxed elementor-section-height-default elementor-section-height-default\" data-id=\"5e4ed69\" data-element_type=\"section\" data-e-type=\"section\">\n\t\t\t\t\t\t<div class=\"elementor-container elementor-column-gap-default\">\n\t\t\t\t\t<div class=\"elementor-column elementor-col-50 elementor-top-column elementor-element elementor-element-8910ac7\" data-id=\"8910ac7\" data-element_type=\"column\" data-e-type=\"column\">\n\t\t\t<div class=\"elementor-widget-wrap elementor-element-populated\">\n\t\t\t\t\t\t<div class=\"elementor-element elementor-element-38bd3dd elementor-align-center elementor-widget elementor-widget-button\" data-id=\"38bd3dd\" data-element_type=\"widget\" data-e-type=\"widget\" data-widget_type=\"button.default\">\n\t\t\t\t<div class=\"elementor-widget-container\">\n\t\t\t\t\t\t\t\t\t<div class=\"elementor-button-wrapper\">\n\t\t\t\t\t<a class=\"elementor-button elementor-button-link elementor-size-xl\" href=\"tel:19209553772\" data-wpel-link=\"internal\">\n\t\t\t\t\t\t<span class=\"elementor-button-content-wrapper\">\n\t\t\t\t\t\t<span class=\"elementor-button-icon\">\n\t\t\t\t<i aria-hidden=\"true\" class=\"fas fa-phone-alt\"><\/i>\t\t\t<\/span>\n\t\t\t\t\t\t\t\t\t<span class=\"elementor-button-text\">Llamar<\/span>\n\t\t\t\t\t<\/span>\n\t\t\t\t\t<\/a>\n\t\t\t\t<\/div>\n\t\t\t\t\t\t\t\t<\/div>\n\t\t\t\t<\/div>\n\t\t\t\t\t<\/div>\n\t\t<\/div>\n\t\t\t\t<div class=\"elementor-column elementor-col-50 elementor-top-column elementor-element elementor-element-dd1590d\" data-id=\"dd1590d\" data-element_type=\"column\" data-e-type=\"column\">\n\t\t\t<div class=\"elementor-widget-wrap elementor-element-populated\">\n\t\t\t\t\t\t<div class=\"elementor-element elementor-element-2008a18 elementor-align-left elementor-widget elementor-widget-button\" data-id=\"2008a18\" data-element_type=\"widget\" data-e-type=\"widget\" data-widget_type=\"button.default\">\n\t\t\t\t<div class=\"elementor-widget-container\">\n\t\t\t\t\t\t\t\t\t<div class=\"elementor-button-wrapper\">\n\t\t\t\t\t<a class=\"elementor-button elementor-button-link elementor-size-xl\" href=\"http:\/\/vidasupportservices.org\/es\/request-an-appointment\/\" data-wpel-link=\"external\" target=\"_blank\" rel=\"external noopener noreferrer\">\n\t\t\t\t\t\t<span class=\"elementor-button-content-wrapper\">\n\t\t\t\t\t\t<span class=\"elementor-button-icon\">\n\t\t\t\t<i aria-hidden=\"true\" class=\"far fa-calendar-check\"><\/i>\t\t\t<\/span>\n\t\t\t\t\t\t\t\t\t<span class=\"elementor-button-text\">Pedir una cita<\/span>\n\t\t\t\t\t<\/span>\n\t\t\t\t\t<\/a>\n\t\t\t\t<\/div>\n\t\t\t\t\t\t\t\t<\/div>\n\t\t\t\t<\/div>\n\t\t\t\t\t<\/div>\n\t\t<\/div>\n\t\t\t\t\t<\/div>\n\t\t<\/section>\n\t\t\t\t<\/div>","protected":false},"excerpt":{"rendered":"<p>Is it normal to grieve after an abortion? \u201cIt\u2019s normal to grieve a pregnancy loss, including the loss of a child by abortion. It can form a hole in one\u2019s heart, a hole so deep that sometimes nothing can fill the emptiness.\u201d &#8211; Hope After Abortion Vida offers one-on-one support; group support; and contacts to [&hellip;]<\/p>\n","protected":false},"author":7,"featured_media":0,"parent":0,"menu_order":0,"comment_status":"closed","ping_status":"closed","template":"","meta":{"footnotes":""},"class_list":["post-2846","page","type-page","status-publish","hentry"],"_links":{"self":[{"href":"https:\/\/vidasupportservices.org\/es\/wp-json\/wp\/v2\/pages\/2846","targetHints":{"allow":["GET"]}}],"collection":[{"href":"https:\/\/vidasupportservices.org\/es\/wp-json\/wp\/v2\/pages"}],"about":[{"href":"https:\/\/vidasupportservices.org\/es\/wp-json\/wp\/v2\/types\/page"}],"author":[{"embeddable":true,"href":"https:\/\/vidasupportservices.org\/es\/wp-json\/wp\/v2\/users\/7"}],"replies":[{"embeddable":true,"href":"https:\/\/vidasupportservices.org\/es\/wp-json\/wp\/v2\/comments?post=2846"}],"version-history":[{"count":66,"href":"https:\/\/vidasupportservices.org\/es\/wp-json\/wp\/v2\/pages\/2846\/revisions"}],"predecessor-version":[{"id":4365,"href":"https:\/\/vidasupportservices.org\/es\/wp-json\/wp\/v2\/pages\/2846\/revisions\/4365"}],"wp:attachment":[{"href":"https:\/\/vidasupportservices.org\/es\/wp-json\/wp\/v2\/media?parent=2846"}],"curies":[{"name":"gracias","href":"https:\/\/api.w.org\/{rel}","templated":true}]}}