{"id":2919,"date":"2024-07-03T13:35:24","date_gmt":"2024-07-03T18:35:24","guid":{"rendered":"https:\/\/vidasupport.tempurl.host\/?page_id=2919"},"modified":"2025-06-24T14:23:54","modified_gmt":"2025-06-24T19:23:54","slug":"forgiven-and-set-free","status":"publish","type":"page","link":"https:\/\/vidasupportservices.org\/es\/forgiven-and-set-free\/","title":{"rendered":"Perdonado y liberado"},"content":{"rendered":"<h1 style=\"font-weight: bold; outline-style: initial; outline-width: 0px;\" data-elementor-setting-key=\"title\" data-pen-placeholder=\"Type Here...\" data-element-id=\"headingsMap-3-0\">\u00bfC\u00f3mo me ayudar\u00e1 este estudio a sanar?<\/h1>\n<p><a href=\"https:\/\/vidasupportservices.org\/wp-content\/uploads\/2025\/01\/Forgiven-Set-Free-_-Spring-2025-Session-2-1.pdf\" target=\"_blank\" rel=\"noopener external noreferrer\" data-wpel-link=\"external\">Perdonado y liberado<\/a> Es un estudio b\u00edblico de 10 semanas y un grupo de apoyo que ayuda a las personas a encontrar la libertad del dolor de la p\u00e9rdida reproductiva debido a abortos pasados.<\/p>\n<p>La sesi\u00f3n de 10 semanas incluye temas como \u00bfC\u00f3mo s\u00e9 que necesito sanidad?, El car\u00e1cter de Dios, Alivio y negaci\u00f3n, Ira, Depresi\u00f3n, La necesidad de perdonar, Pasos hacia la libertad, Hijo de mi coraz\u00f3n y Aceptaci\u00f3n.<\/p>\n<p>No importa qu\u00e9 es lo que lleva a una mujer a interrumpir un embarazo; los efectos secundarios f\u00edsicos, psicol\u00f3gicos y espirituales son reales y no siempre previstos. Los sentimientos de culpa, verg\u00fcenza y dolor se convierten en una pesada carga, y muchas mujeres sienten que nunca ser\u00e1n libres, que nadie las comprende y que Dios nunca las perdonar\u00e1. Hay esperanza.<\/p>\n<p>Despu\u00e9s de encontrar la libertad en Cristo al realizar el estudio Perdonado y Liberado, dos mentores de Vida ahora co-facilitan el estudio en Vida.<\/p>\n<p>El estudio gu\u00eda a las mujeres que sufren para que saquen sus cicatrices emocionales \u201cdel oscuro pasado y las lleven a la santa luz de Dios\u201d, donde puede tener lugar una sanaci\u00f3n verdadera y duradera. Al sumergirse en las Escrituras, se ofrece ayuda para procesar y lidiar con el alivio, la negaci\u00f3n, la ira, el perd\u00f3n, la depresi\u00f3n, el dejar ir y la aceptaci\u00f3n. Para toda mujer que anhele la paz del perd\u00f3n de Dios, este estudio puede ser el primer paso hacia la sanaci\u00f3n y la plenitud.<\/p>\n<p>En Vida, nos comprometemos a ayudar a las mujeres afectadas por un aborto a liberarse del dolor que a menudo se les niega porque no se les da permiso para lamentar la p\u00e9rdida de sus hijos. Los estudios muestran que casi medio mill\u00f3n de mujeres por a\u00f1o en los EE. UU. luchan con el trastorno de estr\u00e9s postraum\u00e1tico posterior al aborto. La mayor\u00eda no se da cuenta de que las luchas diarias aparentemente no relacionadas est\u00e1n conectadas con el trauma de la p\u00e9rdida reproductiva de abortos anteriores.<\/p>\n<p>Estamos aqu\u00ed para ayudarle a sanar y encontrar la libertad.<\/p>\n<p><a href=\"https:\/\/vidasupportservices.org\/wp-content\/uploads\/2025\/01\/Forgiven-Set-Free-_-Spring-2025-Session-2-1.pdf\" target=\"_blank\" rel=\"noopener external noreferrer\" data-wpel-link=\"external\"><br \/>\n<img fetchpriority=\"high\" decoding=\"async\" src=\"https:\/\/vidasupportservices.org\/wp-content\/uploads\/2025\/01\/FSS.png\" sizes=\"(max-width: 666px) 100vw, 666px\" srcset=\"https:\/\/vidasupportservices.org\/wp-content\/uploads\/2025\/01\/FSS.png 666w, https:\/\/vidasupportservices.org\/wp-content\/uploads\/2025\/01\/FSS-240x300.png 240w, https:\/\/vidasupportservices.org\/wp-content\/uploads\/2025\/01\/FSS-10x12.png 10w\" alt=\"\" width=\"666\" height=\"832\" \/> <\/a><\/p>\n<h2 data-element-id=\"headingsMap-4-0\">Realice su consulta y reg\u00edstrese utilizando el formulario que aparece a continuaci\u00f3n. Todas las consultas son confidenciales.<\/h2>","protected":false},"excerpt":{"rendered":"<p>How will this study help me heal? Forgiven and Set Free is a 10-week Bible study and support group that aids individuals in finding freedom from the pain of reproductive loss because of past abortion(s). The 10-week session includes topics such as How Do I Know I Need Healing, Character of God, Relief and Denial, [&hellip;]<\/p>\n","protected":false},"author":7,"featured_media":0,"parent":0,"menu_order":0,"comment_status":"closed","ping_status":"closed","template":"","meta":{"footnotes":""},"class_list":["post-2919","page","type-page","status-publish","hentry"],"_links":{"self":[{"href":"https:\/\/vidasupportservices.org\/es\/wp-json\/wp\/v2\/pages\/2919","targetHints":{"allow":["GET"]}}],"collection":[{"href":"https:\/\/vidasupportservices.org\/es\/wp-json\/wp\/v2\/pages"}],"about":[{"href":"https:\/\/vidasupportservices.org\/es\/wp-json\/wp\/v2\/types\/page"}],"author":[{"embeddable":true,"href":"https:\/\/vidasupportservices.org\/es\/wp-json\/wp\/v2\/users\/7"}],"replies":[{"embeddable":true,"href":"https:\/\/vidasupportservices.org\/es\/wp-json\/wp\/v2\/comments?post=2919"}],"version-history":[{"count":35,"href":"https:\/\/vidasupportservices.org\/es\/wp-json\/wp\/v2\/pages\/2919\/revisions"}],"predecessor-version":[{"id":4097,"href":"https:\/\/vidasupportservices.org\/es\/wp-json\/wp\/v2\/pages\/2919\/revisions\/4097"}],"wp:attachment":[{"href":"https:\/\/vidasupportservices.org\/es\/wp-json\/wp\/v2\/media?parent=2919"}],"curies":[{"name":"gracias","href":"https:\/\/api.w.org\/{rel}","templated":true}]}}