{"id":3133,"date":"2024-07-11T10:41:02","date_gmt":"2024-07-11T15:41:02","guid":{"rendered":"https:\/\/vidasupport.tempurl.host\/?page_id=3133"},"modified":"2025-06-02T14:22:06","modified_gmt":"2025-06-02T19:22:06","slug":"post-abortion-and-miscarriage-support","status":"publish","type":"page","link":"https:\/\/vidasupportservices.org\/es\/post-abortion-and-miscarriage-support\/","title":{"rendered":"Apoyo postaborto y aborto espont\u00e1neo"},"content":{"rendered":"<div data-elementor-type=\"wp-page\" data-elementor-id=\"3133\" class=\"elementor elementor-3133\" data-elementor-post-type=\"page\">\n\t\t\t\t\t\t<section class=\"elementor-section elementor-top-section elementor-element elementor-element-7315e76 elementor-section-height-min-height elementor-section-boxed elementor-section-height-default elementor-section-items-middle\" data-id=\"7315e76\" data-element_type=\"section\" data-e-type=\"section\" data-settings=\"{&quot;background_background&quot;:&quot;classic&quot;,&quot;shape_divider_bottom&quot;:&quot;mountains&quot;}\">\n\t\t\t\t\t<div class=\"elementor-shape elementor-shape-bottom\" aria-hidden=\"true\" data-negative=\"false\">\n\t\t\t<svg xmlns=\"http:\/\/www.w3.org\/2000\/svg\" viewbox=\"0 0 1000 100\" preserveaspectratio=\"none\">\n\t<path class=\"elementor-shape-fill\" opacity=\"0.33\" d=\"M473,67.3c-203.9,88.3-263.1-34-320.3,0C66,119.1,0,59.7,0,59.7V0h1000v59.7 c0,0-62.1,26.1-94.9,29.3c-32.8,3.3-62.8-12.3-75.8-22.1C806,49.6,745.3,8.7,694.9,4.7S492.4,59,473,67.3z\"\/>\n\t<path class=\"elementor-shape-fill\" opacity=\"0.66\" d=\"M734,67.3c-45.5,0-77.2-23.2-129.1-39.1c-28.6-8.7-150.3-10.1-254,39.1 s-91.7-34.4-149.2,0C115.7,118.3,0,39.8,0,39.8V0h1000v36.5c0,0-28.2-18.5-92.1-18.5C810.2,18.1,775.7,67.3,734,67.3z\"\/>\n\t<path class=\"elementor-shape-fill\" d=\"M766.1,28.9c-200-57.5-266,65.5-395.1,19.5C242,1.8,242,5.4,184.8,20.6C128,35.8,132.3,44.9,89.9,52.5C28.6,63.7,0,0,0,0 h1000c0,0-9.9,40.9-83.6,48.1S829.6,47,766.1,28.9z\"\/>\n<\/svg>\t\t<\/div>\n\t\t\t\t\t<div class=\"elementor-container elementor-column-gap-default\">\n\t\t\t\t\t<div class=\"elementor-column elementor-col-100 elementor-top-column elementor-element elementor-element-2528e2c\" data-id=\"2528e2c\" data-element_type=\"column\" data-e-type=\"column\">\n\t\t\t<div class=\"elementor-widget-wrap elementor-element-populated\">\n\t\t\t\t\t\t\t<\/div>\n\t\t<\/div>\n\t\t\t\t\t<\/div>\n\t\t<\/section>\n\t\t\t\t<section class=\"elementor-section elementor-top-section elementor-element elementor-element-5a3c49e elementor-section-boxed elementor-section-height-default elementor-section-height-default\" data-id=\"5a3c49e\" data-element_type=\"section\" data-e-type=\"section\">\n\t\t\t\t\t\t<div class=\"elementor-container elementor-column-gap-default\">\n\t\t\t\t\t<div class=\"elementor-column elementor-col-50 elementor-top-column elementor-element elementor-element-b85d2fa\" data-id=\"b85d2fa\" data-element_type=\"column\" data-e-type=\"column\">\n\t\t\t<div class=\"elementor-widget-wrap elementor-element-populated\">\n\t\t\t\t\t\t<div class=\"elementor-element elementor-element-f784dc2 elementor-position-top elementor-widget elementor-widget-image-box\" data-id=\"f784dc2\" data-element_type=\"widget\" data-e-type=\"widget\" data-widget_type=\"image-box.default\">\n\t\t\t\t<div class=\"elementor-widget-container\">\n\t\t\t\t\t<div class=\"elementor-image-box-wrapper\"><figure class=\"elementor-image-box-img\"><a href=\"http:\/\/vidasupportservices.org\/es\/miscarriage-support\/\" tabindex=\"-1\" data-wpel-link=\"external\" target=\"_blank\" rel=\"external noopener noreferrer\"><img fetchpriority=\"high\" decoding=\"async\" width=\"800\" height=\"533\" src=\"https:\/\/vidasupportservices.org\/wp-content\/uploads\/2024\/07\/Support-Website-Images-20-1024x682.png\" class=\"attachment-large size-large wp-image-3137\" alt=\"\" srcset=\"https:\/\/vidasupportservices.org\/wp-content\/uploads\/2024\/07\/Support-Website-Images-20-1024x682.png 1024w, https:\/\/vidasupportservices.org\/wp-content\/uploads\/2024\/07\/Support-Website-Images-20-300x200.png 300w, https:\/\/vidasupportservices.org\/wp-content\/uploads\/2024\/07\/Support-Website-Images-20-768x512.png 768w, https:\/\/vidasupportservices.org\/wp-content\/uploads\/2024\/07\/Support-Website-Images-20-1536x1024.png 1536w, https:\/\/vidasupportservices.org\/wp-content\/uploads\/2024\/07\/Support-Website-Images-20.png 2000w\" sizes=\"(max-width: 800px) 100vw, 800px\" \/><\/a><\/figure><div class=\"elementor-image-box-content\"><h3 class=\"elementor-image-box-title\"><a href=\"http:\/\/vidasupportservices.org\/es\/miscarriage-support\/\" data-wpel-link=\"external\" target=\"_blank\" rel=\"external noopener noreferrer\">Apoyo al aborto espont\u00e1neo<\/a><\/h3><\/div><\/div>\t\t\t\t<\/div>\n\t\t\t\t<\/div>\n\t\t\t\t<div class=\"elementor-element elementor-element-48e9640 elementor-align-center elementor-widget elementor-widget-button\" data-id=\"48e9640\" data-element_type=\"widget\" data-e-type=\"widget\" data-widget_type=\"button.default\">\n\t\t\t\t<div class=\"elementor-widget-container\">\n\t\t\t\t\t\t\t\t\t<div class=\"elementor-button-wrapper\">\n\t\t\t\t\t<a class=\"elementor-button elementor-button-link elementor-size-sm\" href=\"http:\/\/vidasupportservices.org\/es\/miscarriage-support\/\" data-wpel-link=\"external\" target=\"_blank\" rel=\"external noopener noreferrer\">\n\t\t\t\t\t\t<span class=\"elementor-button-content-wrapper\">\n\t\t\t\t\t\t\t\t\t<span class=\"elementor-button-text\">Aprende m\u00e1s<\/span>\n\t\t\t\t\t<\/span>\n\t\t\t\t\t<\/a>\n\t\t\t\t<\/div>\n\t\t\t\t\t\t\t\t<\/div>\n\t\t\t\t<\/div>\n\t\t\t\t<div class=\"elementor-element elementor-element-a3e3d84 elementor-widget elementor-widget-spacer\" data-id=\"a3e3d84\" data-element_type=\"widget\" data-e-type=\"widget\" data-widget_type=\"spacer.default\">\n\t\t\t\t<div class=\"elementor-widget-container\">\n\t\t\t\t\t\t\t<div class=\"elementor-spacer\">\n\t\t\t<div class=\"elementor-spacer-inner\"><\/div>\n\t\t<\/div>\n\t\t\t\t\t\t<\/div>\n\t\t\t\t<\/div>\n\t\t\t\t\t<\/div>\n\t\t<\/div>\n\t\t\t\t<div class=\"elementor-column elementor-col-50 elementor-top-column elementor-element elementor-element-7009659\" data-id=\"7009659\" data-element_type=\"column\" data-e-type=\"column\">\n\t\t\t<div class=\"elementor-widget-wrap elementor-element-populated\">\n\t\t\t\t\t\t<div class=\"elementor-element elementor-element-289e7c2 elementor-position-top elementor-widget elementor-widget-image-box\" data-id=\"289e7c2\" data-element_type=\"widget\" data-e-type=\"widget\" data-widget_type=\"image-box.default\">\n\t\t\t\t<div class=\"elementor-widget-container\">\n\t\t\t\t\t<div class=\"elementor-image-box-wrapper\"><figure class=\"elementor-image-box-img\"><a href=\"http:\/\/vidasupportservices.org\/es\/post-abortion-support\/\" tabindex=\"-1\" data-wpel-link=\"external\" target=\"_blank\" rel=\"external noopener noreferrer\"><img decoding=\"async\" width=\"800\" height=\"533\" data-src=\"https:\/\/vidasupportservices.org\/wp-content\/uploads\/2024\/07\/Support-Website-Images-16-1024x682.png\" class=\"attachment-large size-large wp-image-3077 lazyload\" alt=\"\" data-srcset=\"https:\/\/vidasupportservices.org\/wp-content\/uploads\/2024\/07\/Support-Website-Images-16-1024x682.png 1024w, https:\/\/vidasupportservices.org\/wp-content\/uploads\/2024\/07\/Support-Website-Images-16-300x200.png 300w, https:\/\/vidasupportservices.org\/wp-content\/uploads\/2024\/07\/Support-Website-Images-16-768x512.png 768w, https:\/\/vidasupportservices.org\/wp-content\/uploads\/2024\/07\/Support-Website-Images-16-1536x1024.png 1536w, https:\/\/vidasupportservices.org\/wp-content\/uploads\/2024\/07\/Support-Website-Images-16.png 2000w\" data-sizes=\"(max-width: 800px) 100vw, 800px\" src=\"data:image\/svg+xml;base64,PHN2ZyB3aWR0aD0iMSIgaGVpZ2h0PSIxIiB4bWxucz0iaHR0cDovL3d3dy53My5vcmcvMjAwMC9zdmciPjwvc3ZnPg==\" style=\"--smush-placeholder-width: 800px; --smush-placeholder-aspect-ratio: 800\/533;\" \/><\/a><\/figure><div class=\"elementor-image-box-content\"><h3 class=\"elementor-image-box-title\"><a href=\"http:\/\/vidasupportservices.org\/es\/post-abortion-support\/\" data-wpel-link=\"external\" target=\"_blank\" rel=\"external noopener noreferrer\">Apoyo post-aborto<\/a><\/h3><\/div><\/div>\t\t\t\t<\/div>\n\t\t\t\t<\/div>\n\t\t\t\t<div class=\"elementor-element elementor-element-7422665 elementor-align-center elementor-widget elementor-widget-button\" data-id=\"7422665\" data-element_type=\"widget\" data-e-type=\"widget\" data-widget_type=\"button.default\">\n\t\t\t\t<div class=\"elementor-widget-container\">\n\t\t\t\t\t\t\t\t\t<div class=\"elementor-button-wrapper\">\n\t\t\t\t\t<a class=\"elementor-button elementor-button-link elementor-size-sm\" href=\"http:\/\/vidasupportservices.org\/es\/post-abortion-support\/\" data-wpel-link=\"external\" target=\"_blank\" rel=\"external noopener noreferrer\">\n\t\t\t\t\t\t<span class=\"elementor-button-content-wrapper\">\n\t\t\t\t\t\t\t\t\t<span class=\"elementor-button-text\">Aprende m\u00e1s<\/span>\n\t\t\t\t\t<\/span>\n\t\t\t\t\t<\/a>\n\t\t\t\t<\/div>\n\t\t\t\t\t\t\t\t<\/div>\n\t\t\t\t<\/div>\n\t\t\t\t\t<\/div>\n\t\t<\/div>\n\t\t\t\t\t<\/div>\n\t\t<\/section>\n\t\t\t\t<\/div>","protected":false},"excerpt":{"rendered":"<p>Apoyo en caso de aborto espont\u00e1neo M\u00e1s informaci\u00f3n Apoyo postaborto M\u00e1s informaci\u00f3n<\/p>","protected":false},"author":7,"featured_media":0,"parent":0,"menu_order":0,"comment_status":"closed","ping_status":"closed","template":"","meta":{"footnotes":""},"class_list":["post-3133","page","type-page","status-publish","hentry"],"_links":{"self":[{"href":"https:\/\/vidasupportservices.org\/es\/wp-json\/wp\/v2\/pages\/3133","targetHints":{"allow":["GET"]}}],"collection":[{"href":"https:\/\/vidasupportservices.org\/es\/wp-json\/wp\/v2\/pages"}],"about":[{"href":"https:\/\/vidasupportservices.org\/es\/wp-json\/wp\/v2\/types\/page"}],"author":[{"embeddable":true,"href":"https:\/\/vidasupportservices.org\/es\/wp-json\/wp\/v2\/users\/7"}],"replies":[{"embeddable":true,"href":"https:\/\/vidasupportservices.org\/es\/wp-json\/wp\/v2\/comments?post=3133"}],"version-history":[{"count":14,"href":"https:\/\/vidasupportservices.org\/es\/wp-json\/wp\/v2\/pages\/3133\/revisions"}],"predecessor-version":[{"id":4013,"href":"https:\/\/vidasupportservices.org\/es\/wp-json\/wp\/v2\/pages\/3133\/revisions\/4013"}],"wp:attachment":[{"href":"https:\/\/vidasupportservices.org\/es\/wp-json\/wp\/v2\/media?parent=3133"}],"curies":[{"name":"gracias","href":"https:\/\/api.w.org\/{rel}","templated":true}]}}