{"id":3898,"date":"2025-02-06T11:38:42","date_gmt":"2025-02-06T17:38:42","guid":{"rendered":"https:\/\/vidasupportservices.org\/?page_id=3898"},"modified":"2025-06-02T14:25:56","modified_gmt":"2025-06-02T19:25:56","slug":"terms-conditions","status":"publish","type":"page","link":"https:\/\/vidasupportservices.org\/es\/terms-conditions\/","title":{"rendered":"T\u00e9rminos y condiciones"},"content":{"rendered":"<div data-elementor-type=\"wp-page\" data-elementor-id=\"3898\" class=\"elementor elementor-3898\" data-elementor-post-type=\"page\">\n\t\t\t\t\t\t<section class=\"elementor-section elementor-top-section elementor-element elementor-element-a0c038e elementor-section-height-min-height elementor-section-boxed elementor-section-height-default elementor-section-items-middle\" data-id=\"a0c038e\" data-element_type=\"section\" data-e-type=\"section\" data-settings=\"{&quot;background_background&quot;:&quot;classic&quot;,&quot;shape_divider_bottom&quot;:&quot;mountains&quot;}\">\n\t\t\t\t\t<div class=\"elementor-shape elementor-shape-bottom\" aria-hidden=\"true\" data-negative=\"false\">\n\t\t\t<svg xmlns=\"http:\/\/www.w3.org\/2000\/svg\" viewbox=\"0 0 1000 100\" preserveaspectratio=\"none\">\n\t<path class=\"elementor-shape-fill\" opacity=\"0.33\" d=\"M473,67.3c-203.9,88.3-263.1-34-320.3,0C66,119.1,0,59.7,0,59.7V0h1000v59.7 c0,0-62.1,26.1-94.9,29.3c-32.8,3.3-62.8-12.3-75.8-22.1C806,49.6,745.3,8.7,694.9,4.7S492.4,59,473,67.3z\"\/>\n\t<path class=\"elementor-shape-fill\" opacity=\"0.66\" d=\"M734,67.3c-45.5,0-77.2-23.2-129.1-39.1c-28.6-8.7-150.3-10.1-254,39.1 s-91.7-34.4-149.2,0C115.7,118.3,0,39.8,0,39.8V0h1000v36.5c0,0-28.2-18.5-92.1-18.5C810.2,18.1,775.7,67.3,734,67.3z\"\/>\n\t<path class=\"elementor-shape-fill\" d=\"M766.1,28.9c-200-57.5-266,65.5-395.1,19.5C242,1.8,242,5.4,184.8,20.6C128,35.8,132.3,44.9,89.9,52.5C28.6,63.7,0,0,0,0 h1000c0,0-9.9,40.9-83.6,48.1S829.6,47,766.1,28.9z\"\/>\n<\/svg>\t\t<\/div>\n\t\t\t\t\t<div class=\"elementor-container elementor-column-gap-default\">\n\t\t\t\t\t<div class=\"elementor-column elementor-col-100 elementor-top-column elementor-element elementor-element-e2e6153\" data-id=\"e2e6153\" data-element_type=\"column\" data-e-type=\"column\">\n\t\t\t<div class=\"elementor-widget-wrap elementor-element-populated\">\n\t\t\t\t\t\t\t<\/div>\n\t\t<\/div>\n\t\t\t\t\t<\/div>\n\t\t<\/section>\n\t\t\t\t<section class=\"elementor-section elementor-top-section elementor-element elementor-element-2bceaa7 elementor-section-boxed elementor-section-height-default elementor-section-height-default\" data-id=\"2bceaa7\" data-element_type=\"section\" data-e-type=\"section\">\n\t\t\t\t\t\t<div class=\"elementor-container elementor-column-gap-default\">\n\t\t\t\t\t<div class=\"elementor-column elementor-col-100 elementor-top-column elementor-element elementor-element-cd818ac\" data-id=\"cd818ac\" data-element_type=\"column\" data-e-type=\"column\">\n\t\t\t<div class=\"elementor-widget-wrap elementor-element-populated\">\n\t\t\t\t\t\t<div class=\"elementor-element elementor-element-d05fd4b elementor-widget elementor-widget-text-editor\" data-id=\"d05fd4b\" data-element_type=\"widget\" data-e-type=\"widget\" data-widget_type=\"text-editor.default\">\n\t\t\t\t<div class=\"elementor-widget-container\">\n\t\t\t\t\t\t\t\t\t<h3><strong>MENSAJER\u00cdA DE TEXTO<\/strong><\/h3>\n<p>A los pacientes\/clientes\/residentes se les proporcionar\u00e1 la siguiente Pol\u00edtica de privacidad de mensajes de texto y los T\u00e9rminos y condiciones de mensajes de texto de Vida Inc.:<\/p>\n<h4><strong>T\u00c9RMINOS Y CONDICIONES<\/strong><\/h4>\n<p><span class=\"TextRun SCXW177169203 BCX0\" lang=\"EN-US\" xml:lang=\"EN-US\" data-contrast=\"auto\"><span class=\"NormalTextRun SCXW177169203 BCX0\">El consentimiento por mensaje de texto solo se puede dar en persona<\/span><span class=\"NormalTextRun SCXW177169203 BCX0\">,<\/span><span class=\"NormalTextRun SCXW177169203 BCX0\"> En el centro<\/span><span class=\"NormalTextRun SCXW177169203 BCX0\">,<\/span><span class=\"NormalTextRun SCXW177169203 BCX0\"> y por escrito. Al marcar la casilla de mensajes de texto en el formulario de admisi\u00f3n que se proporciona en el centro, usted acepta recibir mensajes de texto de Vida Inc al n\u00famero proporcionado, incluidos los mensajes enviados por <\/span><span class=\"NormalTextRun SCXW177169203 BCX0\">marcaci\u00f3n autom\u00e1tica<\/span><span class=\"NormalTextRun SCXW177169203 BCX0\">es<\/span><span class=\"NormalTextRun SCXW177169203 BCX0\">.<\/span><span class=\"NormalTextRun SCXW177169203 BCX0\">&nbsp;<\/span><span class=\"NormalTextRun SCXW177169203 BCX0\"> &nbsp;<\/span><span class=\"NormalTextRun SCXW177169203 BCX0\">El consentimiento no es una condici\u00f3n de compra ya que no hay tarifas por ning\u00fan servicio de Vida.<\/span><span class=\"NormalTextRun SCXW177169203 BCX0\">esto<\/span><span class=\"NormalTextRun SCXW177169203 BCX0\">.<\/span><span class=\"NormalTextRun SCXW177169203 BCX0\"> &nbsp;<\/span><span class=\"NormalTextRun SCXW177169203 BCX0\">Se pueden aplicar tarifas por mensajes y datos al enviar mensajes de texto.<\/span><span class=\"NormalTextRun SCXW177169203 BCX0\">. <\/span><span class=\"NormalTextRun SCXW177169203 BCX0\">La frecuencia de los mensajes variar\u00e1. <\/span><span class=\"NormalTextRun SCXW177169203 BCX0\">Los transportistas no son responsables de los mensajes retrasados o no entregados. Env\u00ede un mensaje de texto con la palabra HELP para obtener ayuda.&nbsp;<\/span><span class=\"NormalTextRun SCXW177169203 BCX0\">Cancele su suscripci\u00f3n en cualquier momento respondiendo STOP o haciendo clic en el enlace para cancelar la suscripci\u00f3n (si est\u00e1 disponible) y no se enviar\u00e1n m\u00e1s mensajes.<\/span><span class=\"NormalTextRun SCXW177169203 BCX0\">Nuevo Testamento<\/span><span class=\"NormalTextRun SCXW177169203 BCX0\">.<\/span><span class=\"NormalTextRun SCXW177169203 BCX0\"> &nbsp;<\/span><span class=\"NormalTextRun SCXW177169203 BCX0\">La informaci\u00f3n no se compartir\u00e1 con terceros con fines de marketing o promoci\u00f3n.<\/span><span class=\"NormalTextRun SCXW177169203 BCX0\">, salvo que lo exija la ley.<\/span><\/span><\/p>\t\t\t\t\t\t\t\t<\/div>\n\t\t\t\t<\/div>\n\t\t\t\t\t<\/div>\n\t\t<\/div>\n\t\t\t\t\t<\/div>\n\t\t<\/section>\n\t\t\t\t<\/div>","protected":false},"excerpt":{"rendered":"<p>TEXT MESSAGING Patients\/clients\/residents will be given the following Vida Inc. Text Messaging Privacy Policy and Text Messaging Terms &amp; Conditions: TERMS &amp; CONDITIONS Text message consent can only be given in person, at the center, and in writing. By checking the text message box on the intake form provided at the center, you are consenting [&hellip;]<\/p>\n","protected":false},"author":7,"featured_media":0,"parent":0,"menu_order":0,"comment_status":"closed","ping_status":"closed","template":"","meta":{"footnotes":""},"class_list":["post-3898","page","type-page","status-publish","hentry"],"_links":{"self":[{"href":"https:\/\/vidasupportservices.org\/es\/wp-json\/wp\/v2\/pages\/3898","targetHints":{"allow":["GET"]}}],"collection":[{"href":"https:\/\/vidasupportservices.org\/es\/wp-json\/wp\/v2\/pages"}],"about":[{"href":"https:\/\/vidasupportservices.org\/es\/wp-json\/wp\/v2\/types\/page"}],"author":[{"embeddable":true,"href":"https:\/\/vidasupportservices.org\/es\/wp-json\/wp\/v2\/users\/7"}],"replies":[{"embeddable":true,"href":"https:\/\/vidasupportservices.org\/es\/wp-json\/wp\/v2\/comments?post=3898"}],"version-history":[{"count":13,"href":"https:\/\/vidasupportservices.org\/es\/wp-json\/wp\/v2\/pages\/3898\/revisions"}],"predecessor-version":[{"id":4025,"href":"https:\/\/vidasupportservices.org\/es\/wp-json\/wp\/v2\/pages\/3898\/revisions\/4025"}],"wp:attachment":[{"href":"https:\/\/vidasupportservices.org\/es\/wp-json\/wp\/v2\/media?parent=3898"}],"curies":[{"name":"gracias","href":"https:\/\/api.w.org\/{rel}","templated":true}]}}