{"id":4217,"date":"2025-08-21T10:43:52","date_gmt":"2025-08-21T15:43:52","guid":{"rendered":"https:\/\/vidasupportservices.org\/?page_id=4217"},"modified":"2025-08-21T13:15:15","modified_gmt":"2025-08-21T18:15:15","slug":"appleton","status":"publish","type":"page","link":"https:\/\/vidasupportservices.org\/es\/appleton\/","title":{"rendered":"Appleton"},"content":{"rendered":"<div data-elementor-type=\"wp-page\" data-elementor-id=\"4217\" class=\"elementor elementor-4217\" data-elementor-post-type=\"page\">\n\t\t\t\t\t\t<section class=\"elementor-section elementor-top-section elementor-element elementor-element-1d32b66 elementor-section-height-min-height elementor-section-boxed elementor-section-height-default elementor-section-items-middle\" data-id=\"1d32b66\" data-element_type=\"section\" data-e-type=\"section\" data-settings=\"{&quot;background_background&quot;:&quot;classic&quot;,&quot;shape_divider_bottom&quot;:&quot;mountains&quot;}\">\n\t\t\t\t\t<div class=\"elementor-shape elementor-shape-bottom\" aria-hidden=\"true\" data-negative=\"false\">\n\t\t\t<svg xmlns=\"http:\/\/www.w3.org\/2000\/svg\" viewbox=\"0 0 1000 100\" preserveaspectratio=\"none\">\n\t<path class=\"elementor-shape-fill\" opacity=\"0.33\" d=\"M473,67.3c-203.9,88.3-263.1-34-320.3,0C66,119.1,0,59.7,0,59.7V0h1000v59.7 c0,0-62.1,26.1-94.9,29.3c-32.8,3.3-62.8-12.3-75.8-22.1C806,49.6,745.3,8.7,694.9,4.7S492.4,59,473,67.3z\"\/>\n\t<path class=\"elementor-shape-fill\" opacity=\"0.66\" d=\"M734,67.3c-45.5,0-77.2-23.2-129.1-39.1c-28.6-8.7-150.3-10.1-254,39.1 s-91.7-34.4-149.2,0C115.7,118.3,0,39.8,0,39.8V0h1000v36.5c0,0-28.2-18.5-92.1-18.5C810.2,18.1,775.7,67.3,734,67.3z\"\/>\n\t<path class=\"elementor-shape-fill\" d=\"M766.1,28.9c-200-57.5-266,65.5-395.1,19.5C242,1.8,242,5.4,184.8,20.6C128,35.8,132.3,44.9,89.9,52.5C28.6,63.7,0,0,0,0 h1000c0,0-9.9,40.9-83.6,48.1S829.6,47,766.1,28.9z\"\/>\n<\/svg>\t\t<\/div>\n\t\t\t\t\t<div class=\"elementor-container elementor-column-gap-default\">\n\t\t\t\t\t<div class=\"elementor-column elementor-col-100 elementor-top-column elementor-element elementor-element-905a764\" data-id=\"905a764\" data-element_type=\"column\" data-e-type=\"column\">\n\t\t\t<div class=\"elementor-widget-wrap elementor-element-populated\">\n\t\t\t\t\t\t\t<\/div>\n\t\t<\/div>\n\t\t\t\t\t<\/div>\n\t\t<\/section>\n\t\t\t\t<section class=\"elementor-section elementor-top-section elementor-element elementor-element-5f52f31 elementor-section-boxed elementor-section-height-default elementor-section-height-default\" data-id=\"5f52f31\" data-element_type=\"section\" data-e-type=\"section\">\n\t\t\t\t\t\t<div class=\"elementor-container elementor-column-gap-default\">\n\t\t\t\t\t<div class=\"elementor-column elementor-col-100 elementor-top-column elementor-element elementor-element-2c67cee\" data-id=\"2c67cee\" data-element_type=\"column\" data-e-type=\"column\">\n\t\t\t<div class=\"elementor-widget-wrap elementor-element-populated\">\n\t\t\t\t\t\t<div class=\"elementor-element elementor-element-46b836c elementor-widget elementor-widget-text-editor\" data-id=\"46b836c\" data-element_type=\"widget\" data-e-type=\"widget\" data-widget_type=\"text-editor.default\">\n\t\t\t\t<div class=\"elementor-widget-container\">\n\t\t\t\t\t\t\t\t\t<div style=\"align-self: auto; flex: 0 1 auto; order: 0; place-content: normal; align-items: normal; flex-flow: row; gap: normal; --widgets-spacing: 20px 20px; --widgets-spacing-row: 20px; --widgets-spacing-column: 20px; --swiper-theme-color: #000; --swiper-navigation-size: 44px; --swiper-pagination-bullet-size: 6px; --swiper-pagination-bullet-horizontal-gap: 6px; margin-bottom: 20px;\" data-id=\"10c77f6\" data-element_type=\"widget\" data-widget_type=\"heading.default\"><div style=\"transition: background 0.3s, border 0.3s, border-radius 0.3s, box-shadow 0.3s, transform 0.4s;\"><h2>Servicios de apoyo para padres de Vida<\/h2><\/div><\/div><div style=\"align-self: auto; flex: 0 1 auto; order: 0; place-content: normal; align-items: normal; flex-flow: row; gap: normal; --widgets-spacing: 20px 20px; --widgets-spacing-row: 20px; --widgets-spacing-column: 20px; --swiper-theme-color: #000; --swiper-navigation-size: 44px; --swiper-pagination-bullet-size: 6px; --swiper-pagination-bullet-horizontal-gap: 6px;\" data-id=\"12a2a0d\" data-element_type=\"widget\" data-widget_type=\"text-editor.default\"><div style=\"transition: background 0.3s, border 0.3s, border-radius 0.3s, box-shadow 0.3s, transform 0.4s;\"><p>Vida en Appleton es nuestro centro principal. En este lugar, Vida ofrece educaci\u00f3n gratuita sobre embarazo y paternidad para hombres, mujeres y parejas, apoyo material, referencias a recursos comunitarios, servicios biling\u00fces en espa\u00f1ol y m\u00e1s. Obtenga m\u00e1s informaci\u00f3n sobre los Servicios de Apoyo para Padres. <a href=\"http:\/\/vidasupportservices.org\/es\/\" data-wpel-link=\"external\" target=\"_blank\" rel=\"external noopener noreferrer\">aqu\u00ed<\/a>La entrada a los Servicios de Apoyo a los Padres se encuentra en el nivel inferior.<\/p><p><span style=\"font-weight: bolder;\">Ubicaci\u00f3n:\u00a0<\/span><a style=\"color: #035c8e;\" href=\"https:\/\/maps.app.goo.gl\/71wndbyz4XuYN6FYA\" target=\"_blank\" rel=\"noopener external noreferrer\" data-wpel-link=\"external\">720 W. Association Drive, Appleton, Wisconsin 54914<\/a><\/p><p><span style=\"font-weight: bolder;\">Horas:\u00a0<\/span>Lunes a jueves de 9 a 17 horas<\/p><\/div><\/div>\t\t\t\t\t\t\t\t<\/div>\n\t\t\t\t<\/div>\n\t\t\t\t\t<\/div>\n\t\t<\/div>\n\t\t\t\t\t<\/div>\n\t\t<\/section>\n\t\t\t\t<section class=\"elementor-section elementor-top-section elementor-element elementor-element-816bfe7 elementor-section-boxed elementor-section-height-default elementor-section-height-default\" data-id=\"816bfe7\" data-element_type=\"section\" data-e-type=\"section\">\n\t\t\t\t\t\t<div class=\"elementor-container elementor-column-gap-default\">\n\t\t\t\t\t<div class=\"elementor-column elementor-col-33 elementor-top-column elementor-element elementor-element-499e995\" data-id=\"499e995\" data-element_type=\"column\" data-e-type=\"column\">\n\t\t\t<div class=\"elementor-widget-wrap elementor-element-populated\">\n\t\t\t\t\t\t<div class=\"elementor-element elementor-element-6064df7 elementor-widget elementor-widget-image\" data-id=\"6064df7\" data-element_type=\"widget\" data-e-type=\"widget\" data-widget_type=\"image.default\">\n\t\t\t\t<div class=\"elementor-widget-container\">\n\t\t\t\t\t\t\t\t\t\t\t\t\t\t\t<img fetchpriority=\"high\" decoding=\"async\" width=\"800\" height=\"533\" src=\"https:\/\/vidasupportservices.org\/wp-content\/uploads\/2025\/08\/Support-Website-Images-4-1024x682.png\" class=\"attachment-large size-large wp-image-4231\" alt=\"\" srcset=\"https:\/\/vidasupportservices.org\/wp-content\/uploads\/2025\/08\/Support-Website-Images-4-1024x682.png 1024w, https:\/\/vidasupportservices.org\/wp-content\/uploads\/2025\/08\/Support-Website-Images-4-300x200.png 300w, https:\/\/vidasupportservices.org\/wp-content\/uploads\/2025\/08\/Support-Website-Images-4-768x512.png 768w, https:\/\/vidasupportservices.org\/wp-content\/uploads\/2025\/08\/Support-Website-Images-4-1536x1024.png 1536w, https:\/\/vidasupportservices.org\/wp-content\/uploads\/2025\/08\/Support-Website-Images-4-18x12.png 18w, https:\/\/vidasupportservices.org\/wp-content\/uploads\/2025\/08\/Support-Website-Images-4.png 2000w\" sizes=\"(max-width: 800px) 100vw, 800px\" \/>\t\t\t\t\t\t\t\t\t\t\t\t\t\t\t<\/div>\n\t\t\t\t<\/div>\n\t\t\t\t\t<\/div>\n\t\t<\/div>\n\t\t\t\t<div class=\"elementor-column elementor-col-33 elementor-top-column elementor-element elementor-element-56fbb86\" data-id=\"56fbb86\" data-element_type=\"column\" data-e-type=\"column\">\n\t\t\t<div class=\"elementor-widget-wrap elementor-element-populated\">\n\t\t\t\t\t\t<div class=\"elementor-element elementor-element-49fa87c elementor-widget elementor-widget-image\" data-id=\"49fa87c\" data-element_type=\"widget\" data-e-type=\"widget\" data-widget_type=\"image.default\">\n\t\t\t\t<div class=\"elementor-widget-container\">\n\t\t\t\t\t\t\t\t\t\t\t\t\t\t\t<img decoding=\"async\" width=\"800\" height=\"533\" data-src=\"https:\/\/vidasupportservices.org\/wp-content\/uploads\/2025\/08\/Support-Website-Images-8-1024x682.png\" class=\"attachment-large size-large wp-image-4227 lazyload\" alt=\"\" data-srcset=\"https:\/\/vidasupportservices.org\/wp-content\/uploads\/2025\/08\/Support-Website-Images-8-1024x682.png 1024w, https:\/\/vidasupportservices.org\/wp-content\/uploads\/2025\/08\/Support-Website-Images-8-300x200.png 300w, https:\/\/vidasupportservices.org\/wp-content\/uploads\/2025\/08\/Support-Website-Images-8-768x512.png 768w, https:\/\/vidasupportservices.org\/wp-content\/uploads\/2025\/08\/Support-Website-Images-8-1536x1024.png 1536w, https:\/\/vidasupportservices.org\/wp-content\/uploads\/2025\/08\/Support-Website-Images-8-18x12.png 18w, https:\/\/vidasupportservices.org\/wp-content\/uploads\/2025\/08\/Support-Website-Images-8.png 2000w\" data-sizes=\"(max-width: 800px) 100vw, 800px\" src=\"data:image\/svg+xml;base64,PHN2ZyB3aWR0aD0iMSIgaGVpZ2h0PSIxIiB4bWxucz0iaHR0cDovL3d3dy53My5vcmcvMjAwMC9zdmciPjwvc3ZnPg==\" style=\"--smush-placeholder-width: 800px; --smush-placeholder-aspect-ratio: 800\/533;\" \/>\t\t\t\t\t\t\t\t\t\t\t\t\t\t\t<\/div>\n\t\t\t\t<\/div>\n\t\t\t\t\t<\/div>\n\t\t<\/div>\n\t\t\t\t<div class=\"elementor-column elementor-col-33 elementor-top-column elementor-element elementor-element-c31e09a\" data-id=\"c31e09a\" data-element_type=\"column\" data-e-type=\"column\">\n\t\t\t<div class=\"elementor-widget-wrap elementor-element-populated\">\n\t\t\t\t\t\t<div class=\"elementor-element elementor-element-4c988ae elementor-widget elementor-widget-image\" data-id=\"4c988ae\" data-element_type=\"widget\" data-e-type=\"widget\" data-widget_type=\"image.default\">\n\t\t\t\t<div class=\"elementor-widget-container\">\n\t\t\t\t\t\t\t\t\t\t\t\t\t\t\t<img decoding=\"async\" width=\"800\" height=\"533\" data-src=\"https:\/\/vidasupportservices.org\/wp-content\/uploads\/2025\/08\/Support-Website-Images-10-1024x682.png\" class=\"attachment-large size-large wp-image-4225 lazyload\" alt=\"\" data-srcset=\"https:\/\/vidasupportservices.org\/wp-content\/uploads\/2025\/08\/Support-Website-Images-10-1024x682.png 1024w, https:\/\/vidasupportservices.org\/wp-content\/uploads\/2025\/08\/Support-Website-Images-10-300x200.png 300w, https:\/\/vidasupportservices.org\/wp-content\/uploads\/2025\/08\/Support-Website-Images-10-768x512.png 768w, https:\/\/vidasupportservices.org\/wp-content\/uploads\/2025\/08\/Support-Website-Images-10-1536x1024.png 1536w, https:\/\/vidasupportservices.org\/wp-content\/uploads\/2025\/08\/Support-Website-Images-10-18x12.png 18w, https:\/\/vidasupportservices.org\/wp-content\/uploads\/2025\/08\/Support-Website-Images-10.png 2000w\" data-sizes=\"(max-width: 800px) 100vw, 800px\" src=\"data:image\/svg+xml;base64,PHN2ZyB3aWR0aD0iMSIgaGVpZ2h0PSIxIiB4bWxucz0iaHR0cDovL3d3dy53My5vcmcvMjAwMC9zdmciPjwvc3ZnPg==\" style=\"--smush-placeholder-width: 800px; --smush-placeholder-aspect-ratio: 800\/533;\" \/>\t\t\t\t\t\t\t\t\t\t\t\t\t\t\t<\/div>\n\t\t\t\t<\/div>\n\t\t\t\t\t<\/div>\n\t\t<\/div>\n\t\t\t\t\t<\/div>\n\t\t<\/section>\n\t\t\t\t<section class=\"elementor-section elementor-top-section elementor-element elementor-element-359b764 elementor-section-boxed elementor-section-height-default elementor-section-height-default\" data-id=\"359b764\" data-element_type=\"section\" data-e-type=\"section\">\n\t\t\t\t\t\t<div class=\"elementor-container elementor-column-gap-default\">\n\t\t\t\t\t<div class=\"elementor-column elementor-col-33 elementor-top-column elementor-element elementor-element-f7ad933\" data-id=\"f7ad933\" data-element_type=\"column\" data-e-type=\"column\">\n\t\t\t<div class=\"elementor-widget-wrap elementor-element-populated\">\n\t\t\t\t\t\t<div class=\"elementor-element elementor-element-6783c74 elementor-widget elementor-widget-image\" data-id=\"6783c74\" data-element_type=\"widget\" data-e-type=\"widget\" data-widget_type=\"image.default\">\n\t\t\t\t<div class=\"elementor-widget-container\">\n\t\t\t\t\t\t\t\t\t\t\t\t\t\t\t<img decoding=\"async\" width=\"800\" height=\"533\" data-src=\"https:\/\/vidasupportservices.org\/wp-content\/uploads\/2025\/08\/Support-Website-Images-11-1024x682.png\" class=\"attachment-large size-large wp-image-4224 lazyload\" alt=\"\" data-srcset=\"https:\/\/vidasupportservices.org\/wp-content\/uploads\/2025\/08\/Support-Website-Images-11-1024x682.png 1024w, https:\/\/vidasupportservices.org\/wp-content\/uploads\/2025\/08\/Support-Website-Images-11-300x200.png 300w, https:\/\/vidasupportservices.org\/wp-content\/uploads\/2025\/08\/Support-Website-Images-11-768x512.png 768w, https:\/\/vidasupportservices.org\/wp-content\/uploads\/2025\/08\/Support-Website-Images-11-1536x1024.png 1536w, https:\/\/vidasupportservices.org\/wp-content\/uploads\/2025\/08\/Support-Website-Images-11-18x12.png 18w, https:\/\/vidasupportservices.org\/wp-content\/uploads\/2025\/08\/Support-Website-Images-11.png 2000w\" data-sizes=\"(max-width: 800px) 100vw, 800px\" src=\"data:image\/svg+xml;base64,PHN2ZyB3aWR0aD0iMSIgaGVpZ2h0PSIxIiB4bWxucz0iaHR0cDovL3d3dy53My5vcmcvMjAwMC9zdmciPjwvc3ZnPg==\" style=\"--smush-placeholder-width: 800px; --smush-placeholder-aspect-ratio: 800\/533;\" \/>\t\t\t\t\t\t\t\t\t\t\t\t\t\t\t<\/div>\n\t\t\t\t<\/div>\n\t\t\t\t\t<\/div>\n\t\t<\/div>\n\t\t\t\t<div class=\"elementor-column elementor-col-33 elementor-top-column elementor-element elementor-element-d1f45e8\" data-id=\"d1f45e8\" data-element_type=\"column\" data-e-type=\"column\">\n\t\t\t<div class=\"elementor-widget-wrap elementor-element-populated\">\n\t\t\t\t\t\t<div class=\"elementor-element elementor-element-2120f92 elementor-widget elementor-widget-image\" data-id=\"2120f92\" data-element_type=\"widget\" data-e-type=\"widget\" data-widget_type=\"image.default\">\n\t\t\t\t<div class=\"elementor-widget-container\">\n\t\t\t\t\t\t\t\t\t\t\t\t\t\t\t<img decoding=\"async\" width=\"800\" height=\"533\" data-src=\"https:\/\/vidasupportservices.org\/wp-content\/uploads\/2025\/08\/Support-Website-Images-5-1024x682.png\" class=\"attachment-large size-large wp-image-4230 lazyload\" alt=\"\" data-srcset=\"https:\/\/vidasupportservices.org\/wp-content\/uploads\/2025\/08\/Support-Website-Images-5-1024x682.png 1024w, https:\/\/vidasupportservices.org\/wp-content\/uploads\/2025\/08\/Support-Website-Images-5-300x200.png 300w, https:\/\/vidasupportservices.org\/wp-content\/uploads\/2025\/08\/Support-Website-Images-5-768x512.png 768w, https:\/\/vidasupportservices.org\/wp-content\/uploads\/2025\/08\/Support-Website-Images-5-1536x1024.png 1536w, https:\/\/vidasupportservices.org\/wp-content\/uploads\/2025\/08\/Support-Website-Images-5-18x12.png 18w, https:\/\/vidasupportservices.org\/wp-content\/uploads\/2025\/08\/Support-Website-Images-5.png 2000w\" data-sizes=\"(max-width: 800px) 100vw, 800px\" src=\"data:image\/svg+xml;base64,PHN2ZyB3aWR0aD0iMSIgaGVpZ2h0PSIxIiB4bWxucz0iaHR0cDovL3d3dy53My5vcmcvMjAwMC9zdmciPjwvc3ZnPg==\" style=\"--smush-placeholder-width: 800px; --smush-placeholder-aspect-ratio: 800\/533;\" \/>\t\t\t\t\t\t\t\t\t\t\t\t\t\t\t<\/div>\n\t\t\t\t<\/div>\n\t\t\t\t\t<\/div>\n\t\t<\/div>\n\t\t\t\t<div class=\"elementor-column elementor-col-33 elementor-top-column elementor-element elementor-element-efa48a3\" data-id=\"efa48a3\" data-element_type=\"column\" data-e-type=\"column\">\n\t\t\t<div class=\"elementor-widget-wrap elementor-element-populated\">\n\t\t\t\t\t\t<div class=\"elementor-element elementor-element-601d715 elementor-widget elementor-widget-image\" data-id=\"601d715\" data-element_type=\"widget\" data-e-type=\"widget\" data-widget_type=\"image.default\">\n\t\t\t\t<div class=\"elementor-widget-container\">\n\t\t\t\t\t\t\t\t\t\t\t\t\t\t\t<img decoding=\"async\" width=\"800\" height=\"533\" data-src=\"https:\/\/vidasupportservices.org\/wp-content\/uploads\/2025\/08\/Support-Website-Images-6-1024x682.png\" class=\"attachment-large size-large wp-image-4229 lazyload\" alt=\"\" data-srcset=\"https:\/\/vidasupportservices.org\/wp-content\/uploads\/2025\/08\/Support-Website-Images-6-1024x682.png 1024w, https:\/\/vidasupportservices.org\/wp-content\/uploads\/2025\/08\/Support-Website-Images-6-300x200.png 300w, https:\/\/vidasupportservices.org\/wp-content\/uploads\/2025\/08\/Support-Website-Images-6-768x512.png 768w, https:\/\/vidasupportservices.org\/wp-content\/uploads\/2025\/08\/Support-Website-Images-6-1536x1024.png 1536w, https:\/\/vidasupportservices.org\/wp-content\/uploads\/2025\/08\/Support-Website-Images-6-18x12.png 18w, https:\/\/vidasupportservices.org\/wp-content\/uploads\/2025\/08\/Support-Website-Images-6.png 2000w\" data-sizes=\"(max-width: 800px) 100vw, 800px\" src=\"data:image\/svg+xml;base64,PHN2ZyB3aWR0aD0iMSIgaGVpZ2h0PSIxIiB4bWxucz0iaHR0cDovL3d3dy53My5vcmcvMjAwMC9zdmciPjwvc3ZnPg==\" style=\"--smush-placeholder-width: 800px; --smush-placeholder-aspect-ratio: 800\/533;\" \/>\t\t\t\t\t\t\t\t\t\t\t\t\t\t\t<\/div>\n\t\t\t\t<\/div>\n\t\t\t\t\t<\/div>\n\t\t<\/div>\n\t\t\t\t\t<\/div>\n\t\t<\/section>\n\t\t\t\t<section class=\"elementor-section elementor-top-section elementor-element elementor-element-0c143a4 elementor-section-boxed elementor-section-height-default elementor-section-height-default\" data-id=\"0c143a4\" data-element_type=\"section\" data-e-type=\"section\">\n\t\t\t\t\t\t<div class=\"elementor-container elementor-column-gap-default\">\n\t\t\t\t\t<div class=\"elementor-column elementor-col-33 elementor-top-column elementor-element elementor-element-255900c\" data-id=\"255900c\" data-element_type=\"column\" data-e-type=\"column\">\n\t\t\t<div class=\"elementor-widget-wrap elementor-element-populated\">\n\t\t\t\t\t\t<div class=\"elementor-element elementor-element-59d1c0e elementor-widget elementor-widget-image\" data-id=\"59d1c0e\" data-element_type=\"widget\" data-e-type=\"widget\" data-widget_type=\"image.default\">\n\t\t\t\t<div class=\"elementor-widget-container\">\n\t\t\t\t\t\t\t\t\t\t\t\t\t\t\t<img decoding=\"async\" width=\"800\" height=\"533\" data-src=\"https:\/\/vidasupportservices.org\/wp-content\/uploads\/2025\/08\/Support-Website-Images-12-1024x682.png\" class=\"attachment-large size-large wp-image-4223 lazyload\" alt=\"\" data-srcset=\"https:\/\/vidasupportservices.org\/wp-content\/uploads\/2025\/08\/Support-Website-Images-12-1024x682.png 1024w, https:\/\/vidasupportservices.org\/wp-content\/uploads\/2025\/08\/Support-Website-Images-12-300x200.png 300w, https:\/\/vidasupportservices.org\/wp-content\/uploads\/2025\/08\/Support-Website-Images-12-768x512.png 768w, https:\/\/vidasupportservices.org\/wp-content\/uploads\/2025\/08\/Support-Website-Images-12-1536x1024.png 1536w, https:\/\/vidasupportservices.org\/wp-content\/uploads\/2025\/08\/Support-Website-Images-12-18x12.png 18w, https:\/\/vidasupportservices.org\/wp-content\/uploads\/2025\/08\/Support-Website-Images-12.png 2000w\" data-sizes=\"(max-width: 800px) 100vw, 800px\" src=\"data:image\/svg+xml;base64,PHN2ZyB3aWR0aD0iMSIgaGVpZ2h0PSIxIiB4bWxucz0iaHR0cDovL3d3dy53My5vcmcvMjAwMC9zdmciPjwvc3ZnPg==\" style=\"--smush-placeholder-width: 800px; --smush-placeholder-aspect-ratio: 800\/533;\" \/>\t\t\t\t\t\t\t\t\t\t\t\t\t\t\t<\/div>\n\t\t\t\t<\/div>\n\t\t\t\t\t<\/div>\n\t\t<\/div>\n\t\t\t\t<div class=\"elementor-column elementor-col-33 elementor-top-column elementor-element elementor-element-9b1aa7c\" data-id=\"9b1aa7c\" data-element_type=\"column\" data-e-type=\"column\">\n\t\t\t<div class=\"elementor-widget-wrap elementor-element-populated\">\n\t\t\t\t\t\t<div class=\"elementor-element elementor-element-9cd6beb elementor-widget elementor-widget-image\" data-id=\"9cd6beb\" data-element_type=\"widget\" data-e-type=\"widget\" data-widget_type=\"image.default\">\n\t\t\t\t<div class=\"elementor-widget-container\">\n\t\t\t\t\t\t\t\t\t\t\t\t\t\t\t<img decoding=\"async\" width=\"800\" height=\"533\" data-src=\"https:\/\/vidasupportservices.org\/wp-content\/uploads\/2025\/08\/Support-Website-Images-7-1024x682.png\" class=\"attachment-large size-large wp-image-4228 lazyload\" alt=\"\" data-srcset=\"https:\/\/vidasupportservices.org\/wp-content\/uploads\/2025\/08\/Support-Website-Images-7-1024x682.png 1024w, https:\/\/vidasupportservices.org\/wp-content\/uploads\/2025\/08\/Support-Website-Images-7-300x200.png 300w, https:\/\/vidasupportservices.org\/wp-content\/uploads\/2025\/08\/Support-Website-Images-7-768x512.png 768w, https:\/\/vidasupportservices.org\/wp-content\/uploads\/2025\/08\/Support-Website-Images-7-1536x1024.png 1536w, https:\/\/vidasupportservices.org\/wp-content\/uploads\/2025\/08\/Support-Website-Images-7-18x12.png 18w, https:\/\/vidasupportservices.org\/wp-content\/uploads\/2025\/08\/Support-Website-Images-7.png 2000w\" data-sizes=\"(max-width: 800px) 100vw, 800px\" src=\"data:image\/svg+xml;base64,PHN2ZyB3aWR0aD0iMSIgaGVpZ2h0PSIxIiB4bWxucz0iaHR0cDovL3d3dy53My5vcmcvMjAwMC9zdmciPjwvc3ZnPg==\" style=\"--smush-placeholder-width: 800px; --smush-placeholder-aspect-ratio: 800\/533;\" \/>\t\t\t\t\t\t\t\t\t\t\t\t\t\t\t<\/div>\n\t\t\t\t<\/div>\n\t\t\t\t\t<\/div>\n\t\t<\/div>\n\t\t\t\t<div class=\"elementor-column elementor-col-33 elementor-top-column elementor-element elementor-element-442ec08\" data-id=\"442ec08\" data-element_type=\"column\" data-e-type=\"column\">\n\t\t\t<div class=\"elementor-widget-wrap elementor-element-populated\">\n\t\t\t\t\t\t<div class=\"elementor-element elementor-element-56313d1 elementor-widget elementor-widget-image\" data-id=\"56313d1\" data-element_type=\"widget\" data-e-type=\"widget\" data-widget_type=\"image.default\">\n\t\t\t\t<div class=\"elementor-widget-container\">\n\t\t\t\t\t\t\t\t\t\t\t\t\t\t\t<img decoding=\"async\" width=\"800\" height=\"533\" data-src=\"https:\/\/vidasupportservices.org\/wp-content\/uploads\/2025\/08\/Support-Website-Images-9-1024x682.png\" class=\"attachment-large size-large wp-image-4226 lazyload\" alt=\"\" data-srcset=\"https:\/\/vidasupportservices.org\/wp-content\/uploads\/2025\/08\/Support-Website-Images-9-1024x682.png 1024w, https:\/\/vidasupportservices.org\/wp-content\/uploads\/2025\/08\/Support-Website-Images-9-300x200.png 300w, https:\/\/vidasupportservices.org\/wp-content\/uploads\/2025\/08\/Support-Website-Images-9-768x512.png 768w, https:\/\/vidasupportservices.org\/wp-content\/uploads\/2025\/08\/Support-Website-Images-9-1536x1024.png 1536w, https:\/\/vidasupportservices.org\/wp-content\/uploads\/2025\/08\/Support-Website-Images-9-18x12.png 18w, https:\/\/vidasupportservices.org\/wp-content\/uploads\/2025\/08\/Support-Website-Images-9.png 2000w\" data-sizes=\"(max-width: 800px) 100vw, 800px\" src=\"data:image\/svg+xml;base64,PHN2ZyB3aWR0aD0iMSIgaGVpZ2h0PSIxIiB4bWxucz0iaHR0cDovL3d3dy53My5vcmcvMjAwMC9zdmciPjwvc3ZnPg==\" style=\"--smush-placeholder-width: 800px; --smush-placeholder-aspect-ratio: 800\/533;\" \/>\t\t\t\t\t\t\t\t\t\t\t\t\t\t\t<\/div>\n\t\t\t\t<\/div>\n\t\t\t\t\t<\/div>\n\t\t<\/div>\n\t\t\t\t\t<\/div>\n\t\t<\/section>\n\t\t\t\t<section class=\"elementor-section elementor-top-section elementor-element elementor-element-51a441a elementor-section-boxed elementor-section-height-default elementor-section-height-default\" data-id=\"51a441a\" data-element_type=\"section\" data-e-type=\"section\">\n\t\t\t\t\t\t<div class=\"elementor-container elementor-column-gap-default\">\n\t\t\t\t\t<div class=\"elementor-column elementor-col-100 elementor-top-column elementor-element elementor-element-69c6bc9\" data-id=\"69c6bc9\" data-element_type=\"column\" data-e-type=\"column\">\n\t\t\t<div class=\"elementor-widget-wrap elementor-element-populated\">\n\t\t\t\t\t\t<div class=\"elementor-element elementor-element-add087e elementor-widget elementor-widget-google_maps\" data-id=\"add087e\" data-element_type=\"widget\" data-e-type=\"widget\" data-widget_type=\"google_maps.default\">\n\t\t\t\t<div class=\"elementor-widget-container\">\n\t\t\t\t\t\t\t<div class=\"elementor-custom-embed\">\n\t\t\t<iframe\n\t\t\t\t\tdata-src=\"https:\/\/maps.google.com\/maps?q=720%20W%20Association%20Drive%2C%20Appleton%2C%20WI%2054914&#038;t=m&#038;z=14&#038;output=embed&#038;iwloc=near\"\n\t\t\t\t\ttitle=\"720 W Association Drive, Appleton, WI 54914\"\n\t\t\t\t\taria-label=\"720 W Association Drive, Appleton, WI 54914\"\n\t\t\t src=\"data:image\/svg+xml;base64,PHN2ZyB3aWR0aD0iMSIgaGVpZ2h0PSIxIiB4bWxucz0iaHR0cDovL3d3dy53My5vcmcvMjAwMC9zdmciPjwvc3ZnPg==\" class=\"lazyload\" data-load-mode=\"1\"><\/iframe>\n\t\t<\/div>\n\t\t\t\t\t\t<\/div>\n\t\t\t\t<\/div>\n\t\t\t\t\t<\/div>\n\t\t<\/div>\n\t\t\t\t\t<\/div>\n\t\t<\/section>\n\t\t\t\t<\/div>","protected":false},"excerpt":{"rendered":"<p>Vida Parent Support Services Vida in Appleton is our main center. At this location, Vida provides free pregnancy and parent education for men, women, and couples, material support, community resource referrals, Spanish bilingual services and more. Learn more about Parent Support Services here. The enterance to Parent Support Services can be found on the lower [&hellip;]<\/p>\n","protected":false},"author":7,"featured_media":0,"parent":0,"menu_order":0,"comment_status":"closed","ping_status":"closed","template":"","meta":{"footnotes":""},"class_list":["post-4217","page","type-page","status-publish","hentry"],"_links":{"self":[{"href":"https:\/\/vidasupportservices.org\/es\/wp-json\/wp\/v2\/pages\/4217","targetHints":{"allow":["GET"]}}],"collection":[{"href":"https:\/\/vidasupportservices.org\/es\/wp-json\/wp\/v2\/pages"}],"about":[{"href":"https:\/\/vidasupportservices.org\/es\/wp-json\/wp\/v2\/types\/page"}],"author":[{"embeddable":true,"href":"https:\/\/vidasupportservices.org\/es\/wp-json\/wp\/v2\/users\/7"}],"replies":[{"embeddable":true,"href":"https:\/\/vidasupportservices.org\/es\/wp-json\/wp\/v2\/comments?post=4217"}],"version-history":[{"count":10,"href":"https:\/\/vidasupportservices.org\/es\/wp-json\/wp\/v2\/pages\/4217\/revisions"}],"predecessor-version":[{"id":4273,"href":"https:\/\/vidasupportservices.org\/es\/wp-json\/wp\/v2\/pages\/4217\/revisions\/4273"}],"wp:attachment":[{"href":"https:\/\/vidasupportservices.org\/es\/wp-json\/wp\/v2\/media?parent=4217"}],"curies":[{"name":"gracias","href":"https:\/\/api.w.org\/{rel}","templated":true}]}}