{"id":4241,"date":"2025-08-21T11:43:54","date_gmt":"2025-08-21T16:43:54","guid":{"rendered":"https:\/\/vidasupportservices.org\/?page_id=4241"},"modified":"2025-08-21T13:10:30","modified_gmt":"2025-08-21T18:10:30","slug":"oshkosh","status":"publish","type":"page","link":"https:\/\/vidasupportservices.org\/es\/oshkosh\/","title":{"rendered":"Oshkosh"},"content":{"rendered":"<div data-elementor-type=\"wp-page\" data-elementor-id=\"4241\" class=\"elementor elementor-4241\" data-elementor-post-type=\"page\">\n\t\t\t\t\t\t<section class=\"elementor-section elementor-top-section elementor-element elementor-element-8689643 elementor-section-height-min-height elementor-section-boxed elementor-section-height-default elementor-section-items-middle\" data-id=\"8689643\" data-element_type=\"section\" data-e-type=\"section\" data-settings=\"{&quot;background_background&quot;:&quot;classic&quot;,&quot;shape_divider_bottom&quot;:&quot;mountains&quot;}\">\n\t\t\t\t\t<div class=\"elementor-shape elementor-shape-bottom\" aria-hidden=\"true\" data-negative=\"false\">\n\t\t\t<svg xmlns=\"http:\/\/www.w3.org\/2000\/svg\" viewbox=\"0 0 1000 100\" preserveaspectratio=\"none\">\n\t<path class=\"elementor-shape-fill\" opacity=\"0.33\" d=\"M473,67.3c-203.9,88.3-263.1-34-320.3,0C66,119.1,0,59.7,0,59.7V0h1000v59.7 c0,0-62.1,26.1-94.9,29.3c-32.8,3.3-62.8-12.3-75.8-22.1C806,49.6,745.3,8.7,694.9,4.7S492.4,59,473,67.3z\"\/>\n\t<path class=\"elementor-shape-fill\" opacity=\"0.66\" d=\"M734,67.3c-45.5,0-77.2-23.2-129.1-39.1c-28.6-8.7-150.3-10.1-254,39.1 s-91.7-34.4-149.2,0C115.7,118.3,0,39.8,0,39.8V0h1000v36.5c0,0-28.2-18.5-92.1-18.5C810.2,18.1,775.7,67.3,734,67.3z\"\/>\n\t<path class=\"elementor-shape-fill\" d=\"M766.1,28.9c-200-57.5-266,65.5-395.1,19.5C242,1.8,242,5.4,184.8,20.6C128,35.8,132.3,44.9,89.9,52.5C28.6,63.7,0,0,0,0 h1000c0,0-9.9,40.9-83.6,48.1S829.6,47,766.1,28.9z\"\/>\n<\/svg>\t\t<\/div>\n\t\t\t\t\t<div class=\"elementor-container elementor-column-gap-default\">\n\t\t\t\t\t<div class=\"elementor-column elementor-col-100 elementor-top-column elementor-element elementor-element-9adace7\" data-id=\"9adace7\" data-element_type=\"column\" data-e-type=\"column\">\n\t\t\t<div class=\"elementor-widget-wrap elementor-element-populated\">\n\t\t\t\t\t\t\t<\/div>\n\t\t<\/div>\n\t\t\t\t\t<\/div>\n\t\t<\/section>\n\t\t\t\t<section class=\"elementor-section elementor-top-section elementor-element elementor-element-7b8e1ca elementor-section-boxed elementor-section-height-default elementor-section-height-default\" data-id=\"7b8e1ca\" data-element_type=\"section\" data-e-type=\"section\">\n\t\t\t\t\t\t<div class=\"elementor-container elementor-column-gap-default\">\n\t\t\t\t\t<div class=\"elementor-column elementor-col-100 elementor-top-column elementor-element elementor-element-a96fa2b\" data-id=\"a96fa2b\" data-element_type=\"column\" data-e-type=\"column\">\n\t\t\t<div class=\"elementor-widget-wrap elementor-element-populated\">\n\t\t\t\t\t\t<div class=\"elementor-element elementor-element-4b5d493 elementor-widget elementor-widget-text-editor\" data-id=\"4b5d493\" data-element_type=\"widget\" data-e-type=\"widget\" data-widget_type=\"text-editor.default\">\n\t\t\t\t<div class=\"elementor-widget-container\">\n\t\t\t\t\t\t\t\t\t<div style=\"align-self: auto; flex: 0 1 auto; order: 0; place-content: normal; align-items: normal; flex-flow: row; gap: normal; --widgets-spacing: 20px 20px; --widgets-spacing-row: 20px; --widgets-spacing-column: 20px; --swiper-theme-color: #000; --swiper-navigation-size: 44px; --swiper-pagination-bullet-size: 6px; --swiper-pagination-bullet-horizontal-gap: 6px; margin-bottom: 20px;\" data-id=\"10c77f6\" data-element_type=\"widget\" data-widget_type=\"heading.default\"><div style=\"transition: background 0.3s, border 0.3s, border-radius 0.3s, box-shadow 0.3s, transform 0.4s;\"><h2>Servicios de apoyo para padres de Vida<\/h2><\/div><\/div><div style=\"align-self: auto; flex: 0 1 auto; order: 0; place-content: normal; align-items: normal; flex-flow: row; gap: normal; --widgets-spacing: 20px 20px; --widgets-spacing-row: 20px; --widgets-spacing-column: 20px; --swiper-theme-color: #000; --swiper-navigation-size: 44px; --swiper-pagination-bullet-size: 6px; --swiper-pagination-bullet-horizontal-gap: 6px;\" data-id=\"12a2a0d\" data-element_type=\"widget\" data-widget_type=\"text-editor.default\"><div style=\"transition: background 0.3s, border 0.3s, border-radius 0.3s, box-shadow 0.3s, transform 0.4s;\"><p>Vida abri\u00f3 su segundo <a href=\"http:\/\/vidasupportservices.org\/es\/\" data-wpel-link=\"external\" target=\"_blank\" rel=\"external noopener noreferrer\">Servicios de apoyo para padres<\/a> Ubicaci\u00f3n en Oshkosh el 12 de agosto de 2025. En esta ubicaci\u00f3n, Vida ofrece educaci\u00f3n gratuita sobre embarazo y paternidad para hombres, mujeres y parejas, apoyo material, referencias a recursos comunitarios y m\u00e1s. Obtenga m\u00e1s informaci\u00f3n sobre los Servicios de Apoyo para Padres. <a href=\"http:\/\/vidasupportservices.org\/es\/\" data-wpel-link=\"external\" target=\"_blank\" rel=\"external noopener noreferrer\">aqu\u00ed<\/a>Los servicios de apoyo para padres se pueden encontrar en el nivel inferior del edificio.<\/p><p><span style=\"font-weight: bolder;\">Ubicaci\u00f3n:\u00a0<\/span><a style=\"color: #035c8e;\" href=\"https:\/\/www.google.com\/search?q=601+Oregon+St,+Oshkosh,+WI+54902&amp;shndl=40&amp;shdeb=TYPE_COMPOUND_BUILDING&amp;source=sh\/x\/loc\/geo\/m1\/1&amp;kgs=d06885db2e96ac71&amp;utm_source=sh\/x\/loc\/geo\/m1\/1\" target=\"_blank\" rel=\"noopener external noreferrer\" data-wpel-link=\"external\">601 Oregon St. Suite C, Oshkosh, WI 54902<\/a><\/p><p><span style=\"font-weight: bolder;\">Horas:\u00a0<\/span>Lunes a jueves de 9 a 17 horas<\/p><\/div><\/div>\t\t\t\t\t\t\t\t<\/div>\n\t\t\t\t<\/div>\n\t\t\t\t\t<\/div>\n\t\t<\/div>\n\t\t\t\t\t<\/div>\n\t\t<\/section>\n\t\t\t\t<section class=\"elementor-section elementor-top-section elementor-element elementor-element-0eff9b7 elementor-section-boxed elementor-section-height-default elementor-section-height-default\" data-id=\"0eff9b7\" data-element_type=\"section\" data-e-type=\"section\">\n\t\t\t\t\t\t<div class=\"elementor-container elementor-column-gap-default\">\n\t\t\t\t\t<div class=\"elementor-column elementor-col-33 elementor-top-column elementor-element elementor-element-165129c\" data-id=\"165129c\" data-element_type=\"column\" data-e-type=\"column\">\n\t\t\t<div class=\"elementor-widget-wrap elementor-element-populated\">\n\t\t\t\t\t\t<div class=\"elementor-element elementor-element-e41ce3f elementor-widget elementor-widget-image\" data-id=\"e41ce3f\" data-element_type=\"widget\" data-e-type=\"widget\" data-widget_type=\"image.default\">\n\t\t\t\t<div class=\"elementor-widget-container\">\n\t\t\t\t\t\t\t\t\t\t\t\t\t\t\t<img fetchpriority=\"high\" decoding=\"async\" width=\"800\" height=\"533\" src=\"https:\/\/vidasupportservices.org\/wp-content\/uploads\/2025\/08\/Support-Website-Images-13-1024x682.png\" class=\"attachment-large size-large wp-image-4261\" alt=\"\" srcset=\"https:\/\/vidasupportservices.org\/wp-content\/uploads\/2025\/08\/Support-Website-Images-13-1024x682.png 1024w, https:\/\/vidasupportservices.org\/wp-content\/uploads\/2025\/08\/Support-Website-Images-13-300x200.png 300w, https:\/\/vidasupportservices.org\/wp-content\/uploads\/2025\/08\/Support-Website-Images-13-768x512.png 768w, https:\/\/vidasupportservices.org\/wp-content\/uploads\/2025\/08\/Support-Website-Images-13-1536x1024.png 1536w, https:\/\/vidasupportservices.org\/wp-content\/uploads\/2025\/08\/Support-Website-Images-13-18x12.png 18w, https:\/\/vidasupportservices.org\/wp-content\/uploads\/2025\/08\/Support-Website-Images-13.png 2000w\" sizes=\"(max-width: 800px) 100vw, 800px\" \/>\t\t\t\t\t\t\t\t\t\t\t\t\t\t\t<\/div>\n\t\t\t\t<\/div>\n\t\t\t\t\t<\/div>\n\t\t<\/div>\n\t\t\t\t<div class=\"elementor-column elementor-col-33 elementor-top-column elementor-element elementor-element-d31aec4\" data-id=\"d31aec4\" data-element_type=\"column\" data-e-type=\"column\">\n\t\t\t<div class=\"elementor-widget-wrap elementor-element-populated\">\n\t\t\t\t\t\t<div class=\"elementor-element elementor-element-4e4f08f elementor-widget elementor-widget-image\" data-id=\"4e4f08f\" data-element_type=\"widget\" data-e-type=\"widget\" data-widget_type=\"image.default\">\n\t\t\t\t<div class=\"elementor-widget-container\">\n\t\t\t\t\t\t\t\t\t\t\t\t\t\t\t<img decoding=\"async\" width=\"800\" height=\"533\" data-src=\"https:\/\/vidasupportservices.org\/wp-content\/uploads\/2025\/08\/Support-Website-Images-17-1024x682.png\" class=\"attachment-large size-large wp-image-4257 lazyload\" alt=\"\" data-srcset=\"https:\/\/vidasupportservices.org\/wp-content\/uploads\/2025\/08\/Support-Website-Images-17-1024x682.png 1024w, https:\/\/vidasupportservices.org\/wp-content\/uploads\/2025\/08\/Support-Website-Images-17-300x200.png 300w, https:\/\/vidasupportservices.org\/wp-content\/uploads\/2025\/08\/Support-Website-Images-17-768x512.png 768w, https:\/\/vidasupportservices.org\/wp-content\/uploads\/2025\/08\/Support-Website-Images-17-1536x1024.png 1536w, https:\/\/vidasupportservices.org\/wp-content\/uploads\/2025\/08\/Support-Website-Images-17-18x12.png 18w, https:\/\/vidasupportservices.org\/wp-content\/uploads\/2025\/08\/Support-Website-Images-17.png 2000w\" data-sizes=\"(max-width: 800px) 100vw, 800px\" src=\"data:image\/svg+xml;base64,PHN2ZyB3aWR0aD0iMSIgaGVpZ2h0PSIxIiB4bWxucz0iaHR0cDovL3d3dy53My5vcmcvMjAwMC9zdmciPjwvc3ZnPg==\" style=\"--smush-placeholder-width: 800px; --smush-placeholder-aspect-ratio: 800\/533;\" \/>\t\t\t\t\t\t\t\t\t\t\t\t\t\t\t<\/div>\n\t\t\t\t<\/div>\n\t\t\t\t\t<\/div>\n\t\t<\/div>\n\t\t\t\t<div class=\"elementor-column elementor-col-33 elementor-top-column elementor-element elementor-element-f5afcad\" data-id=\"f5afcad\" data-element_type=\"column\" data-e-type=\"column\">\n\t\t\t<div class=\"elementor-widget-wrap elementor-element-populated\">\n\t\t\t\t\t\t<div class=\"elementor-element elementor-element-3a8c210 elementor-widget elementor-widget-image\" data-id=\"3a8c210\" data-element_type=\"widget\" data-e-type=\"widget\" data-widget_type=\"image.default\">\n\t\t\t\t<div class=\"elementor-widget-container\">\n\t\t\t\t\t\t\t\t\t\t\t\t\t\t\t<img decoding=\"async\" width=\"800\" height=\"533\" data-src=\"https:\/\/vidasupportservices.org\/wp-content\/uploads\/2025\/08\/Support-Website-Images-18-1024x682.png\" class=\"attachment-large size-large wp-image-4256 lazyload\" alt=\"\" data-srcset=\"https:\/\/vidasupportservices.org\/wp-content\/uploads\/2025\/08\/Support-Website-Images-18-1024x682.png 1024w, https:\/\/vidasupportservices.org\/wp-content\/uploads\/2025\/08\/Support-Website-Images-18-300x200.png 300w, https:\/\/vidasupportservices.org\/wp-content\/uploads\/2025\/08\/Support-Website-Images-18-768x512.png 768w, https:\/\/vidasupportservices.org\/wp-content\/uploads\/2025\/08\/Support-Website-Images-18-1536x1024.png 1536w, https:\/\/vidasupportservices.org\/wp-content\/uploads\/2025\/08\/Support-Website-Images-18-18x12.png 18w, https:\/\/vidasupportservices.org\/wp-content\/uploads\/2025\/08\/Support-Website-Images-18.png 2000w\" data-sizes=\"(max-width: 800px) 100vw, 800px\" src=\"data:image\/svg+xml;base64,PHN2ZyB3aWR0aD0iMSIgaGVpZ2h0PSIxIiB4bWxucz0iaHR0cDovL3d3dy53My5vcmcvMjAwMC9zdmciPjwvc3ZnPg==\" style=\"--smush-placeholder-width: 800px; --smush-placeholder-aspect-ratio: 800\/533;\" \/>\t\t\t\t\t\t\t\t\t\t\t\t\t\t\t<\/div>\n\t\t\t\t<\/div>\n\t\t\t\t\t<\/div>\n\t\t<\/div>\n\t\t\t\t\t<\/div>\n\t\t<\/section>\n\t\t\t\t<section class=\"elementor-section elementor-top-section elementor-element elementor-element-a62e0db elementor-section-boxed elementor-section-height-default elementor-section-height-default\" data-id=\"a62e0db\" data-element_type=\"section\" data-e-type=\"section\">\n\t\t\t\t\t\t<div class=\"elementor-container elementor-column-gap-default\">\n\t\t\t\t\t<div class=\"elementor-column elementor-col-33 elementor-top-column elementor-element elementor-element-b2ef71d\" data-id=\"b2ef71d\" data-element_type=\"column\" data-e-type=\"column\">\n\t\t\t<div class=\"elementor-widget-wrap elementor-element-populated\">\n\t\t\t\t\t\t<div class=\"elementor-element elementor-element-1d034e1 elementor-widget elementor-widget-image\" data-id=\"1d034e1\" data-element_type=\"widget\" data-e-type=\"widget\" data-widget_type=\"image.default\">\n\t\t\t\t<div class=\"elementor-widget-container\">\n\t\t\t\t\t\t\t\t\t\t\t\t\t\t\t<img decoding=\"async\" width=\"800\" height=\"533\" data-src=\"https:\/\/vidasupportservices.org\/wp-content\/uploads\/2025\/08\/Support-Website-Images-22-1024x682.png\" class=\"attachment-large size-large wp-image-4252 lazyload\" alt=\"\" data-srcset=\"https:\/\/vidasupportservices.org\/wp-content\/uploads\/2025\/08\/Support-Website-Images-22-1024x682.png 1024w, https:\/\/vidasupportservices.org\/wp-content\/uploads\/2025\/08\/Support-Website-Images-22-300x200.png 300w, https:\/\/vidasupportservices.org\/wp-content\/uploads\/2025\/08\/Support-Website-Images-22-768x512.png 768w, https:\/\/vidasupportservices.org\/wp-content\/uploads\/2025\/08\/Support-Website-Images-22-1536x1024.png 1536w, https:\/\/vidasupportservices.org\/wp-content\/uploads\/2025\/08\/Support-Website-Images-22-18x12.png 18w, https:\/\/vidasupportservices.org\/wp-content\/uploads\/2025\/08\/Support-Website-Images-22.png 2000w\" data-sizes=\"(max-width: 800px) 100vw, 800px\" src=\"data:image\/svg+xml;base64,PHN2ZyB3aWR0aD0iMSIgaGVpZ2h0PSIxIiB4bWxucz0iaHR0cDovL3d3dy53My5vcmcvMjAwMC9zdmciPjwvc3ZnPg==\" style=\"--smush-placeholder-width: 800px; --smush-placeholder-aspect-ratio: 800\/533;\" \/>\t\t\t\t\t\t\t\t\t\t\t\t\t\t\t<\/div>\n\t\t\t\t<\/div>\n\t\t\t\t\t<\/div>\n\t\t<\/div>\n\t\t\t\t<div class=\"elementor-column elementor-col-33 elementor-top-column elementor-element elementor-element-a1b68a1\" data-id=\"a1b68a1\" data-element_type=\"column\" data-e-type=\"column\">\n\t\t\t<div class=\"elementor-widget-wrap elementor-element-populated\">\n\t\t\t\t\t\t<div class=\"elementor-element elementor-element-99f94e4 elementor-widget elementor-widget-image\" data-id=\"99f94e4\" data-element_type=\"widget\" data-e-type=\"widget\" data-widget_type=\"image.default\">\n\t\t\t\t<div class=\"elementor-widget-container\">\n\t\t\t\t\t\t\t\t\t\t\t\t\t\t\t<img decoding=\"async\" width=\"800\" height=\"533\" data-src=\"https:\/\/vidasupportservices.org\/wp-content\/uploads\/2025\/08\/Support-Website-Images-23-1024x682.png\" class=\"attachment-large size-large wp-image-4251 lazyload\" alt=\"\" data-srcset=\"https:\/\/vidasupportservices.org\/wp-content\/uploads\/2025\/08\/Support-Website-Images-23-1024x682.png 1024w, https:\/\/vidasupportservices.org\/wp-content\/uploads\/2025\/08\/Support-Website-Images-23-300x200.png 300w, https:\/\/vidasupportservices.org\/wp-content\/uploads\/2025\/08\/Support-Website-Images-23-768x512.png 768w, https:\/\/vidasupportservices.org\/wp-content\/uploads\/2025\/08\/Support-Website-Images-23-1536x1024.png 1536w, https:\/\/vidasupportservices.org\/wp-content\/uploads\/2025\/08\/Support-Website-Images-23-18x12.png 18w, https:\/\/vidasupportservices.org\/wp-content\/uploads\/2025\/08\/Support-Website-Images-23.png 2000w\" data-sizes=\"(max-width: 800px) 100vw, 800px\" src=\"data:image\/svg+xml;base64,PHN2ZyB3aWR0aD0iMSIgaGVpZ2h0PSIxIiB4bWxucz0iaHR0cDovL3d3dy53My5vcmcvMjAwMC9zdmciPjwvc3ZnPg==\" style=\"--smush-placeholder-width: 800px; --smush-placeholder-aspect-ratio: 800\/533;\" \/>\t\t\t\t\t\t\t\t\t\t\t\t\t\t\t<\/div>\n\t\t\t\t<\/div>\n\t\t\t\t\t<\/div>\n\t\t<\/div>\n\t\t\t\t<div class=\"elementor-column elementor-col-33 elementor-top-column elementor-element elementor-element-0d47d26\" data-id=\"0d47d26\" data-element_type=\"column\" data-e-type=\"column\">\n\t\t\t<div class=\"elementor-widget-wrap elementor-element-populated\">\n\t\t\t\t\t\t<div class=\"elementor-element elementor-element-1f7bed1 elementor-widget elementor-widget-image\" data-id=\"1f7bed1\" data-element_type=\"widget\" data-e-type=\"widget\" data-widget_type=\"image.default\">\n\t\t\t\t<div class=\"elementor-widget-container\">\n\t\t\t\t\t\t\t\t\t\t\t\t\t\t\t<img decoding=\"async\" width=\"800\" height=\"533\" data-src=\"https:\/\/vidasupportservices.org\/wp-content\/uploads\/2025\/08\/Support-Website-Images-19-1024x682.png\" class=\"attachment-large size-large wp-image-4255 lazyload\" alt=\"\" data-srcset=\"https:\/\/vidasupportservices.org\/wp-content\/uploads\/2025\/08\/Support-Website-Images-19-1024x682.png 1024w, https:\/\/vidasupportservices.org\/wp-content\/uploads\/2025\/08\/Support-Website-Images-19-300x200.png 300w, https:\/\/vidasupportservices.org\/wp-content\/uploads\/2025\/08\/Support-Website-Images-19-768x512.png 768w, https:\/\/vidasupportservices.org\/wp-content\/uploads\/2025\/08\/Support-Website-Images-19-1536x1024.png 1536w, https:\/\/vidasupportservices.org\/wp-content\/uploads\/2025\/08\/Support-Website-Images-19-18x12.png 18w, https:\/\/vidasupportservices.org\/wp-content\/uploads\/2025\/08\/Support-Website-Images-19.png 2000w\" data-sizes=\"(max-width: 800px) 100vw, 800px\" src=\"data:image\/svg+xml;base64,PHN2ZyB3aWR0aD0iMSIgaGVpZ2h0PSIxIiB4bWxucz0iaHR0cDovL3d3dy53My5vcmcvMjAwMC9zdmciPjwvc3ZnPg==\" style=\"--smush-placeholder-width: 800px; --smush-placeholder-aspect-ratio: 800\/533;\" \/>\t\t\t\t\t\t\t\t\t\t\t\t\t\t\t<\/div>\n\t\t\t\t<\/div>\n\t\t\t\t\t<\/div>\n\t\t<\/div>\n\t\t\t\t\t<\/div>\n\t\t<\/section>\n\t\t\t\t<section class=\"elementor-section elementor-top-section elementor-element elementor-element-d68d2ab elementor-section-boxed elementor-section-height-default elementor-section-height-default\" data-id=\"d68d2ab\" data-element_type=\"section\" data-e-type=\"section\">\n\t\t\t\t\t\t<div class=\"elementor-container elementor-column-gap-default\">\n\t\t\t\t\t<div class=\"elementor-column elementor-col-33 elementor-top-column elementor-element elementor-element-486034e\" data-id=\"486034e\" data-element_type=\"column\" data-e-type=\"column\">\n\t\t\t<div class=\"elementor-widget-wrap elementor-element-populated\">\n\t\t\t\t\t\t<div class=\"elementor-element elementor-element-0d0f6f2 elementor-widget elementor-widget-image\" data-id=\"0d0f6f2\" data-element_type=\"widget\" data-e-type=\"widget\" data-widget_type=\"image.default\">\n\t\t\t\t<div class=\"elementor-widget-container\">\n\t\t\t\t\t\t\t\t\t\t\t\t\t\t\t<img decoding=\"async\" width=\"800\" height=\"533\" data-src=\"https:\/\/vidasupportservices.org\/wp-content\/uploads\/2025\/08\/Support-Website-Images-16-1024x682.png\" class=\"attachment-large size-large wp-image-4258 lazyload\" alt=\"\" data-srcset=\"https:\/\/vidasupportservices.org\/wp-content\/uploads\/2025\/08\/Support-Website-Images-16-1024x682.png 1024w, https:\/\/vidasupportservices.org\/wp-content\/uploads\/2025\/08\/Support-Website-Images-16-300x200.png 300w, https:\/\/vidasupportservices.org\/wp-content\/uploads\/2025\/08\/Support-Website-Images-16-768x512.png 768w, https:\/\/vidasupportservices.org\/wp-content\/uploads\/2025\/08\/Support-Website-Images-16-1536x1024.png 1536w, https:\/\/vidasupportservices.org\/wp-content\/uploads\/2025\/08\/Support-Website-Images-16-18x12.png 18w, https:\/\/vidasupportservices.org\/wp-content\/uploads\/2025\/08\/Support-Website-Images-16.png 2000w\" data-sizes=\"(max-width: 800px) 100vw, 800px\" src=\"data:image\/svg+xml;base64,PHN2ZyB3aWR0aD0iMSIgaGVpZ2h0PSIxIiB4bWxucz0iaHR0cDovL3d3dy53My5vcmcvMjAwMC9zdmciPjwvc3ZnPg==\" style=\"--smush-placeholder-width: 800px; --smush-placeholder-aspect-ratio: 800\/533;\" \/>\t\t\t\t\t\t\t\t\t\t\t\t\t\t\t<\/div>\n\t\t\t\t<\/div>\n\t\t\t\t\t<\/div>\n\t\t<\/div>\n\t\t\t\t<div class=\"elementor-column elementor-col-33 elementor-top-column elementor-element elementor-element-f4e03f6\" data-id=\"f4e03f6\" data-element_type=\"column\" data-e-type=\"column\">\n\t\t\t<div class=\"elementor-widget-wrap elementor-element-populated\">\n\t\t\t\t\t\t<div class=\"elementor-element elementor-element-82eef0f elementor-widget elementor-widget-image\" data-id=\"82eef0f\" data-element_type=\"widget\" data-e-type=\"widget\" data-widget_type=\"image.default\">\n\t\t\t\t<div class=\"elementor-widget-container\">\n\t\t\t\t\t\t\t\t\t\t\t\t\t\t\t<img decoding=\"async\" width=\"800\" height=\"533\" data-src=\"https:\/\/vidasupportservices.org\/wp-content\/uploads\/2025\/08\/Support-Website-Images-14-1024x682.png\" class=\"attachment-large size-large wp-image-4260 lazyload\" alt=\"\" data-srcset=\"https:\/\/vidasupportservices.org\/wp-content\/uploads\/2025\/08\/Support-Website-Images-14-1024x682.png 1024w, https:\/\/vidasupportservices.org\/wp-content\/uploads\/2025\/08\/Support-Website-Images-14-300x200.png 300w, https:\/\/vidasupportservices.org\/wp-content\/uploads\/2025\/08\/Support-Website-Images-14-768x512.png 768w, https:\/\/vidasupportservices.org\/wp-content\/uploads\/2025\/08\/Support-Website-Images-14-1536x1024.png 1536w, https:\/\/vidasupportservices.org\/wp-content\/uploads\/2025\/08\/Support-Website-Images-14-18x12.png 18w, https:\/\/vidasupportservices.org\/wp-content\/uploads\/2025\/08\/Support-Website-Images-14.png 2000w\" data-sizes=\"(max-width: 800px) 100vw, 800px\" src=\"data:image\/svg+xml;base64,PHN2ZyB3aWR0aD0iMSIgaGVpZ2h0PSIxIiB4bWxucz0iaHR0cDovL3d3dy53My5vcmcvMjAwMC9zdmciPjwvc3ZnPg==\" style=\"--smush-placeholder-width: 800px; --smush-placeholder-aspect-ratio: 800\/533;\" \/>\t\t\t\t\t\t\t\t\t\t\t\t\t\t\t<\/div>\n\t\t\t\t<\/div>\n\t\t\t\t\t<\/div>\n\t\t<\/div>\n\t\t\t\t<div class=\"elementor-column elementor-col-33 elementor-top-column elementor-element elementor-element-4a40dc7\" data-id=\"4a40dc7\" data-element_type=\"column\" data-e-type=\"column\">\n\t\t\t<div class=\"elementor-widget-wrap elementor-element-populated\">\n\t\t\t\t\t\t<div class=\"elementor-element elementor-element-56ded53 elementor-widget elementor-widget-image\" data-id=\"56ded53\" data-element_type=\"widget\" data-e-type=\"widget\" data-widget_type=\"image.default\">\n\t\t\t\t<div class=\"elementor-widget-container\">\n\t\t\t\t\t\t\t\t\t\t\t\t\t\t\t<img decoding=\"async\" width=\"800\" height=\"533\" data-src=\"https:\/\/vidasupportservices.org\/wp-content\/uploads\/2025\/08\/Support-Website-Images-15-1024x682.png\" class=\"attachment-large size-large wp-image-4259 lazyload\" alt=\"\" data-srcset=\"https:\/\/vidasupportservices.org\/wp-content\/uploads\/2025\/08\/Support-Website-Images-15-1024x682.png 1024w, https:\/\/vidasupportservices.org\/wp-content\/uploads\/2025\/08\/Support-Website-Images-15-300x200.png 300w, https:\/\/vidasupportservices.org\/wp-content\/uploads\/2025\/08\/Support-Website-Images-15-768x512.png 768w, https:\/\/vidasupportservices.org\/wp-content\/uploads\/2025\/08\/Support-Website-Images-15-1536x1024.png 1536w, https:\/\/vidasupportservices.org\/wp-content\/uploads\/2025\/08\/Support-Website-Images-15-18x12.png 18w, https:\/\/vidasupportservices.org\/wp-content\/uploads\/2025\/08\/Support-Website-Images-15.png 2000w\" data-sizes=\"(max-width: 800px) 100vw, 800px\" src=\"data:image\/svg+xml;base64,PHN2ZyB3aWR0aD0iMSIgaGVpZ2h0PSIxIiB4bWxucz0iaHR0cDovL3d3dy53My5vcmcvMjAwMC9zdmciPjwvc3ZnPg==\" style=\"--smush-placeholder-width: 800px; --smush-placeholder-aspect-ratio: 800\/533;\" \/>\t\t\t\t\t\t\t\t\t\t\t\t\t\t\t<\/div>\n\t\t\t\t<\/div>\n\t\t\t\t\t<\/div>\n\t\t<\/div>\n\t\t\t\t\t<\/div>\n\t\t<\/section>\n\t\t\t\t<\/div>","protected":false},"excerpt":{"rendered":"<p>Vida Parent Support Services Vida opened it&#8217;s second Parent Support Services location in Oshkosh on August 12, 2025. At this location, Vida provides free pregnancy and parent education for men, women, and couples, material support, community resource referrals, and more. Learn more about Parent Support Services here. Parent Support Services can be found on the [&hellip;]<\/p>\n","protected":false},"author":7,"featured_media":0,"parent":0,"menu_order":0,"comment_status":"closed","ping_status":"closed","template":"","meta":{"footnotes":""},"class_list":["post-4241","page","type-page","status-publish","hentry"],"_links":{"self":[{"href":"https:\/\/vidasupportservices.org\/es\/wp-json\/wp\/v2\/pages\/4241","targetHints":{"allow":["GET"]}}],"collection":[{"href":"https:\/\/vidasupportservices.org\/es\/wp-json\/wp\/v2\/pages"}],"about":[{"href":"https:\/\/vidasupportservices.org\/es\/wp-json\/wp\/v2\/types\/page"}],"author":[{"embeddable":true,"href":"https:\/\/vidasupportservices.org\/es\/wp-json\/wp\/v2\/users\/7"}],"replies":[{"embeddable":true,"href":"https:\/\/vidasupportservices.org\/es\/wp-json\/wp\/v2\/comments?post=4241"}],"version-history":[{"count":10,"href":"https:\/\/vidasupportservices.org\/es\/wp-json\/wp\/v2\/pages\/4241\/revisions"}],"predecessor-version":[{"id":4264,"href":"https:\/\/vidasupportservices.org\/es\/wp-json\/wp\/v2\/pages\/4241\/revisions\/4264"}],"wp:attachment":[{"href":"https:\/\/vidasupportservices.org\/es\/wp-json\/wp\/v2\/media?parent=4241"}],"curies":[{"name":"gracias","href":"https:\/\/api.w.org\/{rel}","templated":true}]}}