{"id":4317,"date":"2025-10-03T09:43:39","date_gmt":"2025-10-03T14:43:39","guid":{"rendered":"https:\/\/vidasupportservices.org\/?page_id=4317"},"modified":"2025-10-03T09:49:26","modified_gmt":"2025-10-03T14:49:26","slug":"walk-to-remember","status":"publish","type":"page","link":"https:\/\/vidasupportservices.org\/es\/walk-to-remember\/","title":{"rendered":"Caminar para recordar"},"content":{"rendered":"<div data-elementor-type=\"wp-page\" data-elementor-id=\"4317\" class=\"elementor elementor-4317\" data-elementor-post-type=\"page\">\n\t\t\t\t\t\t<section class=\"elementor-section elementor-top-section elementor-element elementor-element-15d9b0f elementor-section-height-min-height elementor-section-boxed elementor-section-height-default elementor-section-items-middle\" data-id=\"15d9b0f\" data-element_type=\"section\" data-e-type=\"section\" data-settings=\"{&quot;background_background&quot;:&quot;classic&quot;,&quot;shape_divider_bottom&quot;:&quot;mountains&quot;}\">\n\t\t\t\t\t<div class=\"elementor-shape elementor-shape-bottom\" aria-hidden=\"true\" data-negative=\"false\">\n\t\t\t<svg xmlns=\"http:\/\/www.w3.org\/2000\/svg\" viewbox=\"0 0 1000 100\" preserveaspectratio=\"none\">\n\t<path class=\"elementor-shape-fill\" opacity=\"0.33\" d=\"M473,67.3c-203.9,88.3-263.1-34-320.3,0C66,119.1,0,59.7,0,59.7V0h1000v59.7 c0,0-62.1,26.1-94.9,29.3c-32.8,3.3-62.8-12.3-75.8-22.1C806,49.6,745.3,8.7,694.9,4.7S492.4,59,473,67.3z\"\/>\n\t<path class=\"elementor-shape-fill\" opacity=\"0.66\" d=\"M734,67.3c-45.5,0-77.2-23.2-129.1-39.1c-28.6-8.7-150.3-10.1-254,39.1 s-91.7-34.4-149.2,0C115.7,118.3,0,39.8,0,39.8V0h1000v36.5c0,0-28.2-18.5-92.1-18.5C810.2,18.1,775.7,67.3,734,67.3z\"\/>\n\t<path class=\"elementor-shape-fill\" d=\"M766.1,28.9c-200-57.5-266,65.5-395.1,19.5C242,1.8,242,5.4,184.8,20.6C128,35.8,132.3,44.9,89.9,52.5C28.6,63.7,0,0,0,0 h1000c0,0-9.9,40.9-83.6,48.1S829.6,47,766.1,28.9z\"\/>\n<\/svg>\t\t<\/div>\n\t\t\t\t\t<div class=\"elementor-container elementor-column-gap-default\">\n\t\t\t\t\t<div class=\"elementor-column elementor-col-100 elementor-top-column elementor-element elementor-element-5111c81\" data-id=\"5111c81\" data-element_type=\"column\" data-e-type=\"column\">\n\t\t\t<div class=\"elementor-widget-wrap elementor-element-populated\">\n\t\t\t\t\t\t\t<\/div>\n\t\t<\/div>\n\t\t\t\t\t<\/div>\n\t\t<\/section>\n\t\t\t\t<section class=\"elementor-section elementor-top-section elementor-element elementor-element-7b2d560 elementor-section-boxed elementor-section-height-default elementor-section-height-default\" data-id=\"7b2d560\" data-element_type=\"section\" data-e-type=\"section\">\n\t\t\t\t\t\t<div class=\"elementor-container elementor-column-gap-default\">\n\t\t\t\t\t<div class=\"elementor-column elementor-col-100 elementor-top-column elementor-element elementor-element-34ff5d4\" data-id=\"34ff5d4\" data-element_type=\"column\" data-e-type=\"column\">\n\t\t\t<div class=\"elementor-widget-wrap elementor-element-populated\">\n\t\t\t\t\t\t<div class=\"elementor-element elementor-element-4612256 elementor-widget elementor-widget-image\" data-id=\"4612256\" data-element_type=\"widget\" data-e-type=\"widget\" data-widget_type=\"image.default\">\n\t\t\t\t<div class=\"elementor-widget-container\">\n\t\t\t\t\t\t\t\t\t\t\t\t\t\t\t<img fetchpriority=\"high\" decoding=\"async\" width=\"314\" height=\"247\" src=\"https:\/\/vidasupportservices.org\/wp-content\/uploads\/2024\/08\/Walk-to-Remember-Logo.png\" class=\"attachment-large size-large wp-image-3743\" alt=\"\" srcset=\"https:\/\/vidasupportservices.org\/wp-content\/uploads\/2024\/08\/Walk-to-Remember-Logo.png 314w, https:\/\/vidasupportservices.org\/wp-content\/uploads\/2024\/08\/Walk-to-Remember-Logo-300x236.png 300w, https:\/\/vidasupportservices.org\/wp-content\/uploads\/2024\/08\/Walk-to-Remember-Logo-15x12.png 15w\" sizes=\"(max-width: 314px) 100vw, 314px\" \/>\t\t\t\t\t\t\t\t\t\t\t\t\t\t\t<\/div>\n\t\t\t\t<\/div>\n\t\t\t\t<div class=\"elementor-element elementor-element-c1cd2c8 elementor-widget elementor-widget-text-editor\" data-id=\"c1cd2c8\" data-element_type=\"widget\" data-e-type=\"widget\" data-widget_type=\"text-editor.default\">\n\t\t\t\t<div class=\"elementor-widget-container\">\n\t\t\t\t\t\t\t\t\t<h2 class=\"elementor-heading-title elementor-size-default elementor-inline-editing pen\" contenteditable=\"true\" data-elementor-setting-key=\"title\" data-pen-placeholder=\"Type Here...\"><strong>9 de octubre de 2025<\/strong><\/h2>\t\t\t\t\t\t\t\t<\/div>\n\t\t\t\t<\/div>\n\t\t\t\t\t<\/div>\n\t\t<\/div>\n\t\t\t\t\t<\/div>\n\t\t<\/section>\n\t\t\t\t<section class=\"elementor-section elementor-top-section elementor-element elementor-element-f4fed02 elementor-section-boxed elementor-section-height-default elementor-section-height-default\" data-id=\"f4fed02\" data-element_type=\"section\" data-e-type=\"section\">\n\t\t\t\t\t\t<div class=\"elementor-container elementor-column-gap-default\">\n\t\t\t\t\t<div class=\"elementor-column elementor-col-100 elementor-top-column elementor-element elementor-element-e3ada47\" data-id=\"e3ada47\" data-element_type=\"column\" data-e-type=\"column\">\n\t\t\t<div class=\"elementor-widget-wrap elementor-element-populated\">\n\t\t\t\t\t\t<div class=\"elementor-element elementor-element-ef6c087 elementor-widget elementor-widget-text-editor\" data-id=\"ef6c087\" data-element_type=\"widget\" data-e-type=\"widget\" data-widget_type=\"text-editor.default\">\n\t\t\t\t<div class=\"elementor-widget-container\">\n\t\t\t\t\t\t\t\t\t<p><em>Caminar para recordar<\/em>\u00a0Es una caminata conmemorativa para recordar a los ni\u00f1os perdidos a trav\u00e9s de\u00a0<em>aborto espont\u00e1neo, muerte fetal, muerte prematura de un beb\u00e9 o de un ni\u00f1o, aborto,<\/em>\u00a0y otros<em>\u00a0p\u00e9rdidas reproductivas<\/em>.\u00a0<\/p><p>Esta caminata y memorial es para todas las familias que han perdido hijos en cualquier momento, ya sea recientemente o en el pasado; cuidadores que est\u00e1n involucrados en las vidas y el apoyo de estas familias; y cualquier persona interesada en asistir para brindar apoyo.\u00a0<\/p><p>Aunque las circunstancias de las p\u00e9rdidas var\u00edan mucho, compartimos la necesidad de recordar todas las vidas preciosas que terminaron demasiado pronto, de lamentar y de sanar la p\u00e9rdida.<\/p><p>Reun\u00e1monos para caminar, para recordar y para ofrecernos apoyo unos a otros.<\/p><p><strong>3er anual\u00a0<i>Caminar para recordar\u00a0<\/i>detalles:<br \/><\/strong>Ubicaci\u00f3n: Vida \u2013 720 W. Association Drive, Appleton, WI, 54914<br \/>Fecha: jueves 9 de octubre de 2025<br \/>Hora: 6:30pm<\/p><p><b>\u00a0<\/b><\/p><h4><b>RSVP al Paseo para Recordar de Vida<\/b><\/h4><p><div class=\"forminator-ui forminator-custom-form forminator-custom-form-1897 forminator-design--default  forminator_ajax\" data-forminator-render=\"0\" data-form=\"forminator-module-1897\" data-uid=\"69e09efaef0bb\"><br\/><\/div><form\r\n\t\t\t\tid=\"forminator-module-1897\"\r\n\t\t\t\tclass=\"forminator-ui forminator-custom-form forminator-custom-form-1897 forminator-design--default  forminator_ajax\"\r\n\t\t\t\tmethod=\"post\"\r\n\t\t\t\tdata-forminator-render=\"0\"\r\n\t\t\t\tdata-form-id=\"1897\"\r\n\t\t\t\t data-color-option=\"default\" data-design=\"default\" data-grid=\"open\" style=\"display: none;\"\r\n\t\t\t\tdata-uid=\"69e09efaef0bb\" action=\"\"\r\n\t\t\t><div role=\"alert\" aria-live=\"polite\" class=\"forminator-response-message forminator-error\" aria-hidden=\"true\"><\/div><div class=\"forminator-row\"><div id=\"name-1\" class=\"forminator-field-name forminator-col forminator-col-12\"><div class=\"forminator-field\"><label for=\"forminator-field-name-1_69e09efaef0bb\" id=\"forminator-field-name-1_69e09efaef0bb-label\" class=\"forminator-label\">Nombre y apellido <span class=\"forminator-required\">*<\/span><\/label><input type=\"text\" name=\"name-1\" value=\"\" placeholder=\"Ejemplo: Jane Doe\" id=\"forminator-field-name-1_69e09efaef0bb\" class=\"forminator-input forminator-name--field\" aria-required=\"true\" autocomplete=\"name\" \/><\/div><\/div><\/div><div class=\"forminator-row\"><div id=\"email-1\" class=\"forminator-field-email forminator-col forminator-col-12\"><div class=\"forminator-field\"><label for=\"forminator-field-email-1_69e09efaef0bb\" id=\"forminator-field-email-1_69e09efaef0bb-label\" class=\"forminator-label\">Direcci\u00f3n de correo electr\u00f3nico<\/label><input type=\"email\" name=\"email-1\" value=\"\" placeholder=\"\" id=\"forminator-field-email-1_69e09efaef0bb\" class=\"forminator-input forminator-email--field\" data-required=\"\" aria-required=\"false\" autocomplete=\"email\" \/><\/div><\/div><\/div><div class=\"forminator-row\"><div id=\"number-1\" class=\"forminator-field-number forminator-col forminator-col-12\"><div class=\"forminator-field\"><label for=\"forminator-field-number-1_69e09efaef0bb\" id=\"forminator-field-number-1_69e09efaef0bb-label\" class=\"forminator-label\">N\u00famero de personas que asistir\u00e1n con usted<\/label><input name=\"number-1\" value=\"\" placeholder=\"Ejemplo: 5\" id=\"forminator-field-number-1_69e09efaef0bb\" class=\"forminator-input forminator-number--field\" inputmode=\"decimal\" data-required=\"\" data-decimals=\"0\" aria-required=\"false\" data-inputmask=\"&#039;groupSeparator&#039;: &#039;&#039;, &#039;radixPoint&#039;: &#039;&#039;, &#039;digits&#039;: &#039;0&#039;\" type=\"number\" step=\"any\" min=\"1\" max=\"150\" \/><\/div><\/div><\/div><div class=\"forminator-row\"><div id=\"number-2\" class=\"forminator-field-number forminator-col forminator-col-12\"><div class=\"forminator-field\"><label for=\"forminator-field-number-2_69e09efaef0bb\" id=\"forminator-field-number-2_69e09efaef0bb-label\" class=\"forminator-label\">N\u00famero de ni\u00f1os que se recuerdan<\/label><input name=\"number-2\" value=\"\" placeholder=\"Ej.: 1\" id=\"forminator-field-number-2_69e09efaef0bb\" class=\"forminator-input forminator-number--field\" inputmode=\"decimal\" data-required=\"\" data-decimals=\"0\" aria-required=\"false\" data-inputmask=\"&#039;groupSeparator&#039;: &#039;&#039;, &#039;radixPoint&#039;: &#039;&#039;, &#039;digits&#039;: &#039;0&#039;\" type=\"number\" step=\"any\" min=\"1\" max=\"150\" \/><\/div><\/div><\/div><div class=\"forminator-row\"><div id=\"textarea-2\" class=\"forminator-field-textarea forminator-col forminator-col-12\"><div class=\"forminator-field\"><label for=\"forminator-field-textarea-2_69e09efaef0bb\" id=\"forminator-field-textarea-2_69e09efaef0bb-label\" class=\"forminator-label\">\u00bfAlg\u00fan otro comentario o pregunta?<\/label><textarea name=\"textarea-2\" placeholder=\"\" id=\"forminator-field-textarea-2_69e09efaef0bb\" class=\"forminator-textarea\" rows=\"6\" style=\"min-height:140px;\" ><\/textarea><\/div><\/div><\/div><div class=\"forminator-row\"><div id=\"captcha-1\" class=\"forminator-field-captcha forminator-col forminator-col-12\"><div class=\"forminator-captcha-left forminator-g-recaptcha\" data-theme=\"light\"  data-sitekey=\"6LeOAX4sAAAAALrLWpzy5nE7R46U_cH4UQ4c28nW\" data-size=\"normal\"><\/div> <\/div><\/div><input type=\"hidden\" name=\"referer_url\" value=\"\" \/><div class=\"forminator-row forminator-row-last\"><div class=\"forminator-col\"><div class=\"forminator-field\"><button class=\"forminator-button forminator-button-submit\">Entregar<\/button><\/div><\/div><\/div><input type=\"hidden\" id=\"forminator_nonce\" name=\"forminator_nonce\" value=\"52673c8426\" \/><input type=\"hidden\" name=\"_wp_http_referer\" value=\"\/es\/wp-json\/wp\/v2\/pages\/4317\" \/><input type=\"hidden\" name=\"form_id\" value=\"1897\"><input type=\"hidden\" name=\"page_id\" value=\"4317\"><input type=\"hidden\" name=\"form_type\" value=\"default\"><input type=\"hidden\" name=\"current_url\" value=\"https:\/\/vidasupportservices.org\/es\/walk-to-remember\/\"><input type=\"hidden\" name=\"render_id\" value=\"0\"><input type=\"hidden\" name=\"action\" value=\"forminator_submit_form_custom-forms\"><input type=\"hidden\" name=\"trp-form-language\" value=\"es\"\/><\/form><\/p>\t\t\t\t\t\t\t\t<\/div>\n\t\t\t\t<\/div>\n\t\t\t\t\t<\/div>\n\t\t<\/div>\n\t\t\t\t\t<\/div>\n\t\t<\/section>\n\t\t\t\t<\/div>","protected":false},"excerpt":{"rendered":"<p>October 9, 2025 Walk to Remember\u00a0is a memorial walk to remember children lost through\u00a0miscarriage, stillbirth, early infant\/childhood death, abortion,\u00a0and other\u00a0reproductive losses.\u00a0 This walk and memorial is for all families who have lost children at any time, both recently or in the past; caregivers who are involved in the lives and support of these families; and [&hellip;]<\/p>\n","protected":false},"author":7,"featured_media":0,"parent":0,"menu_order":0,"comment_status":"closed","ping_status":"closed","template":"","meta":{"footnotes":""},"class_list":["post-4317","page","type-page","status-publish","hentry"],"_links":{"self":[{"href":"https:\/\/vidasupportservices.org\/es\/wp-json\/wp\/v2\/pages\/4317","targetHints":{"allow":["GET"]}}],"collection":[{"href":"https:\/\/vidasupportservices.org\/es\/wp-json\/wp\/v2\/pages"}],"about":[{"href":"https:\/\/vidasupportservices.org\/es\/wp-json\/wp\/v2\/types\/page"}],"author":[{"embeddable":true,"href":"https:\/\/vidasupportservices.org\/es\/wp-json\/wp\/v2\/users\/7"}],"replies":[{"embeddable":true,"href":"https:\/\/vidasupportservices.org\/es\/wp-json\/wp\/v2\/comments?post=4317"}],"version-history":[{"count":10,"href":"https:\/\/vidasupportservices.org\/es\/wp-json\/wp\/v2\/pages\/4317\/revisions"}],"predecessor-version":[{"id":4330,"href":"https:\/\/vidasupportservices.org\/es\/wp-json\/wp\/v2\/pages\/4317\/revisions\/4330"}],"wp:attachment":[{"href":"https:\/\/vidasupportservices.org\/es\/wp-json\/wp\/v2\/media?parent=4317"}],"curies":[{"name":"gracias","href":"https:\/\/api.w.org\/{rel}","templated":true}]}}