{"id":4382,"date":"2026-02-19T13:38:10","date_gmt":"2026-02-19T19:38:10","guid":{"rendered":"https:\/\/vidasupportservices.org\/?page_id=4382"},"modified":"2026-02-19T13:49:49","modified_gmt":"2026-02-19T19:49:49","slug":"greenbay","status":"publish","type":"page","link":"https:\/\/vidasupportservices.org\/es\/greenbay\/","title":{"rendered":"Bah\u00eda Verde"},"content":{"rendered":"<div data-elementor-type=\"wp-page\" data-elementor-id=\"4382\" class=\"elementor elementor-4382\" data-elementor-post-type=\"page\">\n\t\t\t\t\t\t<section class=\"elementor-section elementor-top-section elementor-element elementor-element-cb08160 elementor-section-height-min-height elementor-section-boxed elementor-section-height-default elementor-section-items-middle\" data-id=\"cb08160\" data-element_type=\"section\" data-e-type=\"section\" data-settings=\"{&quot;background_background&quot;:&quot;classic&quot;,&quot;shape_divider_bottom&quot;:&quot;mountains&quot;}\">\n\t\t\t\t\t<div class=\"elementor-shape elementor-shape-bottom\" aria-hidden=\"true\" data-negative=\"false\">\n\t\t\t<svg xmlns=\"http:\/\/www.w3.org\/2000\/svg\" viewbox=\"0 0 1000 100\" preserveaspectratio=\"none\">\n\t<path class=\"elementor-shape-fill\" opacity=\"0.33\" d=\"M473,67.3c-203.9,88.3-263.1-34-320.3,0C66,119.1,0,59.7,0,59.7V0h1000v59.7 c0,0-62.1,26.1-94.9,29.3c-32.8,3.3-62.8-12.3-75.8-22.1C806,49.6,745.3,8.7,694.9,4.7S492.4,59,473,67.3z\"\/>\n\t<path class=\"elementor-shape-fill\" opacity=\"0.66\" d=\"M734,67.3c-45.5,0-77.2-23.2-129.1-39.1c-28.6-8.7-150.3-10.1-254,39.1 s-91.7-34.4-149.2,0C115.7,118.3,0,39.8,0,39.8V0h1000v36.5c0,0-28.2-18.5-92.1-18.5C810.2,18.1,775.7,67.3,734,67.3z\"\/>\n\t<path class=\"elementor-shape-fill\" d=\"M766.1,28.9c-200-57.5-266,65.5-395.1,19.5C242,1.8,242,5.4,184.8,20.6C128,35.8,132.3,44.9,89.9,52.5C28.6,63.7,0,0,0,0 h1000c0,0-9.9,40.9-83.6,48.1S829.6,47,766.1,28.9z\"\/>\n<\/svg>\t\t<\/div>\n\t\t\t\t\t<div class=\"elementor-container elementor-column-gap-default\">\n\t\t\t\t\t<div class=\"elementor-column elementor-col-100 elementor-top-column elementor-element elementor-element-98b9c27\" data-id=\"98b9c27\" data-element_type=\"column\" data-e-type=\"column\">\n\t\t\t<div class=\"elementor-widget-wrap elementor-element-populated\">\n\t\t\t\t\t\t\t<\/div>\n\t\t<\/div>\n\t\t\t\t\t<\/div>\n\t\t<\/section>\n\t\t\t\t<section class=\"elementor-section elementor-top-section elementor-element elementor-element-df4aa50 elementor-section-boxed elementor-section-height-default elementor-section-height-default\" data-id=\"df4aa50\" data-element_type=\"section\" data-e-type=\"section\">\n\t\t\t\t\t\t<div class=\"elementor-container elementor-column-gap-default\">\n\t\t\t\t\t<div class=\"elementor-column elementor-col-100 elementor-top-column elementor-element elementor-element-3c15b11\" data-id=\"3c15b11\" data-element_type=\"column\" data-e-type=\"column\">\n\t\t\t<div class=\"elementor-widget-wrap elementor-element-populated\">\n\t\t\t\t\t\t<div class=\"elementor-element elementor-element-1eb6cb8 elementor-widget elementor-widget-text-editor\" data-id=\"1eb6cb8\" data-element_type=\"widget\" data-e-type=\"widget\" data-widget_type=\"text-editor.default\">\n\t\t\t\t<div class=\"elementor-widget-container\">\n\t\t\t\t\t\t\t\t\t<div style=\"align-self: auto; flex: 0 1 auto; order: 0; place-content: normal; align-items: normal; flex-flow: row; gap: normal; --widgets-spacing: 20px 20px; --widgets-spacing-row: 20px; --widgets-spacing-column: 20px; --swiper-theme-color: #000; --swiper-navigation-size: 44px; --swiper-pagination-bullet-size: 6px; --swiper-pagination-bullet-horizontal-gap: 6px; margin-bottom: 20px;\" data-id=\"10c77f6\" data-element_type=\"widget\" data-widget_type=\"heading.default\"><div style=\"transition: background 0.3s, border 0.3s, border-radius 0.3s, box-shadow 0.3s, transform 0.4s;\"><h2>Servicios de apoyo para padres de Vida<\/h2><\/div><\/div><div style=\"align-self: auto; flex: 0 1 auto; order: 0; place-content: normal; align-items: normal; flex-flow: row; gap: normal; --widgets-spacing: 20px 20px; --widgets-spacing-row: 20px; --widgets-spacing-column: 20px; --swiper-theme-color: #000; --swiper-navigation-size: 44px; --swiper-pagination-bullet-size: 6px; --swiper-pagination-bullet-horizontal-gap: 6px;\" data-id=\"12a2a0d\" data-element_type=\"widget\" data-widget_type=\"text-editor.default\"><div style=\"transition: background 0.3s, border 0.3s, border-radius 0.3s, box-shadow 0.3s, transform 0.4s;\"><p>Vida ofrece educaci\u00f3n gratuita sobre embarazo y paternidad para hombres, mujeres y parejas, apoyo material, referencias a recursos comunitarios, servicios biling\u00fces en espa\u00f1ol y m\u00e1s. Obtenga m\u00e1s informaci\u00f3n sobre los Servicios de Apoyo para Padres. <a href=\"http:\/\/vidasupportservices.org\/es\/\" data-wpel-link=\"external\" target=\"_blank\" rel=\"external noopener noreferrer\">aqu\u00ed<\/a>.<\/p><p><span style=\"font-weight: bolder;\">Ubicaci\u00f3n:\u00a0<\/span><a style=\"color: #035c8e;\" href=\"https:\/\/share.google\/wiNVyu1eoSqbBObfi\" target=\"_blank\" rel=\"noopener external noreferrer\" data-wpel-link=\"external\">670 Cormier Road, Suite A, Green Bay, WI 54304<\/a><\/p><p><span style=\"font-weight: bolder;\">Horas:\u00a0<\/span>Lunes de 9 a 17 h<\/p><\/div><\/div>\t\t\t\t\t\t\t\t<\/div>\n\t\t\t\t<\/div>\n\t\t\t\t\t<\/div>\n\t\t<\/div>\n\t\t\t\t\t<\/div>\n\t\t<\/section>\n\t\t\t\t<section class=\"elementor-section elementor-top-section elementor-element elementor-element-d940568 elementor-section-boxed elementor-section-height-default elementor-section-height-default\" data-id=\"d940568\" data-element_type=\"section\" data-e-type=\"section\">\n\t\t\t\t\t\t<div class=\"elementor-container elementor-column-gap-default\">\n\t\t\t\t\t<div class=\"elementor-column elementor-col-33 elementor-top-column elementor-element elementor-element-0c1d342\" data-id=\"0c1d342\" data-element_type=\"column\" data-e-type=\"column\">\n\t\t\t<div class=\"elementor-widget-wrap elementor-element-populated\">\n\t\t\t\t\t\t<div class=\"elementor-element elementor-element-dd72df6 elementor-widget elementor-widget-image\" data-id=\"dd72df6\" data-element_type=\"widget\" data-e-type=\"widget\" data-widget_type=\"image.default\">\n\t\t\t\t<div class=\"elementor-widget-container\">\n\t\t\t\t\t\t\t\t\t\t\t\t\t\t\t<img fetchpriority=\"high\" decoding=\"async\" width=\"336\" height=\"240\" src=\"https:\/\/vidasupportservices.org\/wp-content\/uploads\/2026\/02\/Untitled-design-65.png\" class=\"attachment-large size-large wp-image-4385\" alt=\"\" srcset=\"https:\/\/vidasupportservices.org\/wp-content\/uploads\/2026\/02\/Untitled-design-65.png 336w, https:\/\/vidasupportservices.org\/wp-content\/uploads\/2026\/02\/Untitled-design-65-300x214.png 300w, https:\/\/vidasupportservices.org\/wp-content\/uploads\/2026\/02\/Untitled-design-65-18x12.png 18w\" sizes=\"(max-width: 336px) 100vw, 336px\" \/>\t\t\t\t\t\t\t\t\t\t\t\t\t\t\t<\/div>\n\t\t\t\t<\/div>\n\t\t\t\t\t<\/div>\n\t\t<\/div>\n\t\t\t\t<div class=\"elementor-column elementor-col-33 elementor-top-column elementor-element elementor-element-87e4268\" data-id=\"87e4268\" data-element_type=\"column\" data-e-type=\"column\">\n\t\t\t<div class=\"elementor-widget-wrap elementor-element-populated\">\n\t\t\t\t\t\t<div class=\"elementor-element elementor-element-0716294 elementor-widget elementor-widget-image\" data-id=\"0716294\" data-element_type=\"widget\" data-e-type=\"widget\" data-widget_type=\"image.default\">\n\t\t\t\t<div class=\"elementor-widget-container\">\n\t\t\t\t\t\t\t\t\t\t\t\t\t\t\t<img decoding=\"async\" width=\"336\" height=\"240\" data-src=\"https:\/\/vidasupportservices.org\/wp-content\/uploads\/2026\/02\/Untitled-design-66.png\" class=\"attachment-large size-large wp-image-4390 lazyload\" alt=\"\" data-srcset=\"https:\/\/vidasupportservices.org\/wp-content\/uploads\/2026\/02\/Untitled-design-66.png 336w, https:\/\/vidasupportservices.org\/wp-content\/uploads\/2026\/02\/Untitled-design-66-300x214.png 300w, https:\/\/vidasupportservices.org\/wp-content\/uploads\/2026\/02\/Untitled-design-66-18x12.png 18w\" data-sizes=\"(max-width: 336px) 100vw, 336px\" src=\"data:image\/svg+xml;base64,PHN2ZyB3aWR0aD0iMSIgaGVpZ2h0PSIxIiB4bWxucz0iaHR0cDovL3d3dy53My5vcmcvMjAwMC9zdmciPjwvc3ZnPg==\" style=\"--smush-placeholder-width: 336px; --smush-placeholder-aspect-ratio: 336\/240;\" \/>\t\t\t\t\t\t\t\t\t\t\t\t\t\t\t<\/div>\n\t\t\t\t<\/div>\n\t\t\t\t\t<\/div>\n\t\t<\/div>\n\t\t\t\t<div class=\"elementor-column elementor-col-33 elementor-top-column elementor-element elementor-element-329a747\" data-id=\"329a747\" data-element_type=\"column\" data-e-type=\"column\">\n\t\t\t<div class=\"elementor-widget-wrap elementor-element-populated\">\n\t\t\t\t\t\t<div class=\"elementor-element elementor-element-db8c6ea elementor-widget elementor-widget-image\" data-id=\"db8c6ea\" data-element_type=\"widget\" data-e-type=\"widget\" data-widget_type=\"image.default\">\n\t\t\t\t<div class=\"elementor-widget-container\">\n\t\t\t\t\t\t\t\t\t\t\t\t\t\t\t<img decoding=\"async\" width=\"336\" height=\"240\" data-src=\"https:\/\/vidasupportservices.org\/wp-content\/uploads\/2026\/02\/Untitled-design-67.png\" class=\"attachment-large size-large wp-image-4389 lazyload\" alt=\"\" data-srcset=\"https:\/\/vidasupportservices.org\/wp-content\/uploads\/2026\/02\/Untitled-design-67.png 336w, https:\/\/vidasupportservices.org\/wp-content\/uploads\/2026\/02\/Untitled-design-67-300x214.png 300w, https:\/\/vidasupportservices.org\/wp-content\/uploads\/2026\/02\/Untitled-design-67-18x12.png 18w\" data-sizes=\"(max-width: 336px) 100vw, 336px\" src=\"data:image\/svg+xml;base64,PHN2ZyB3aWR0aD0iMSIgaGVpZ2h0PSIxIiB4bWxucz0iaHR0cDovL3d3dy53My5vcmcvMjAwMC9zdmciPjwvc3ZnPg==\" style=\"--smush-placeholder-width: 336px; --smush-placeholder-aspect-ratio: 336\/240;\" \/>\t\t\t\t\t\t\t\t\t\t\t\t\t\t\t<\/div>\n\t\t\t\t<\/div>\n\t\t\t\t\t<\/div>\n\t\t<\/div>\n\t\t\t\t\t<\/div>\n\t\t<\/section>\n\t\t\t\t<section class=\"elementor-section elementor-top-section elementor-element elementor-element-448b61f elementor-section-boxed elementor-section-height-default elementor-section-height-default\" data-id=\"448b61f\" data-element_type=\"section\" data-e-type=\"section\">\n\t\t\t\t\t\t<div class=\"elementor-container elementor-column-gap-default\">\n\t\t\t\t\t<div class=\"elementor-column elementor-col-33 elementor-top-column elementor-element elementor-element-e9555dd\" data-id=\"e9555dd\" data-element_type=\"column\" data-e-type=\"column\">\n\t\t\t<div class=\"elementor-widget-wrap elementor-element-populated\">\n\t\t\t\t\t\t<div class=\"elementor-element elementor-element-2f63b93 elementor-widget elementor-widget-image\" data-id=\"2f63b93\" data-element_type=\"widget\" data-e-type=\"widget\" data-widget_type=\"image.default\">\n\t\t\t\t<div class=\"elementor-widget-container\">\n\t\t\t\t\t\t\t\t\t\t\t\t\t\t\t<img decoding=\"async\" width=\"336\" height=\"240\" data-src=\"https:\/\/vidasupportservices.org\/wp-content\/uploads\/2026\/02\/Untitled-design-69.png\" class=\"attachment-large size-large wp-image-4387 lazyload\" alt=\"\" data-srcset=\"https:\/\/vidasupportservices.org\/wp-content\/uploads\/2026\/02\/Untitled-design-69.png 336w, https:\/\/vidasupportservices.org\/wp-content\/uploads\/2026\/02\/Untitled-design-69-300x214.png 300w, https:\/\/vidasupportservices.org\/wp-content\/uploads\/2026\/02\/Untitled-design-69-18x12.png 18w\" data-sizes=\"(max-width: 336px) 100vw, 336px\" src=\"data:image\/svg+xml;base64,PHN2ZyB3aWR0aD0iMSIgaGVpZ2h0PSIxIiB4bWxucz0iaHR0cDovL3d3dy53My5vcmcvMjAwMC9zdmciPjwvc3ZnPg==\" style=\"--smush-placeholder-width: 336px; --smush-placeholder-aspect-ratio: 336\/240;\" \/>\t\t\t\t\t\t\t\t\t\t\t\t\t\t\t<\/div>\n\t\t\t\t<\/div>\n\t\t\t\t\t<\/div>\n\t\t<\/div>\n\t\t\t\t<div class=\"elementor-column elementor-col-33 elementor-top-column elementor-element elementor-element-0d2679b\" data-id=\"0d2679b\" data-element_type=\"column\" data-e-type=\"column\">\n\t\t\t<div class=\"elementor-widget-wrap elementor-element-populated\">\n\t\t\t\t\t\t<div class=\"elementor-element elementor-element-ce247e6 elementor-widget elementor-widget-image\" data-id=\"ce247e6\" data-element_type=\"widget\" data-e-type=\"widget\" data-widget_type=\"image.default\">\n\t\t\t\t<div class=\"elementor-widget-container\">\n\t\t\t\t\t\t\t\t\t\t\t\t\t\t\t<img decoding=\"async\" width=\"336\" height=\"240\" data-src=\"https:\/\/vidasupportservices.org\/wp-content\/uploads\/2026\/02\/Untitled-design-68.png\" class=\"attachment-large size-large wp-image-4388 lazyload\" alt=\"\" data-srcset=\"https:\/\/vidasupportservices.org\/wp-content\/uploads\/2026\/02\/Untitled-design-68.png 336w, https:\/\/vidasupportservices.org\/wp-content\/uploads\/2026\/02\/Untitled-design-68-300x214.png 300w, https:\/\/vidasupportservices.org\/wp-content\/uploads\/2026\/02\/Untitled-design-68-18x12.png 18w\" data-sizes=\"(max-width: 336px) 100vw, 336px\" src=\"data:image\/svg+xml;base64,PHN2ZyB3aWR0aD0iMSIgaGVpZ2h0PSIxIiB4bWxucz0iaHR0cDovL3d3dy53My5vcmcvMjAwMC9zdmciPjwvc3ZnPg==\" style=\"--smush-placeholder-width: 336px; --smush-placeholder-aspect-ratio: 336\/240;\" \/>\t\t\t\t\t\t\t\t\t\t\t\t\t\t\t<\/div>\n\t\t\t\t<\/div>\n\t\t\t\t\t<\/div>\n\t\t<\/div>\n\t\t\t\t<div class=\"elementor-column elementor-col-33 elementor-top-column elementor-element elementor-element-62d9f5c\" data-id=\"62d9f5c\" data-element_type=\"column\" data-e-type=\"column\">\n\t\t\t<div class=\"elementor-widget-wrap elementor-element-populated\">\n\t\t\t\t\t\t<div class=\"elementor-element elementor-element-20991ee elementor-widget elementor-widget-image\" data-id=\"20991ee\" data-element_type=\"widget\" data-e-type=\"widget\" data-widget_type=\"image.default\">\n\t\t\t\t<div class=\"elementor-widget-container\">\n\t\t\t\t\t\t\t\t\t\t\t\t\t\t\t<img decoding=\"async\" width=\"336\" height=\"240\" data-src=\"https:\/\/vidasupportservices.org\/wp-content\/uploads\/2026\/02\/Untitled-design-70.png\" class=\"attachment-large size-large wp-image-4386 lazyload\" alt=\"\" data-srcset=\"https:\/\/vidasupportservices.org\/wp-content\/uploads\/2026\/02\/Untitled-design-70.png 336w, https:\/\/vidasupportservices.org\/wp-content\/uploads\/2026\/02\/Untitled-design-70-300x214.png 300w, https:\/\/vidasupportservices.org\/wp-content\/uploads\/2026\/02\/Untitled-design-70-18x12.png 18w\" data-sizes=\"(max-width: 336px) 100vw, 336px\" src=\"data:image\/svg+xml;base64,PHN2ZyB3aWR0aD0iMSIgaGVpZ2h0PSIxIiB4bWxucz0iaHR0cDovL3d3dy53My5vcmcvMjAwMC9zdmciPjwvc3ZnPg==\" style=\"--smush-placeholder-width: 336px; --smush-placeholder-aspect-ratio: 336\/240;\" \/>\t\t\t\t\t\t\t\t\t\t\t\t\t\t\t<\/div>\n\t\t\t\t<\/div>\n\t\t\t\t\t<\/div>\n\t\t<\/div>\n\t\t\t\t\t<\/div>\n\t\t<\/section>\n\t\t\t\t<section class=\"elementor-section elementor-top-section elementor-element elementor-element-d924f14 elementor-section-boxed elementor-section-height-default elementor-section-height-default\" data-id=\"d924f14\" data-element_type=\"section\" data-e-type=\"section\">\n\t\t\t\t\t\t<div class=\"elementor-container elementor-column-gap-default\">\n\t\t\t\t\t<div class=\"elementor-column elementor-col-100 elementor-top-column elementor-element elementor-element-67b5932\" data-id=\"67b5932\" data-element_type=\"column\" data-e-type=\"column\">\n\t\t\t<div class=\"elementor-widget-wrap elementor-element-populated\">\n\t\t\t\t\t\t<div class=\"elementor-element elementor-element-bcd73a6 elementor-widget elementor-widget-google_maps\" data-id=\"bcd73a6\" data-element_type=\"widget\" data-e-type=\"widget\" data-widget_type=\"google_maps.default\">\n\t\t\t\t<div class=\"elementor-widget-container\">\n\t\t\t\t\t\t\t<div class=\"elementor-custom-embed\">\n\t\t\t<iframe\n\t\t\t\t\tdata-src=\"https:\/\/maps.google.com\/maps?q=670%20Cormier%20Road%2C%20Green%20Bay%20WI%2054304&#038;t=m&#038;z=14&#038;output=embed&#038;iwloc=near\"\n\t\t\t\t\ttitle=\"670 Cormier Road, Green Bay, WI 54304\"\n\t\t\t\t\taria-label=\"670 Cormier Road, Green Bay, WI 54304\"\n\t\t\t src=\"data:image\/svg+xml;base64,PHN2ZyB3aWR0aD0iMSIgaGVpZ2h0PSIxIiB4bWxucz0iaHR0cDovL3d3dy53My5vcmcvMjAwMC9zdmciPjwvc3ZnPg==\" class=\"lazyload\" data-load-mode=\"1\"><\/iframe>\n\t\t<\/div>\n\t\t\t\t\t\t<\/div>\n\t\t\t\t<\/div>\n\t\t\t\t\t<\/div>\n\t\t<\/div>\n\t\t\t\t\t<\/div>\n\t\t<\/section>\n\t\t\t\t<\/div>","protected":false},"excerpt":{"rendered":"<p>Vida Parent Support Services Vida provides free pregnancy and parent education for men, women, and couples, material support, community resource referrals, Spanish bilingual services and more. Learn more about Parent Support Services here. Location:\u00a0670 Cormier Road, Suite A, Green Bay WI 54304 Hours:\u00a0Monday 9am-5pm<\/p>","protected":false},"author":7,"featured_media":0,"parent":0,"menu_order":0,"comment_status":"closed","ping_status":"closed","template":"","meta":{"footnotes":""},"class_list":["post-4382","page","type-page","status-publish","hentry"],"_links":{"self":[{"href":"https:\/\/vidasupportservices.org\/es\/wp-json\/wp\/v2\/pages\/4382","targetHints":{"allow":["GET"]}}],"collection":[{"href":"https:\/\/vidasupportservices.org\/es\/wp-json\/wp\/v2\/pages"}],"about":[{"href":"https:\/\/vidasupportservices.org\/es\/wp-json\/wp\/v2\/types\/page"}],"author":[{"embeddable":true,"href":"https:\/\/vidasupportservices.org\/es\/wp-json\/wp\/v2\/users\/7"}],"replies":[{"embeddable":true,"href":"https:\/\/vidasupportservices.org\/es\/wp-json\/wp\/v2\/comments?post=4382"}],"version-history":[{"count":10,"href":"https:\/\/vidasupportservices.org\/es\/wp-json\/wp\/v2\/pages\/4382\/revisions"}],"predecessor-version":[{"id":4400,"href":"https:\/\/vidasupportservices.org\/es\/wp-json\/wp\/v2\/pages\/4382\/revisions\/4400"}],"wp:attachment":[{"href":"https:\/\/vidasupportservices.org\/es\/wp-json\/wp\/v2\/media?parent=4382"}],"curies":[{"name":"gracias","href":"https:\/\/api.w.org\/{rel}","templated":true}]}}