{"id":468,"date":"2019-10-30T15:32:51","date_gmt":"2019-10-30T20:32:51","guid":{"rendered":"http:\/\/bellamedicalclinic.tempurl.host\/?page_id=468"},"modified":"2025-07-22T14:23:11","modified_gmt":"2025-07-22T19:23:11","slug":"request-an-appointment","status":"publish","type":"page","link":"https:\/\/vidasupportservices.org\/es\/request-an-appointment\/","title":{"rendered":"Pedir una cita"},"content":{"rendered":"<div data-elementor-type=\"wp-page\" data-elementor-id=\"468\" class=\"elementor elementor-468\" data-elementor-post-type=\"page\">\n\t\t\t\t\t\t<section class=\"elementor-section elementor-top-section elementor-element elementor-element-9a79d46 elementor-section-height-min-height elementor-section-boxed elementor-section-height-default elementor-section-items-middle\" data-id=\"9a79d46\" data-element_type=\"section\" data-e-type=\"section\" data-settings=\"{&quot;background_background&quot;:&quot;classic&quot;,&quot;shape_divider_bottom&quot;:&quot;mountains&quot;}\">\n\t\t\t\t\t<div class=\"elementor-shape elementor-shape-bottom\" aria-hidden=\"true\" data-negative=\"false\">\n\t\t\t<svg xmlns=\"http:\/\/www.w3.org\/2000\/svg\" viewbox=\"0 0 1000 100\" preserveaspectratio=\"none\">\n\t<path class=\"elementor-shape-fill\" opacity=\"0.33\" d=\"M473,67.3c-203.9,88.3-263.1-34-320.3,0C66,119.1,0,59.7,0,59.7V0h1000v59.7 c0,0-62.1,26.1-94.9,29.3c-32.8,3.3-62.8-12.3-75.8-22.1C806,49.6,745.3,8.7,694.9,4.7S492.4,59,473,67.3z\"\/>\n\t<path class=\"elementor-shape-fill\" opacity=\"0.66\" d=\"M734,67.3c-45.5,0-77.2-23.2-129.1-39.1c-28.6-8.7-150.3-10.1-254,39.1 s-91.7-34.4-149.2,0C115.7,118.3,0,39.8,0,39.8V0h1000v36.5c0,0-28.2-18.5-92.1-18.5C810.2,18.1,775.7,67.3,734,67.3z\"\/>\n\t<path class=\"elementor-shape-fill\" d=\"M766.1,28.9c-200-57.5-266,65.5-395.1,19.5C242,1.8,242,5.4,184.8,20.6C128,35.8,132.3,44.9,89.9,52.5C28.6,63.7,0,0,0,0 h1000c0,0-9.9,40.9-83.6,48.1S829.6,47,766.1,28.9z\"\/>\n<\/svg>\t\t<\/div>\n\t\t\t\t\t<div class=\"elementor-container elementor-column-gap-default\">\n\t\t\t\t\t<div class=\"elementor-column elementor-col-100 elementor-top-column elementor-element elementor-element-2dc8a2f\" data-id=\"2dc8a2f\" data-element_type=\"column\" data-e-type=\"column\">\n\t\t\t<div class=\"elementor-widget-wrap elementor-element-populated\">\n\t\t\t\t\t\t\t<\/div>\n\t\t<\/div>\n\t\t\t\t\t<\/div>\n\t\t<\/section>\n\t\t\t\t<section class=\"elementor-section elementor-top-section elementor-element elementor-element-89b8f59 elementor-section-boxed elementor-section-height-default elementor-section-height-default\" data-id=\"89b8f59\" data-element_type=\"section\" data-e-type=\"section\">\n\t\t\t\t\t\t<div class=\"elementor-container elementor-column-gap-default\">\n\t\t\t\t\t<div class=\"elementor-column elementor-col-100 elementor-top-column elementor-element elementor-element-2c8c5e8\" data-id=\"2c8c5e8\" data-element_type=\"column\" data-e-type=\"column\">\n\t\t\t<div class=\"elementor-widget-wrap elementor-element-populated\">\n\t\t\t\t\t\t<div class=\"elementor-element elementor-element-f57a40a elementor-widget elementor-widget-text-editor\" data-id=\"f57a40a\" data-element_type=\"widget\" data-e-type=\"widget\" data-widget_type=\"text-editor.default\">\n\t\t\t\t<div class=\"elementor-widget-container\">\n\t\t\t\t\t\t\t\t\t<p>Si actualmente no es cliente de Vida Support Services y est\u00e1 interesado en recibir atenci\u00f3n, \u00a1estamos aqu\u00ed para ayudarlo!<\/p><p>Por favor ll\u00e1menos al <a href=\"tel:19209553772\" data-wpel-link=\"internal\">920-955-3772<\/a> o env\u00ede una solicitud de cita y un miembro del personal se comunicar\u00e1 con usted.\u00a0<\/p>\t\t\t\t\t\t\t\t<\/div>\n\t\t\t\t<\/div>\n\t\t\t\t<div class=\"elementor-element elementor-element-e271e1d elementor-widget elementor-widget-heading\" data-id=\"e271e1d\" data-element_type=\"widget\" data-e-type=\"widget\" data-widget_type=\"heading.default\">\n\t\t\t\t<div class=\"elementor-widget-container\">\n\t\t\t\t\t<h2 class=\"elementor-heading-title elementor-size-default\">Formulario de solicitud de cita<\/h2>\t\t\t\t<\/div>\n\t\t\t\t<\/div>\n\t\t\t\t<div class=\"elementor-element elementor-element-7b645ca elementor-widget elementor-widget-html\" data-id=\"7b645ca\" data-element_type=\"widget\" data-e-type=\"widget\" data-widget_type=\"html.default\">\n\t\t\t\t<div class=\"elementor-widget-container\">\n\t\t\t\t\t<div class=\"forminator-ui forminator-custom-form forminator-custom-form-2713 forminator-design--flat\" data-forminator-render=\"0\" data-form=\"forminator-module-2713\" data-uid=\"69e19c50b6b69\"><br\/><\/div><form\r\n\t\t\t\tid=\"forminator-module-2713\"\r\n\t\t\t\tclass=\"forminator-ui forminator-custom-form forminator-custom-form-2713 forminator-design--flat\"\r\n\t\t\t\tmethod=\"post\"\r\n\t\t\t\tdata-forminator-render=\"0\"\r\n\t\t\t\tdata-form-id=\"2713\"\r\n\t\t\t\t data-color-option=\"default\" data-design=\"flat\" data-grid=\"open\" style=\"display: none;\"\r\n\t\t\t\tdata-uid=\"69e19c50b6b69\" action=\"\"\r\n\t\t\t><div role=\"alert\" aria-live=\"polite\" class=\"forminator-response-message forminator-error\" aria-hidden=\"true\"><\/div><div class=\"forminator-row\"><div id=\"name-1\" class=\"forminator-field-name forminator-col forminator-col-12\"><div class=\"forminator-field\"><label for=\"forminator-field-name-1_69e19c50b6b69\" id=\"forminator-field-name-1_69e19c50b6b69-label\" class=\"forminator-label\">Nombre <span class=\"forminator-required\">*<\/span><\/label><input type=\"text\" name=\"name-1\" value=\"\" placeholder=\"Por ejemplo, Juan\" id=\"forminator-field-name-1_69e19c50b6b69\" class=\"forminator-input forminator-name--field\" aria-required=\"true\" autocomplete=\"name\" \/><\/div><\/div><\/div><div class=\"forminator-row\"><div id=\"phone-1\" class=\"forminator-field-phone forminator-col forminator-col-12\"><div class=\"forminator-field\"><label for=\"forminator-field-phone-1_69e19c50b6b69\" id=\"forminator-field-phone-1_69e19c50b6b69-label\" class=\"forminator-label\">N\u00famero de tel\u00e9fono <span class=\"forminator-required\">*<\/span><\/label><input type=\"text\" name=\"phone-1\" value=\"\" placeholder=\"(###) ###-####\" id=\"forminator-field-phone-1_69e19c50b6b69\" class=\"forminator-input forminator-field--phone\" data-required=\"1\" aria-required=\"true\" autocomplete=\"off\" \/><\/div><\/div><\/div><div class=\"forminator-row\"><div id=\"section-1\" class=\"forminator-field-section forminator-col forminator-col-12\"><div class=\"forminator-field\"><h3 class=\"forminator-subtitle\">No le enviaremos mensajes de texto a este n\u00famero hasta que recibamos su consentimiento por escrito. El consentimiento por mensaje de texto solo se puede dar en persona, en el centro y por escrito. Vea la pol\u00edtica de privacidad en www.vidasupportservices.org\/privacy-policy<\/h3><\/div><\/div><\/div><div class=\"forminator-row\"><div id=\"email-1\" class=\"forminator-field-email forminator-col forminator-col-12\"><div class=\"forminator-field\"><label for=\"forminator-field-email-1_69e19c50b6b69\" id=\"forminator-field-email-1_69e19c50b6b69-label\" class=\"forminator-label\">Direcci\u00f3n de correo electr\u00f3nico <span class=\"forminator-required\">*<\/span><\/label><input type=\"email\" name=\"email-1\" value=\"\" placeholder=\"Por ejemplo, john@doe.com\" id=\"forminator-field-email-1_69e19c50b6b69\" class=\"forminator-input forminator-email--field\" data-required=\"true\" aria-required=\"true\" autocomplete=\"email\" \/><\/div><\/div><\/div><div class=\"forminator-row\"><div id=\"checkbox-1\" class=\"forminator-field-checkbox forminator-col forminator-col-12\"><div role=\"group\" class=\"forminator-field required\" aria-labelledby=\"forminator-checkbox-group-forminator-field-checkbox-1-69e19c50b6b69-label\"><span id=\"forminator-checkbox-group-forminator-field-checkbox-1-69e19c50b6b69-label\" class=\"forminator-label\">Tipo de cita (seleccione todas las opciones que correspondan) <span class=\"forminator-required\">*<\/span><\/span><label id=\"forminator-field-checkbox-1-1-69e19c50b6b69-label\" for=\"forminator-field-checkbox-1-1-69e19c50b6b69\" class=\"forminator-checkbox\" title=\"Embarazo y educaci\u00f3n para padres\"><input type=\"checkbox\" name=\"checkbox-1[]\" value=\"Pregnancy-Education\" id=\"forminator-field-checkbox-1-1-69e19c50b6b69\" aria-labelledby=\"forminator-field-checkbox-1-1-69e19c50b6b69-label\" data-calculation=\"0\"  \/><span class=\"forminator-checkbox-box\" aria-hidden=\"true\"><\/span><span class=\"forminator-checkbox-label\">Embarazo y educaci\u00f3n para padres<\/span><\/label><label id=\"forminator-field-checkbox-1-2-69e19c50b6b69-label\" for=\"forminator-field-checkbox-1-2-69e19c50b6b69\" class=\"forminator-checkbox\" title=\"Programa de asientos para el autom\u00f3vil\"><input type=\"checkbox\" name=\"checkbox-1[]\" value=\"Pregnancy-Option-Information\" id=\"forminator-field-checkbox-1-2-69e19c50b6b69\" aria-labelledby=\"forminator-field-checkbox-1-2-69e19c50b6b69-label\" data-calculation=\"0\"  \/><span class=\"forminator-checkbox-box\" aria-hidden=\"true\"><\/span><span class=\"forminator-checkbox-label\">Programa de asientos para el autom\u00f3vil<\/span><\/label><label id=\"forminator-field-checkbox-1-3-69e19c50b6b69-label\" for=\"forminator-field-checkbox-1-3-69e19c50b6b69\" class=\"forminator-checkbox\" title=\"Vivienda de maternidad\"><input type=\"checkbox\" name=\"checkbox-1[]\" value=\"Abortion-Pill-Reversal\" id=\"forminator-field-checkbox-1-3-69e19c50b6b69\" aria-labelledby=\"forminator-field-checkbox-1-3-69e19c50b6b69-label\" data-calculation=\"0\"  \/><span class=\"forminator-checkbox-box\" aria-hidden=\"true\"><\/span><span class=\"forminator-checkbox-label\">Vivienda de maternidad<\/span><\/label><label id=\"forminator-field-checkbox-1-4-69e19c50b6b69-label\" for=\"forminator-field-checkbox-1-4-69e19c50b6b69\" class=\"forminator-checkbox\" title=\"Apoyo post aborto\"><input type=\"checkbox\" name=\"checkbox-1[]\" value=\"Sports-Physical\" id=\"forminator-field-checkbox-1-4-69e19c50b6b69\" aria-labelledby=\"forminator-field-checkbox-1-4-69e19c50b6b69-label\" data-calculation=\"0\"  \/><span class=\"forminator-checkbox-box\" aria-hidden=\"true\"><\/span><span class=\"forminator-checkbox-label\">Apoyo post aborto<\/span><\/label><label id=\"forminator-field-checkbox-1-5-69e19c50b6b69-label\" for=\"forminator-field-checkbox-1-5-69e19c50b6b69\" class=\"forminator-checkbox\" title=\"Apoyo al aborto espont\u00e1neo\"><input type=\"checkbox\" name=\"checkbox-1[]\" value=\"Miscarriage-Support\" id=\"forminator-field-checkbox-1-5-69e19c50b6b69\" aria-labelledby=\"forminator-field-checkbox-1-5-69e19c50b6b69-label\" data-calculation=\"0\"  \/><span class=\"forminator-checkbox-box\" aria-hidden=\"true\"><\/span><span class=\"forminator-checkbox-label\">Apoyo al aborto espont\u00e1neo<\/span><\/label><label id=\"forminator-field-checkbox-1-6-69e19c50b6b69-label\" for=\"forminator-field-checkbox-1-6-69e19c50b6b69\" class=\"forminator-checkbox\" title=\"Soporte biling\u00fce\"><input type=\"checkbox\" name=\"checkbox-1[]\" value=\"Pap-Smear\" id=\"forminator-field-checkbox-1-6-69e19c50b6b69\" aria-labelledby=\"forminator-field-checkbox-1-6-69e19c50b6b69-label\" data-calculation=\"0\"  \/><span class=\"forminator-checkbox-box\" aria-hidden=\"true\"><\/span><span class=\"forminator-checkbox-label\">Soporte biling\u00fce<\/span><\/label><label id=\"forminator-field-checkbox-1-7-69e19c50b6b69-label\" for=\"forminator-field-checkbox-1-7-69e19c50b6b69\" class=\"forminator-checkbox\" title=\"Otro\"><input type=\"checkbox\" name=\"checkbox-1[]\" value=\"Other\" id=\"forminator-field-checkbox-1-7-69e19c50b6b69\" aria-labelledby=\"forminator-field-checkbox-1-7-69e19c50b6b69-label\" data-calculation=\"0\"  \/><span class=\"forminator-checkbox-box\" aria-hidden=\"true\"><\/span><span class=\"forminator-checkbox-label\">Otro<\/span><\/label><\/div><\/div><\/div><div class=\"forminator-row\"><div id=\"checkbox-2\" class=\"forminator-field-checkbox forminator-col forminator-col-12\"><div role=\"group\" class=\"forminator-field required\" aria-labelledby=\"forminator-checkbox-group-forminator-field-checkbox-2-69e19c50b6b69-label\"><span id=\"forminator-checkbox-group-forminator-field-checkbox-2-69e19c50b6b69-label\" class=\"forminator-label\">\u00bfQu\u00e9 ubicaci\u00f3n te conviene mejor? <span class=\"forminator-required\">*<\/span><\/span><label id=\"forminator-field-checkbox-2-1-69e19c50b6b69-label\" for=\"forminator-field-checkbox-2-1-69e19c50b6b69\" class=\"forminator-checkbox\" title=\"Oshkosh\"><input type=\"checkbox\" name=\"checkbox-2[]\" value=\"Monday\" id=\"forminator-field-checkbox-2-1-69e19c50b6b69\" aria-labelledby=\"forminator-field-checkbox-2-1-69e19c50b6b69-label\" data-calculation=\"0\"  \/><span class=\"forminator-checkbox-box\" aria-hidden=\"true\"><\/span><span class=\"forminator-checkbox-label\">Oshkosh<\/span><\/label><label id=\"forminator-field-checkbox-2-2-69e19c50b6b69-label\" for=\"forminator-field-checkbox-2-2-69e19c50b6b69\" class=\"forminator-checkbox\" title=\"Appleton\"><input type=\"checkbox\" name=\"checkbox-2[]\" value=\"Tuesday\" id=\"forminator-field-checkbox-2-2-69e19c50b6b69\" aria-labelledby=\"forminator-field-checkbox-2-2-69e19c50b6b69-label\" data-calculation=\"0\"  \/><span class=\"forminator-checkbox-box\" aria-hidden=\"true\"><\/span><span class=\"forminator-checkbox-label\">Appleton<\/span><\/label><label id=\"forminator-field-checkbox-2-3-69e19c50b6b69-label\" for=\"forminator-field-checkbox-2-3-69e19c50b6b69\" class=\"forminator-checkbox\" title=\"Bah\u00eda Verde\"><input type=\"checkbox\" name=\"checkbox-2[]\" value=\"Green-Bay\" id=\"forminator-field-checkbox-2-3-69e19c50b6b69\" aria-labelledby=\"forminator-field-checkbox-2-3-69e19c50b6b69-label\" data-calculation=\"0\"  \/><span class=\"forminator-checkbox-box\" aria-hidden=\"true\"><\/span><span class=\"forminator-checkbox-label\">Bah\u00eda Verde<\/span><\/label><\/div><\/div><\/div><div class=\"forminator-row\"><div id=\"checkbox-4\" class=\"forminator-field-checkbox forminator-col forminator-col-12\"><div role=\"group\" class=\"forminator-field required\" aria-labelledby=\"forminator-checkbox-group-forminator-field-checkbox-4-69e19c50b6b69-label\"><span id=\"forminator-checkbox-group-forminator-field-checkbox-4-69e19c50b6b69-label\" class=\"forminator-label\">\u00bfQu\u00e9 d\u00eda(s) es mejor contactarlo? <span class=\"forminator-required\">*<\/span><\/span><label id=\"forminator-field-checkbox-4-1-69e19c50b6b69-label\" for=\"forminator-field-checkbox-4-1-69e19c50b6b69\" class=\"forminator-checkbox\" title=\"Lunes\"><input type=\"checkbox\" name=\"checkbox-4[]\" value=\"Monday\" id=\"forminator-field-checkbox-4-1-69e19c50b6b69\" aria-labelledby=\"forminator-field-checkbox-4-1-69e19c50b6b69-label\" data-calculation=\"0\"  \/><span class=\"forminator-checkbox-box\" aria-hidden=\"true\"><\/span><span class=\"forminator-checkbox-label\">Lunes<\/span><\/label><label id=\"forminator-field-checkbox-4-2-69e19c50b6b69-label\" for=\"forminator-field-checkbox-4-2-69e19c50b6b69\" class=\"forminator-checkbox\" title=\"Martes\"><input type=\"checkbox\" name=\"checkbox-4[]\" value=\"Tuesday\" id=\"forminator-field-checkbox-4-2-69e19c50b6b69\" aria-labelledby=\"forminator-field-checkbox-4-2-69e19c50b6b69-label\" data-calculation=\"0\"  \/><span class=\"forminator-checkbox-box\" aria-hidden=\"true\"><\/span><span class=\"forminator-checkbox-label\">Martes<\/span><\/label><label id=\"forminator-field-checkbox-4-3-69e19c50b6b69-label\" for=\"forminator-field-checkbox-4-3-69e19c50b6b69\" class=\"forminator-checkbox\" title=\"Mi\u00e9rcoles\"><input type=\"checkbox\" name=\"checkbox-4[]\" value=\"Wednesday\" id=\"forminator-field-checkbox-4-3-69e19c50b6b69\" aria-labelledby=\"forminator-field-checkbox-4-3-69e19c50b6b69-label\" data-calculation=\"0\"  \/><span class=\"forminator-checkbox-box\" aria-hidden=\"true\"><\/span><span class=\"forminator-checkbox-label\">Mi\u00e9rcoles<\/span><\/label><label id=\"forminator-field-checkbox-4-4-69e19c50b6b69-label\" for=\"forminator-field-checkbox-4-4-69e19c50b6b69\" class=\"forminator-checkbox\" title=\"Jueves\"><input type=\"checkbox\" name=\"checkbox-4[]\" value=\"Thursday\" id=\"forminator-field-checkbox-4-4-69e19c50b6b69\" aria-labelledby=\"forminator-field-checkbox-4-4-69e19c50b6b69-label\" data-calculation=\"0\"  \/><span class=\"forminator-checkbox-box\" aria-hidden=\"true\"><\/span><span class=\"forminator-checkbox-label\">Jueves<\/span><\/label><\/div><\/div><\/div><div class=\"forminator-row\"><div id=\"checkbox-3\" class=\"forminator-field-checkbox forminator-col forminator-col-12\"><div role=\"group\" class=\"forminator-field required\" aria-labelledby=\"forminator-checkbox-group-forminator-field-checkbox-3-69e19c50b6b69-label\"><span id=\"forminator-checkbox-group-forminator-field-checkbox-3-69e19c50b6b69-label\" class=\"forminator-label\">\u00bfA qu\u00e9 hora es mejor contactarlo? <span class=\"forminator-required\">*<\/span><\/span><label id=\"forminator-field-checkbox-3-1-69e19c50b6b69-label\" for=\"forminator-field-checkbox-3-1-69e19c50b6b69\" class=\"forminator-checkbox\" title=\"Ma\u00f1ana\"><input type=\"checkbox\" name=\"checkbox-3[]\" value=\"Morning\" id=\"forminator-field-checkbox-3-1-69e19c50b6b69\" aria-labelledby=\"forminator-field-checkbox-3-1-69e19c50b6b69-label\" data-calculation=\"0\"  \/><span class=\"forminator-checkbox-box\" aria-hidden=\"true\"><\/span><span class=\"forminator-checkbox-label\">Ma\u00f1ana<\/span><\/label><label id=\"forminator-field-checkbox-3-2-69e19c50b6b69-label\" for=\"forminator-field-checkbox-3-2-69e19c50b6b69\" class=\"forminator-checkbox\" title=\"Tarde\"><input type=\"checkbox\" name=\"checkbox-3[]\" value=\"Afternoon\" id=\"forminator-field-checkbox-3-2-69e19c50b6b69\" aria-labelledby=\"forminator-field-checkbox-3-2-69e19c50b6b69-label\" data-calculation=\"0\"  \/><span class=\"forminator-checkbox-box\" aria-hidden=\"true\"><\/span><span class=\"forminator-checkbox-label\">Tarde<\/span><\/label><\/div><\/div><\/div><div class=\"forminator-row\"><div id=\"captcha-1\" class=\"forminator-field-captcha forminator-col forminator-col-12\"><div class=\"forminator-captcha-left forminator-g-recaptcha\" data-theme=\"light\"  data-sitekey=\"6LeOAX4sAAAAALrLWpzy5nE7R46U_cH4UQ4c28nW\" data-size=\"normal\"><\/div> <\/div><\/div><input type=\"hidden\" name=\"referer_url\" value=\"\" \/><div class=\"forminator-row forminator-row-last\"><div class=\"forminator-col\"><div class=\"forminator-field\"><button class=\"forminator-button forminator-button-submit\">Enviar solicitud<\/button><\/div><\/div><\/div><input type=\"hidden\" id=\"forminator_nonce\" name=\"forminator_nonce\" value=\"c5c1d7e55f\" \/><input type=\"hidden\" name=\"_wp_http_referer\" value=\"\/es\/wp-json\/wp\/v2\/pages\/468\" \/><input type=\"hidden\" name=\"form_id\" value=\"2713\"><input type=\"hidden\" name=\"page_id\" value=\"468\"><input type=\"hidden\" name=\"form_type\" value=\"default\"><input type=\"hidden\" name=\"current_url\" value=\"https:\/\/vidasupportservices.org\/es\/request-an-appointment\/\"><input type=\"hidden\" name=\"render_id\" value=\"0\"><input type=\"hidden\" name=\"action\" value=\"forminator_submit_form_custom-forms\"><label for=\"input_8\" class=\"forminator-hidden\" aria-hidden=\"true\">Por favor, no rellene este campo. <input id=\"input_8\" type=\"text\" name=\"input_8\" value=\"\" autocomplete=\"off\"><\/label><input type=\"hidden\" name=\"trp-form-language\" value=\"es\"\/><\/form>\t\t\t\t<\/div>\n\t\t\t\t<\/div>\n\t\t\t\t<div class=\"elementor-element elementor-element-e7804c8 elementor-widget elementor-widget-text-editor\" data-id=\"e7804c8\" data-element_type=\"widget\" data-e-type=\"widget\" data-widget_type=\"text-editor.default\">\n\t\t\t\t<div class=\"elementor-widget-container\">\n\t\t\t\t\t\t\t\t\t<p><em>Este formulario no garantiza una cita. Un miembro del personal de Vida se pondr\u00e1 en contacto con usted una vez que env\u00ede este formulario. Todos los servicios no tienen ning\u00fan costo para usted.<\/em><\/p>\t\t\t\t\t\t\t\t<\/div>\n\t\t\t\t<\/div>\n\t\t\t\t\t<\/div>\n\t\t<\/div>\n\t\t\t\t\t<\/div>\n\t\t<\/section>\n\t\t\t\t<\/div>","protected":false},"excerpt":{"rendered":"<p>If you are not currently a client at Vida Support Services and are interested in receiving care, we are here to help you! Please call us at 920-955-3772 or submit an appointment request, and a staff member will contact you.\u00a0 Request An Appointment Form This form does not guarantee an appointment. A Vida staff member [&hellip;]<\/p>\n","protected":false},"author":7,"featured_media":971,"parent":0,"menu_order":15,"comment_status":"closed","ping_status":"closed","template":"elementor_header_footer","meta":{"footnotes":""},"class_list":["post-468","page","type-page","status-publish","has-post-thumbnail","hentry"],"_links":{"self":[{"href":"https:\/\/vidasupportservices.org\/es\/wp-json\/wp\/v2\/pages\/468","targetHints":{"allow":["GET"]}}],"collection":[{"href":"https:\/\/vidasupportservices.org\/es\/wp-json\/wp\/v2\/pages"}],"about":[{"href":"https:\/\/vidasupportservices.org\/es\/wp-json\/wp\/v2\/types\/page"}],"author":[{"embeddable":true,"href":"https:\/\/vidasupportservices.org\/es\/wp-json\/wp\/v2\/users\/7"}],"replies":[{"embeddable":true,"href":"https:\/\/vidasupportservices.org\/es\/wp-json\/wp\/v2\/comments?post=468"}],"version-history":[{"count":30,"href":"https:\/\/vidasupportservices.org\/es\/wp-json\/wp\/v2\/pages\/468\/revisions"}],"predecessor-version":[{"id":4049,"href":"https:\/\/vidasupportservices.org\/es\/wp-json\/wp\/v2\/pages\/468\/revisions\/4049"}],"wp:featuredmedia":[{"embeddable":true,"href":"https:\/\/vidasupportservices.org\/es\/wp-json\/wp\/v2\/media\/971"}],"wp:attachment":[{"href":"https:\/\/vidasupportservices.org\/es\/wp-json\/wp\/v2\/media?parent=468"}],"curies":[{"name":"gracias","href":"https:\/\/api.w.org\/{rel}","templated":true}]}}