{"id":605,"date":"2019-11-25T10:23:05","date_gmt":"2019-11-25T16:23:05","guid":{"rendered":"http:\/\/bellamedicalclinic.tempurl.host\/?page_id=605"},"modified":"2025-06-02T14:23:37","modified_gmt":"2025-06-02T19:23:37","slug":"privacy-policy","status":"publish","type":"page","link":"https:\/\/vidasupportservices.org\/es\/privacy-policy\/","title":{"rendered":"pol\u00edtica de privacidad"},"content":{"rendered":"<div data-elementor-type=\"wp-page\" data-elementor-id=\"605\" class=\"elementor elementor-605\" data-elementor-post-type=\"page\">\n\t\t\t\t\t\t<section class=\"elementor-section elementor-top-section elementor-element elementor-element-e999d5b elementor-section-height-min-height elementor-section-boxed elementor-section-height-default elementor-section-items-middle\" data-id=\"e999d5b\" data-element_type=\"section\" data-e-type=\"section\" data-settings=\"{&quot;background_background&quot;:&quot;classic&quot;,&quot;shape_divider_bottom&quot;:&quot;mountains&quot;}\">\n\t\t\t\t\t<div class=\"elementor-shape elementor-shape-bottom\" aria-hidden=\"true\" data-negative=\"false\">\n\t\t\t<svg xmlns=\"http:\/\/www.w3.org\/2000\/svg\" viewbox=\"0 0 1000 100\" preserveaspectratio=\"none\">\n\t<path class=\"elementor-shape-fill\" opacity=\"0.33\" d=\"M473,67.3c-203.9,88.3-263.1-34-320.3,0C66,119.1,0,59.7,0,59.7V0h1000v59.7 c0,0-62.1,26.1-94.9,29.3c-32.8,3.3-62.8-12.3-75.8-22.1C806,49.6,745.3,8.7,694.9,4.7S492.4,59,473,67.3z\"\/>\n\t<path class=\"elementor-shape-fill\" opacity=\"0.66\" d=\"M734,67.3c-45.5,0-77.2-23.2-129.1-39.1c-28.6-8.7-150.3-10.1-254,39.1 s-91.7-34.4-149.2,0C115.7,118.3,0,39.8,0,39.8V0h1000v36.5c0,0-28.2-18.5-92.1-18.5C810.2,18.1,775.7,67.3,734,67.3z\"\/>\n\t<path class=\"elementor-shape-fill\" d=\"M766.1,28.9c-200-57.5-266,65.5-395.1,19.5C242,1.8,242,5.4,184.8,20.6C128,35.8,132.3,44.9,89.9,52.5C28.6,63.7,0,0,0,0 h1000c0,0-9.9,40.9-83.6,48.1S829.6,47,766.1,28.9z\"\/>\n<\/svg>\t\t<\/div>\n\t\t\t\t\t<div class=\"elementor-container elementor-column-gap-default\">\n\t\t\t\t\t<div class=\"elementor-column elementor-col-100 elementor-top-column elementor-element elementor-element-f600aeb\" data-id=\"f600aeb\" data-element_type=\"column\" data-e-type=\"column\">\n\t\t\t<div class=\"elementor-widget-wrap elementor-element-populated\">\n\t\t\t\t\t\t\t<\/div>\n\t\t<\/div>\n\t\t\t\t\t<\/div>\n\t\t<\/section>\n\t\t\t\t<section class=\"elementor-section elementor-top-section elementor-element elementor-element-397c2111 elementor-section-boxed elementor-section-height-default elementor-section-height-default\" data-id=\"397c2111\" data-element_type=\"section\" data-e-type=\"section\">\n\t\t\t\t\t\t<div class=\"elementor-container elementor-column-gap-default\">\n\t\t\t\t\t<div class=\"elementor-column elementor-col-100 elementor-top-column elementor-element elementor-element-130bd0e1\" data-id=\"130bd0e1\" data-element_type=\"column\" data-e-type=\"column\">\n\t\t\t<div class=\"elementor-widget-wrap elementor-element-populated\">\n\t\t\t\t\t\t<div class=\"elementor-element elementor-element-21ab20b elementor-widget elementor-widget-heading\" data-id=\"21ab20b\" data-element_type=\"widget\" data-e-type=\"widget\" data-widget_type=\"heading.default\">\n\t\t\t\t<div class=\"elementor-widget-container\">\n\t\t\t\t\t<h2 class=\"elementor-heading-title elementor-size-default\">Vida<\/h2>\t\t\t\t<\/div>\n\t\t\t\t<\/div>\n\t\t\t\t<div class=\"elementor-element elementor-element-18745b26 elementor-widget elementor-widget-text-editor\" data-id=\"18745b26\" data-element_type=\"widget\" data-e-type=\"widget\" data-widget_type=\"text-editor.default\">\n\t\t\t\t<div class=\"elementor-widget-container\">\n\t\t\t\t\t\t\t\t\t<h3 style=\"color: #333333;\"><span style=\"font-weight: bolder;\">MENSAJER\u00cdA DE TEXTO<\/span><\/h3>\n<p style=\"font-size: 18px;\">A los pacientes\/clientes\/residentes se les proporcionar\u00e1 la siguiente Pol\u00edtica de privacidad de mensajes de texto y los T\u00e9rminos y condiciones de mensajes de texto de Vida Inc.:<\/p>\n<h4 style=\"font-family: Barlow, sans-serif; color: #333333;\"><span style=\"font-weight: bolder;\">POL\u00cdTICA DE PRIVACIDAD<\/span><\/h4>\n<p style=\"font-size: 18px;\"><span class=\"NormalTextRun SCXW123099110 BCX0\">El consentimiento por mensaje de texto solo se puede dar en persona<\/span><span class=\"NormalTextRun SCXW123099110 BCX0\">,<\/span><span class=\"NormalTextRun SCXW123099110 BCX0\"> En el centro<\/span><span class=\"NormalTextRun SCXW123099110 BCX0\">,<\/span><span class=\"NormalTextRun SCXW123099110 BCX0\"> y por escrito. <\/span><span class=\"NormalTextRun SCXW123099110 BCX0\">Al marcar la casilla de mensaje de texto en el<\/span><span class=\"NormalTextRun SCXW123099110 BCX0\">mi<\/span> <span class=\"NormalTextRun SCXW123099110 BCX0\">consumo <\/span><span class=\"NormalTextRun SCXW123099110 BCX0\">F<\/span><span class=\"NormalTextRun SCXW123099110 BCX0\">forma<\/span><span class=\"NormalTextRun SCXW123099110 BCX0\"> proporcionado en el centro<\/span><span class=\"NormalTextRun SCXW123099110 BCX0\">, usted est\u00e1 consintiendo recibir mensajes de texto de <\/span><span class=\"NormalTextRun SCXW123099110 BCX0\">Vida Inc al n\u00famero proporcionado, incluidos los mensajes enviados <\/span><span class=\"NormalTextRun SCXW123099110 BCX0\">por <\/span><span class=\"NormalTextRun SCXW123099110 BCX0\">marcador autom\u00e1tico<\/span><span class=\"NormalTextRun SCXW123099110 BCX0\">.&nbsp;<\/span> <span class=\"NormalTextRun SCXW123099110 BCX0\">El consentimiento no es una condici\u00f3n de compra ya que no hay tarifas por ning\u00fan servicio de Vida.<\/span><span class=\"NormalTextRun SCXW123099110 BCX0\">ce. Pueden aplicarse tarifas de mensajes y datos al enviar mensajes de texto. La frecuencia de los mensajes variar\u00e1.<\/span><span class=\"NormalTextRun SCXW123099110 BCX0\">yo var\u00edo. <\/span><span class=\"NormalTextRun SCXW123099110 BCX0\">Los transportistas no son responsables de los mensajes retrasados o no entregados. Env\u00ede un mensaje de texto con la palabra HELP para obtener ayuda.&nbsp;<\/span><span class=\"NormalTextRun SCXW123099110 BCX0\">Puede cancelar su suscripci\u00f3n en cualquier momento respondiendo STOP o haciendo clic en el enlace para cancelar la suscripci\u00f3n (si est\u00e1 disponible) y no se enviar\u00e1n m\u00e1s mensajes. &nbsp;<\/span><span class=\"NormalTextRun SCXW123099110 BCX0\">La informaci\u00f3n no se compartir\u00e1 con terceros con fines de marketing o promoci\u00f3n.<\/span><span class=\"NormalTextRun SCXW123099110 BCX0\">, excepto cuando lo exija la ley. Vida ha implementado estrictos controles de acceso y auditor\u00edas peri\u00f3dicas para evitar la divulgaci\u00f3n no autorizada de datos.<\/span><span class=\"NormalTextRun SCXW123099110 BCX0\">compartiendo.<\/span><\/p>\t\t\t\t\t\t\t\t<\/div>\n\t\t\t\t<\/div>\n\t\t\t\t\t<\/div>\n\t\t<\/div>\n\t\t\t\t\t<\/div>\n\t\t<\/section>\n\t\t\t\t<\/div>","protected":false},"excerpt":{"rendered":"<p>Vida TEXT MESSAGING Patients\/clients\/residents will be given the following Vida Inc. Text Messaging Privacy Policy and Text Messaging Terms &amp; Conditions: PRIVACY POLICY Text message consent can only be given in person, at the center, and in writing. By checking the text message box on the intake form provided at the center, you are consenting [&hellip;]<\/p>\n","protected":false},"author":7,"featured_media":0,"parent":0,"menu_order":12,"comment_status":"closed","ping_status":"closed","template":"elementor_header_footer","meta":{"footnotes":""},"class_list":["post-605","page","type-page","status-publish","hentry"],"_links":{"self":[{"href":"https:\/\/vidasupportservices.org\/es\/wp-json\/wp\/v2\/pages\/605","targetHints":{"allow":["GET"]}}],"collection":[{"href":"https:\/\/vidasupportservices.org\/es\/wp-json\/wp\/v2\/pages"}],"about":[{"href":"https:\/\/vidasupportservices.org\/es\/wp-json\/wp\/v2\/types\/page"}],"author":[{"embeddable":true,"href":"https:\/\/vidasupportservices.org\/es\/wp-json\/wp\/v2\/users\/7"}],"replies":[{"embeddable":true,"href":"https:\/\/vidasupportservices.org\/es\/wp-json\/wp\/v2\/comments?post=605"}],"version-history":[{"count":18,"href":"https:\/\/vidasupportservices.org\/es\/wp-json\/wp\/v2\/pages\/605\/revisions"}],"predecessor-version":[{"id":4019,"href":"https:\/\/vidasupportservices.org\/es\/wp-json\/wp\/v2\/pages\/605\/revisions\/4019"}],"wp:attachment":[{"href":"https:\/\/vidasupportservices.org\/es\/wp-json\/wp\/v2\/media?parent=605"}],"curies":[{"name":"gracias","href":"https:\/\/api.w.org\/{rel}","templated":true}]}}